{"id":18380,"date":"2026-01-11T23:47:39","date_gmt":"2026-01-11T20:47:39","guid":{"rendered":"https:\/\/www.alperkaya.com.tr\/?page_id=18380"},"modified":"2026-01-12T00:15:27","modified_gmt":"2026-01-11T21:15:27","slug":"genel-norosirurji","status":"publish","type":"page","link":"https:\/\/www.alperkaya.com.tr\/en\/genel-norosirurji\/","title":{"rendered":"General Neurosurgery"},"content":{"rendered":"<div data-elementor-type=\"wp-page\" data-elementor-id=\"18380\" class=\"elementor elementor-18380\">\n\t\t\t\t\t\t<section class=\"elementor-section elementor-top-section elementor-element elementor-element-4017222 elementor-section-full_width scheme_dark elementor-section-height-min-height elementor-section-height-default elementor-section-items-middle sc_fly_static\" data-id=\"4017222\" data-element_type=\"section\" data-settings=\"{&quot;background_background&quot;:&quot;classic&quot;}\">\n\t\t\t\t\t\t\t<div class=\"elementor-background-overlay\"><\/div>\n\t\t\t\t\t\t\t<div class=\"elementor-container elementor-column-gap-extended\">\n\t\t\t\t\t<div class=\"elementor-column elementor-col-100 elementor-top-column elementor-element elementor-element-53f3977 sc_content_align_inherit sc_layouts_column_icons_position_left sc_fly_static\" data-id=\"53f3977\" data-element_type=\"column\">\n\t\t\t<div class=\"elementor-widget-wrap elementor-element-populated\">\n\t\t\t\t\t\t<div class=\"elementor-element elementor-element-451b79d sc_fly_static elementor-widget elementor-widget-spacer\" data-id=\"451b79d\" data-element_type=\"widget\" data-widget_type=\"spacer.default\">\n\t\t\t\t<div class=\"elementor-widget-container\">\n\t\t\t\t\t\t\t<div class=\"elementor-spacer\">\n\t\t\t<div class=\"elementor-spacer-inner\"><\/div>\n\t\t<\/div>\n\t\t\t\t\t\t<\/div>\n\t\t\t\t<\/div>\n\t\t\t\t<section class=\"elementor-section elementor-inner-section elementor-element elementor-element-39a3d68 elementor-section-boxed elementor-section-height-default elementor-section-height-default sc_fly_static\" data-id=\"39a3d68\" data-element_type=\"section\">\n\t\t\t\t\t\t<div class=\"elementor-container elementor-column-gap-extended\">\n\t\t\t\t\t<div class=\"elementor-column elementor-col-16 elementor-inner-column elementor-element elementor-element-e2db00e sc_content_align_inherit sc_layouts_column_icons_position_left sc_fly_static\" data-id=\"e2db00e\" data-element_type=\"column\">\n\t\t\t<div class=\"elementor-widget-wrap\">\n\t\t\t\t\t\t\t<\/div>\n\t\t<\/div>\n\t\t\t\t<div class=\"elementor-column elementor-col-66 elementor-inner-column elementor-element elementor-element-6faa6a0 sc_content_align_inherit sc_layouts_column_icons_position_left sc_fly_static\" data-id=\"6faa6a0\" data-element_type=\"column\">\n\t\t\t<div class=\"elementor-widget-wrap elementor-element-populated\">\n\t\t\t\t\t\t<div class=\"elementor-element elementor-element-c10d00d sc_fly_static elementor-widget elementor-widget-trx_sc_title\" data-id=\"c10d00d\" data-element_type=\"widget\" data-widget_type=\"trx_sc_title.default\">\n\t\t\t\t<div class=\"elementor-widget-container\">\n\t\t\t\t\t<div\t\tclass=\"sc_title color_style_dark sc_title_default\" ><span class=\"sc_item_subtitle sc_title_subtitle sc_align_center sc_item_subtitle_above sc_item_title_style_default\">Prof. Dr. Alper Kaya<\/span><h1 class=\"sc_item_title sc_title_title sc_align_center sc_item_title_style_default sc_item_title_tag\"\n\t\t\t><span class=\"sc_item_title_text\">General Neurosurgery<\/span><\/h1><\/div>\t\t\t\t<\/div>\n\t\t\t\t<\/div>\n\t\t\t\t\t<\/div>\n\t\t<\/div>\n\t\t\t\t<div class=\"elementor-column elementor-col-16 elementor-inner-column elementor-element elementor-element-7c0aaee sc_content_align_inherit sc_layouts_column_icons_position_left sc_fly_static\" data-id=\"7c0aaee\" data-element_type=\"column\">\n\t\t\t<div class=\"elementor-widget-wrap\">\n\t\t\t\t\t\t\t<\/div>\n\t\t<\/div>\n\t\t\t\t\t<\/div>\n\t\t<\/section>\n\t\t\t\t<div class=\"elementor-element elementor-element-6c22fbb sc_fly_static elementor-widget elementor-widget-spacer\" data-id=\"6c22fbb\" data-element_type=\"widget\" data-widget_type=\"spacer.default\">\n\t\t\t\t<div class=\"elementor-widget-container\">\n\t\t\t\t\t\t\t<div class=\"elementor-spacer\">\n\t\t\t<div class=\"elementor-spacer-inner\"><\/div>\n\t\t<\/div>\n\t\t\t\t\t\t<\/div>\n\t\t\t\t<\/div>\n\t\t\t\t\t<\/div>\n\t\t<\/div>\n\t\t\t\t\t<\/div>\n\t\t<\/section>\n\t\t\t\t<section class=\"elementor-section elementor-top-section elementor-element elementor-element-49686de elementor-section-height-min-height elementor-section-content-top elementor-section-items-top elementor-section-boxed elementor-section-height-default sc_fly_static\" data-id=\"49686de\" data-element_type=\"section\">\n\t\t\t\t\t\t<div class=\"elementor-container elementor-column-gap-extended\">\n\t\t\t\t\t<div class=\"elementor-column elementor-col-100 elementor-top-column elementor-element elementor-element-f1dbf11 sc_layouts_column_align_center sc_layouts_column sc_content_align_inherit sc_layouts_column_icons_position_left sc_fly_static\" data-id=\"f1dbf11\" data-element_type=\"column\">\n\t\t\t<div class=\"elementor-widget-wrap elementor-element-populated\">\n\t\t\t\t\t\t<div class=\"elementor-element elementor-element-b5f1be0 elementor-view-default sc_fly_static elementor-widget elementor-widget-icon\" data-id=\"b5f1be0\" data-element_type=\"widget\" data-widget_type=\"icon.default\">\n\t\t\t\t<div class=\"elementor-widget-container\">\n\t\t\t\t\t\t\t<div class=\"elementor-icon-wrapper\">\n\t\t\t<a class=\"elementor-icon\" href=\"#anchor\">\n\t\t\t<svg xmlns=\"http:\/\/www.w3.org\/2000\/svg\" width=\"14.626\" height=\"8.639\" viewbox=\"0 0 14.626 8.639\"><g id=\"down-arrow\" transform=\"translate(0 -70.698)\"><g id=\"Group_8820\" data-name=\"Group 8820\" transform=\"translate(0 100.698)\"><path id=\"Path_6507\" data-name=\"Path 6507\" d=\"M14.392,101.42l-.479-.482a.8.8,0,0,0-1.132,0L7.316,106.4l-5.472-5.472a.8.8,0,0,0-1.132,0l-.479.479a.8.8,0,0,0,0,1.131l6.515,6.538a.818.818,0,0,0,.567.257h0a.818.818,0,0,0,.566-.257l6.508-6.52a.808.808,0,0,0,.234-.571A.8.8,0,0,0,14.392,101.42Z\" transform=\"translate(0 -130.698)\"><\/path><\/g><\/g><\/svg>\t\t\t<\/a>\n\t\t<\/div>\n\t\t\t\t\t\t<\/div>\n\t\t\t\t<\/div>\n\t\t\t\t\t<\/div>\n\t\t<\/div>\n\t\t\t\t\t<\/div>\n\t\t<\/section>\n\t\t\t\t<section class=\"elementor-section elementor-top-section elementor-element elementor-element-07505bc elementor-section-boxed elementor-section-height-default elementor-section-height-default sc_fly_static\" data-id=\"07505bc\" data-element_type=\"section\">\n\t\t\t\t\t\t<div class=\"elementor-container elementor-column-gap-extended\">\n\t\t\t\t\t<div class=\"elementor-column elementor-col-100 elementor-top-column elementor-element elementor-element-e81588a sc_content_align_inherit sc_layouts_column_icons_position_left sc_fly_static\" data-id=\"e81588a\" data-element_type=\"column\">\n\t\t\t<div class=\"elementor-widget-wrap elementor-element-populated\">\n\t\t\t\t\t\t<div class=\"elementor-element elementor-element-b8db04c sc_fly_static elementor-widget elementor-widget-trx_sc_anchor\" data-id=\"b8db04c\" data-element_type=\"widget\" data-widget_type=\"trx_sc_anchor.default\">\n\t\t\t\t<div class=\"elementor-widget-container\">\n\t\t\t\t\t<a id=\"sc_anchor_anchor\"\ttitle=\"\"  class=\"sc_anchor sc_anchor_default\" data-vc-icon=\"\" data-url=\"\" ><\/a>\t\t\t\t<\/div>\n\t\t\t\t<\/div>\n\t\t\t\t<div class=\"elementor-element elementor-element-c75e150 sc_height_huge sc_fly_static elementor-widget elementor-widget-spacer\" data-id=\"c75e150\" data-element_type=\"widget\" data-widget_type=\"spacer.default\">\n\t\t\t\t<div class=\"elementor-widget-container\">\n\t\t\t\t\t\t\t<div class=\"elementor-spacer\">\n\t\t\t<div class=\"elementor-spacer-inner\"><\/div>\n\t\t<\/div>\n\t\t\t\t\t\t<\/div>\n\t\t\t\t<\/div>\n\t\t\t\t\t<\/div>\n\t\t<\/div>\n\t\t\t\t\t<\/div>\n\t\t<\/section>\n\t\t\t\t<section class=\"elementor-section elementor-top-section elementor-element elementor-element-c05ea22 scheme_default elementor-section-boxed elementor-section-height-default elementor-section-height-default sc_fly_static\" data-id=\"c05ea22\" data-element_type=\"section\" data-settings=\"{&quot;background_background&quot;:&quot;classic&quot;}\">\n\t\t\t\t\t\t<div class=\"elementor-container elementor-column-gap-extended\">\n\t\t\t\t\t<div class=\"elementor-column elementor-col-50 elementor-top-column elementor-element elementor-element-b9b9ce3 sc_content_align_inherit sc_layouts_column_icons_position_left sc_fly_static\" data-id=\"b9b9ce3\" data-element_type=\"column\">\n\t\t\t<div class=\"elementor-widget-wrap elementor-element-populated\">\n\t\t\t\t\t\t<section class=\"elementor-section elementor-inner-section elementor-element elementor-element-efa1ff2 elementor-section-boxed elementor-section-height-default elementor-section-height-default sc_fly_static\" data-id=\"efa1ff2\" data-element_type=\"section\">\n\t\t\t\t\t\t<div class=\"elementor-container elementor-column-gap-no\">\n\t\t\t\t\t<div class=\"elementor-column elementor-col-100 elementor-inner-column elementor-element elementor-element-174296f sc_content_align_inherit sc_layouts_column_icons_position_left sc_fly_static\" data-id=\"174296f\" data-element_type=\"column\">\n\t\t\t<div class=\"elementor-widget-wrap elementor-element-populated\">\n\t\t\t\t\t\t<div class=\"elementor-element elementor-element-4005259 no-title sc_fly_static elementor-widget elementor-widget-image\" data-id=\"4005259\" data-element_type=\"widget\" data-widget_type=\"image.default\">\n\t\t\t\t<div class=\"elementor-widget-container\">\n\t\t\t\t\t\t\t\t\t\t\t\t\t\t\t<img fetchpriority=\"high\" decoding=\"async\" width=\"1707\" height=\"2560\" src=\"https:\/\/www.alperkaya.com.tr\/wp-content\/uploads\/beyin-scaled.jpg\" class=\"attachment-full size-full wp-image-18394\" alt=\"\" srcset=\"https:\/\/www.alperkaya.com.tr\/wp-content\/uploads\/beyin-scaled.jpg 1707w, https:\/\/www.alperkaya.com.tr\/wp-content\/uploads\/beyin-333x500.jpg 333w, https:\/\/www.alperkaya.com.tr\/wp-content\/uploads\/beyin-683x1024.jpg 683w, https:\/\/www.alperkaya.com.tr\/wp-content\/uploads\/beyin-768x1152.jpg 768w, https:\/\/www.alperkaya.com.tr\/wp-content\/uploads\/beyin-1024x1536.jpg 1024w, https:\/\/www.alperkaya.com.tr\/wp-content\/uploads\/beyin-1365x2048.jpg 1365w, https:\/\/www.alperkaya.com.tr\/wp-content\/uploads\/beyin-8x12.jpg 8w, https:\/\/www.alperkaya.com.tr\/wp-content\/uploads\/beyin-370x555.jpg 370w, https:\/\/www.alperkaya.com.tr\/wp-content\/uploads\/beyin-840x1260.jpg 840w, https:\/\/www.alperkaya.com.tr\/wp-content\/uploads\/beyin-410x615.jpg 410w\" sizes=\"(max-width: 1707px) 100vw, 1707px\" \/>\t\t\t\t\t\t\t\t\t\t\t\t\t\t\t<\/div>\n\t\t\t\t<\/div>\n\t\t\t\t<div class=\"elementor-element elementor-element-983f687 no-title sc_fly_static elementor-widget elementor-widget-image\" data-id=\"983f687\" data-element_type=\"widget\" data-widget_type=\"image.default\">\n\t\t\t\t<div class=\"elementor-widget-container\">\n\t\t\t\t\t\t\t\t\t\t\t\t\t\t\t<img decoding=\"async\" width=\"1920\" height=\"2108\" src=\"https:\/\/www.alperkaya.com.tr\/wp-content\/uploads\/alper-kaya-01.jpg\" class=\"attachment-full size-full wp-image-18172\" alt=\"\" srcset=\"https:\/\/www.alperkaya.com.tr\/wp-content\/uploads\/alper-kaya-01.jpg 1920w, https:\/\/www.alperkaya.com.tr\/wp-content\/uploads\/alper-kaya-01-455x500.jpg 455w, https:\/\/www.alperkaya.com.tr\/wp-content\/uploads\/alper-kaya-01-933x1024.jpg 933w, https:\/\/www.alperkaya.com.tr\/wp-content\/uploads\/alper-kaya-01-768x843.jpg 768w, https:\/\/www.alperkaya.com.tr\/wp-content\/uploads\/alper-kaya-01-1399x1536.jpg 1399w, https:\/\/www.alperkaya.com.tr\/wp-content\/uploads\/alper-kaya-01-1865x2048.jpg 1865w, https:\/\/www.alperkaya.com.tr\/wp-content\/uploads\/alper-kaya-01-370x406.jpg 370w, https:\/\/www.alperkaya.com.tr\/wp-content\/uploads\/alper-kaya-01-840x922.jpg 840w, https:\/\/www.alperkaya.com.tr\/wp-content\/uploads\/alper-kaya-01-410x450.jpg 410w, https:\/\/www.alperkaya.com.tr\/wp-content\/uploads\/alper-kaya-01-600x659.jpg 600w, https:\/\/www.alperkaya.com.tr\/wp-content\/uploads\/elementor\/thumbs\/alper-kaya-01-rh88imw0xfmwshedjouoamwg7pqe7ymyypgtvglvnc.jpg 565w\" sizes=\"(max-width: 1920px) 100vw, 1920px\" \/>\t\t\t\t\t\t\t\t\t\t\t\t\t\t\t<\/div>\n\t\t\t\t<\/div>\n\t\t\t\t<div class=\"elementor-element elementor-element-b5a197f no-title sc_fly_static elementor-widget elementor-widget-image\" data-id=\"b5a197f\" data-element_type=\"widget\" data-widget_type=\"image.default\">\n\t\t\t\t<div class=\"elementor-widget-container\">\n\t\t\t\t\t\t\t\t\t\t\t\t\t\t\t<img decoding=\"async\" width=\"1500\" height=\"1000\" src=\"https:\/\/www.alperkaya.com.tr\/wp-content\/uploads\/brain.webp\" class=\"attachment-full size-full wp-image-18399\" alt=\"\" srcset=\"https:\/\/www.alperkaya.com.tr\/wp-content\/uploads\/brain.webp 1500w, https:\/\/www.alperkaya.com.tr\/wp-content\/uploads\/brain-500x333.webp 500w, https:\/\/www.alperkaya.com.tr\/wp-content\/uploads\/brain-1024x683.webp 1024w, https:\/\/www.alperkaya.com.tr\/wp-content\/uploads\/brain-768x512.webp 768w, https:\/\/www.alperkaya.com.tr\/wp-content\/uploads\/brain-18x12.webp 18w, https:\/\/www.alperkaya.com.tr\/wp-content\/uploads\/brain-370x247.webp 370w, https:\/\/www.alperkaya.com.tr\/wp-content\/uploads\/brain-840x560.webp 840w, https:\/\/www.alperkaya.com.tr\/wp-content\/uploads\/brain-410x273.webp 410w\" sizes=\"(max-width: 1500px) 100vw, 1500px\" \/>\t\t\t\t\t\t\t\t\t\t\t\t\t\t\t<\/div>\n\t\t\t\t<\/div>\n\t\t\t\t\t<\/div>\n\t\t<\/div>\n\t\t\t\t\t<\/div>\n\t\t<\/section>\n\t\t\t\t\t<\/div>\n\t\t<\/div>\n\t\t\t\t<div class=\"elementor-column elementor-col-50 elementor-top-column elementor-element elementor-element-2b63858 sc_content_align_inherit sc_layouts_column_icons_position_left sc_fly_static\" data-id=\"2b63858\" data-element_type=\"column\">\n\t\t\t<div class=\"elementor-widget-wrap elementor-element-populated\">\n\t\t\t\t\t\t<div class=\"elementor-element elementor-element-33bd403 sc_fly_static elementor-widget elementor-widget-trx_sc_title\" data-id=\"33bd403\" data-element_type=\"widget\" data-widget_type=\"trx_sc_title.default\">\n\t\t\t\t<div class=\"elementor-widget-container\">\n\t\t\t\t\t<div\t\tclass=\"sc_title sc_title_default\" ><h1 class=\"sc_item_title sc_title_title sc_item_title_style_default sc_item_title_tag\"\n\t\t\t><span class=\"sc_item_title_text\">General Neurosurgery<\/span><\/h1><\/div>\t\t\t\t<\/div>\n\t\t\t\t<\/div>\n\t\t\t\t<div class=\"elementor-element elementor-element-1b4b8b6 sc_fly_static elementor-widget elementor-widget-text-editor\" data-id=\"1b4b8b6\" data-element_type=\"widget\" data-widget_type=\"text-editor.default\">\n\t\t\t\t<div class=\"elementor-widget-container\">\n\t\t\t\t\t\t\t\t\t<p>General neurosurgery encompasses a broad process ranging from the diagnosis of diseases involving the brain, spinal cord, and peripheral nervous system to surgical decision-making, treatment, and long-term follow-up.<br \/>The aim of this approach is to:<br>\n\u2022\tFocus not only on imaging results but also on the patient\u2019s clinical presentation<br>\n\u2022\tConsider surgery as an option, and evaluate all alternatives before it becomes a necessity<br>\n\u2022\tAlways prioritize the preservation of neural tissue<\/p><p><strong>Conditions Evaluated Within This Scope<\/strong><\/p><ul><li>The main conditions evaluated within the field of general neurosurgery include: <br>\n\u2022\tBrain and spinal cord tumors <br>\n\u2022\tIntracranial masses and space-occupying lesions<br>\n\u2022\tHydrocephalus and increased intracranial pressure<br>\n\u2022\tTraumatic brain and spinal cord injuries<br>\n\u2022\tCervical and lumbar disc herniations<br>\n\u2022\tSpinal canal stenosis<br>\n\u2022\tSpinal fractures and structural disorders<br>\n\u2022\tPeripheral nerve compressions and nerve injuries<br>\nEach patient is evaluated not under a single heading, but within their own biological and neurological reality<\/li><li>-<\/li><\/ul><p>.<\/p><p><strong>Approach to Diagnosis<\/strong><\/p><p>In general neurosurgery, diagnosis does not rely on a single imaging study.<br>During the evaluation process<\/p><ul><li>Detailed neurological examination<\/li><li>Advanced imaging methods (MRI, CT)<\/li><li>The progression of clinical findings over time are considered together.<\/li><li><strong>Surgical Decision and Practice<\/strong><\/li><li>When surgery becomes a consideration, <strong>each surgical plan is created on an individualized basis<\/strong>. The aim is to:<\/li><li>Achieve the highest benefit with minimal intervention to neural tissue<\/li><li>Increase precision through microsurgical techniques<\/li><li>Preserve the patient\u2019s quality of life in the long term<\/li><\/ul><p>.<br \/><br \/><\/p><p><strong><strong>Follow-up and Continuity<\/strong><\/strong><\/p><p>A significant portion of general neurosurgical conditions are process-oriented rather than single-session treatments.<br \/>Therefore, after treatment:<\/p><ul><li>Detailed neurological examination<\/li><li>Imaging controls<\/li><li>Functional assessments<\/li><\/ul><p>should be maintained in a <strong>planned and regular manner<\/strong><\/p><p><span style=\"color: #ffffff\">.<\/span><\/p><ul><li><span style=\"color: #ffffff\">.<\/span><\/li><li><span style=\"color: #ffffff\">.<\/span><\/li><li><span style=\"color: #ffffff\">.<\/span><\/li><\/ul><p><strong><span style=\"color: #ffffff\">.<\/span><\/strong><\/p><p><span style=\"color: #ffffff\">.<\/span><br \/><span style=\"color: #ffffff\">.<\/span><\/p><ul><li><span style=\"color: #ffffff\">.<\/span><\/li><li><span style=\"color: #ffffff\">.<\/span><\/li><\/ul><p><span style=\"color: #ffffff\">.<\/span><\/p>\t\t\t\t\t\t\t\t<\/div>\n\t\t\t\t<\/div>\n\t\t\t\t<div class=\"elementor-element elementor-element-df342e1 sc_height_small sc_fly_static elementor-widget elementor-widget-spacer\" data-id=\"df342e1\" data-element_type=\"widget\" data-widget_type=\"spacer.default\">\n\t\t\t\t<div class=\"elementor-widget-container\">\n\t\t\t\t\t\t\t<div class=\"elementor-spacer\">\n\t\t\t<div class=\"elementor-spacer-inner\"><\/div>\n\t\t<\/div>\n\t\t\t\t\t\t<\/div>\n\t\t\t\t<\/div>\n\t\t\t\t\t<\/div>\n\t\t<\/div>\n\t\t\t\t\t<\/div>\n\t\t<\/section>\n\t\t\t\t<\/div>","protected":false},"excerpt":{"rendered":"<p>Prof. Dr. Alper Kaya Genel N\u00f6ro\u015fir\u00fcrji Genel N\u00f6ro\u015fir\u00fcrji Genel n\u00f6ro\u015fir\u00fcrji; beyin, omurilik ve periferik sinir sistemini ilgilendirenhastal\u0131klar\u0131n tan\u0131s\u0131ndan cerrahi karar a\u015famas\u0131na, tedaviden uzun d\u00f6nem takibe kadar uzanan geni\u015f bir s\u00fcreci&hellip;<\/p>","protected":false},"author":1,"featured_media":0,"parent":0,"menu_order":0,"comment_status":"closed","ping_status":"closed","template":"","meta":{"footnotes":""},"class_list":["post-18380","page","type-page","status-publish","hentry"],"_links":{"self":[{"href":"https:\/\/www.alperkaya.com.tr\/en\/wp-json\/wp\/v2\/pages\/18380","targetHints":{"allow":["GET"]}}],"collection":[{"href":"https:\/\/www.alperkaya.com.tr\/en\/wp-json\/wp\/v2\/pages"}],"about":[{"href":"https:\/\/www.alperkaya.com.tr\/en\/wp-json\/wp\/v2\/types\/page"}],"author":[{"embeddable":true,"href":"https:\/\/www.alperkaya.com.tr\/en\/wp-json\/wp\/v2\/users\/1"}],"replies":[{"embeddable":true,"href":"https:\/\/www.alperkaya.com.tr\/en\/wp-json\/wp\/v2\/comments?post=18380"}],"version-history":[{"count":16,"href":"https:\/\/www.alperkaya.com.tr\/en\/wp-json\/wp\/v2\/pages\/18380\/revisions"}],"predecessor-version":[{"id":18402,"href":"https:\/\/www.alperkaya.com.tr\/en\/wp-json\/wp\/v2\/pages\/18380\/revisions\/18402"}],"wp:attachment":[{"href":"https:\/\/www.alperkaya.com.tr\/en\/wp-json\/wp\/v2\/media?parent=18380"}],"curies":[{"name":"wp","href":"https:\/\/api.w.org\/{rel}","templated":true}]}}