{"id":18407,"date":"2026-01-12T02:29:01","date_gmt":"2026-01-11T23:29:01","guid":{"rendered":"https:\/\/www.alperkaya.com.tr\/?page_id=18407"},"modified":"2026-01-12T02:42:52","modified_gmt":"2026-01-11T23:42:52","slug":"beyin-ve-omurilik-tumorleri","status":"publish","type":"page","link":"https:\/\/www.alperkaya.com.tr\/en\/beyin-ve-omurilik-tumorleri\/","title":{"rendered":"Brain And Spinal Cord Tumors"},"content":{"rendered":"<div data-elementor-type=\"wp-page\" data-elementor-id=\"18407\" class=\"elementor elementor-18407\">\n\t\t\t\t\t\t<section class=\"elementor-section elementor-top-section elementor-element elementor-element-4017222 elementor-section-full_width scheme_dark elementor-section-height-min-height elementor-section-height-default elementor-section-items-middle sc_fly_static\" data-id=\"4017222\" data-element_type=\"section\" data-settings=\"{&quot;background_background&quot;:&quot;classic&quot;}\">\n\t\t\t\t\t\t\t<div class=\"elementor-background-overlay\"><\/div>\n\t\t\t\t\t\t\t<div class=\"elementor-container elementor-column-gap-extended\">\n\t\t\t\t\t<div class=\"elementor-column elementor-col-100 elementor-top-column elementor-element elementor-element-53f3977 sc_content_align_inherit sc_layouts_column_icons_position_left sc_fly_static\" data-id=\"53f3977\" data-element_type=\"column\">\n\t\t\t<div class=\"elementor-widget-wrap elementor-element-populated\">\n\t\t\t\t\t\t<div class=\"elementor-element elementor-element-451b79d sc_fly_static elementor-widget elementor-widget-spacer\" data-id=\"451b79d\" data-element_type=\"widget\" data-widget_type=\"spacer.default\">\n\t\t\t\t<div class=\"elementor-widget-container\">\n\t\t\t\t\t\t\t<div class=\"elementor-spacer\">\n\t\t\t<div class=\"elementor-spacer-inner\"><\/div>\n\t\t<\/div>\n\t\t\t\t\t\t<\/div>\n\t\t\t\t<\/div>\n\t\t\t\t<section class=\"elementor-section elementor-inner-section elementor-element elementor-element-39a3d68 elementor-section-boxed elementor-section-height-default elementor-section-height-default sc_fly_static\" data-id=\"39a3d68\" data-element_type=\"section\">\n\t\t\t\t\t\t<div class=\"elementor-container elementor-column-gap-extended\">\n\t\t\t\t\t<div class=\"elementor-column elementor-col-16 elementor-inner-column elementor-element elementor-element-e2db00e sc_content_align_inherit sc_layouts_column_icons_position_left sc_fly_static\" data-id=\"e2db00e\" data-element_type=\"column\">\n\t\t\t<div class=\"elementor-widget-wrap\">\n\t\t\t\t\t\t\t<\/div>\n\t\t<\/div>\n\t\t\t\t<div class=\"elementor-column elementor-col-66 elementor-inner-column elementor-element elementor-element-6faa6a0 sc_content_align_inherit sc_layouts_column_icons_position_left sc_fly_static\" data-id=\"6faa6a0\" data-element_type=\"column\">\n\t\t\t<div class=\"elementor-widget-wrap elementor-element-populated\">\n\t\t\t\t\t\t<div class=\"elementor-element elementor-element-c10d00d sc_fly_static elementor-widget elementor-widget-trx_sc_title\" data-id=\"c10d00d\" data-element_type=\"widget\" data-widget_type=\"trx_sc_title.default\">\n\t\t\t\t<div class=\"elementor-widget-container\">\n\t\t\t\t\t<div\t\tclass=\"sc_title color_style_dark sc_title_default\" ><span class=\"sc_item_subtitle sc_title_subtitle sc_align_center sc_item_subtitle_above sc_item_title_style_default\">Prof. Dr. Alper Kaya<\/span><h1 class=\"sc_item_title sc_title_title sc_align_center sc_item_title_style_default sc_item_title_tag\"\n\t\t\t><span class=\"sc_item_title_text\">Brain And Spinal Cord Tumors<\/span><\/h1><\/div>\t\t\t\t<\/div>\n\t\t\t\t<\/div>\n\t\t\t\t\t<\/div>\n\t\t<\/div>\n\t\t\t\t<div class=\"elementor-column elementor-col-16 elementor-inner-column elementor-element elementor-element-7c0aaee sc_content_align_inherit sc_layouts_column_icons_position_left sc_fly_static\" data-id=\"7c0aaee\" data-element_type=\"column\">\n\t\t\t<div class=\"elementor-widget-wrap\">\n\t\t\t\t\t\t\t<\/div>\n\t\t<\/div>\n\t\t\t\t\t<\/div>\n\t\t<\/section>\n\t\t\t\t<div class=\"elementor-element elementor-element-6c22fbb sc_fly_static elementor-widget elementor-widget-spacer\" data-id=\"6c22fbb\" data-element_type=\"widget\" data-widget_type=\"spacer.default\">\n\t\t\t\t<div class=\"elementor-widget-container\">\n\t\t\t\t\t\t\t<div class=\"elementor-spacer\">\n\t\t\t<div class=\"elementor-spacer-inner\"><\/div>\n\t\t<\/div>\n\t\t\t\t\t\t<\/div>\n\t\t\t\t<\/div>\n\t\t\t\t\t<\/div>\n\t\t<\/div>\n\t\t\t\t\t<\/div>\n\t\t<\/section>\n\t\t\t\t<section class=\"elementor-section elementor-top-section elementor-element elementor-element-49686de elementor-section-height-min-height elementor-section-content-top elementor-section-items-top elementor-section-boxed elementor-section-height-default sc_fly_static\" data-id=\"49686de\" data-element_type=\"section\">\n\t\t\t\t\t\t<div class=\"elementor-container elementor-column-gap-extended\">\n\t\t\t\t\t<div class=\"elementor-column elementor-col-100 elementor-top-column elementor-element elementor-element-f1dbf11 sc_layouts_column_align_center sc_layouts_column sc_content_align_inherit sc_layouts_column_icons_position_left sc_fly_static\" data-id=\"f1dbf11\" data-element_type=\"column\">\n\t\t\t<div class=\"elementor-widget-wrap elementor-element-populated\">\n\t\t\t\t\t\t<div class=\"elementor-element elementor-element-b5f1be0 elementor-view-default sc_fly_static elementor-widget elementor-widget-icon\" data-id=\"b5f1be0\" data-element_type=\"widget\" data-widget_type=\"icon.default\">\n\t\t\t\t<div class=\"elementor-widget-container\">\n\t\t\t\t\t\t\t<div class=\"elementor-icon-wrapper\">\n\t\t\t<a class=\"elementor-icon\" href=\"#anchor\">\n\t\t\t<svg xmlns=\"http:\/\/www.w3.org\/2000\/svg\" width=\"14.626\" height=\"8.639\" viewbox=\"0 0 14.626 8.639\"><g id=\"down-arrow\" transform=\"translate(0 -70.698)\"><g id=\"Group_8820\" data-name=\"Group 8820\" transform=\"translate(0 100.698)\"><path id=\"Path_6507\" data-name=\"Path 6507\" d=\"M14.392,101.42l-.479-.482a.8.8,0,0,0-1.132,0L7.316,106.4l-5.472-5.472a.8.8,0,0,0-1.132,0l-.479.479a.8.8,0,0,0,0,1.131l6.515,6.538a.818.818,0,0,0,.567.257h0a.818.818,0,0,0,.566-.257l6.508-6.52a.808.808,0,0,0,.234-.571A.8.8,0,0,0,14.392,101.42Z\" transform=\"translate(0 -130.698)\"><\/path><\/g><\/g><\/svg>\t\t\t<\/a>\n\t\t<\/div>\n\t\t\t\t\t\t<\/div>\n\t\t\t\t<\/div>\n\t\t\t\t\t<\/div>\n\t\t<\/div>\n\t\t\t\t\t<\/div>\n\t\t<\/section>\n\t\t\t\t<section class=\"elementor-section elementor-top-section elementor-element elementor-element-07505bc elementor-section-boxed elementor-section-height-default elementor-section-height-default sc_fly_static\" data-id=\"07505bc\" data-element_type=\"section\">\n\t\t\t\t\t\t<div class=\"elementor-container elementor-column-gap-extended\">\n\t\t\t\t\t<div class=\"elementor-column elementor-col-100 elementor-top-column elementor-element elementor-element-e81588a sc_content_align_inherit sc_layouts_column_icons_position_left sc_fly_static\" data-id=\"e81588a\" data-element_type=\"column\">\n\t\t\t<div class=\"elementor-widget-wrap elementor-element-populated\">\n\t\t\t\t\t\t<div class=\"elementor-element elementor-element-b8db04c sc_fly_static elementor-widget elementor-widget-trx_sc_anchor\" data-id=\"b8db04c\" data-element_type=\"widget\" data-widget_type=\"trx_sc_anchor.default\">\n\t\t\t\t<div class=\"elementor-widget-container\">\n\t\t\t\t\t<a id=\"sc_anchor_anchor\"\ttitle=\"\"  class=\"sc_anchor sc_anchor_default\" data-vc-icon=\"\" data-url=\"\" ><\/a>\t\t\t\t<\/div>\n\t\t\t\t<\/div>\n\t\t\t\t<div class=\"elementor-element elementor-element-c75e150 sc_height_huge sc_fly_static elementor-widget elementor-widget-spacer\" data-id=\"c75e150\" data-element_type=\"widget\" data-widget_type=\"spacer.default\">\n\t\t\t\t<div class=\"elementor-widget-container\">\n\t\t\t\t\t\t\t<div class=\"elementor-spacer\">\n\t\t\t<div class=\"elementor-spacer-inner\"><\/div>\n\t\t<\/div>\n\t\t\t\t\t\t<\/div>\n\t\t\t\t<\/div>\n\t\t\t\t\t<\/div>\n\t\t<\/div>\n\t\t\t\t\t<\/div>\n\t\t<\/section>\n\t\t\t\t<section class=\"elementor-section elementor-top-section elementor-element elementor-element-c05ea22 scheme_default elementor-section-boxed elementor-section-height-default elementor-section-height-default sc_fly_static\" data-id=\"c05ea22\" data-element_type=\"section\" data-settings=\"{&quot;background_background&quot;:&quot;classic&quot;}\">\n\t\t\t\t\t\t<div class=\"elementor-container elementor-column-gap-extended\">\n\t\t\t\t\t<div class=\"elementor-column elementor-col-50 elementor-top-column elementor-element elementor-element-b9b9ce3 sc_content_align_inherit sc_layouts_column_icons_position_left sc_fly_static\" data-id=\"b9b9ce3\" data-element_type=\"column\">\n\t\t\t<div class=\"elementor-widget-wrap elementor-element-populated\">\n\t\t\t\t\t\t<section class=\"elementor-section elementor-inner-section elementor-element elementor-element-efa1ff2 elementor-section-boxed elementor-section-height-default elementor-section-height-default sc_fly_static\" data-id=\"efa1ff2\" data-element_type=\"section\">\n\t\t\t\t\t\t<div class=\"elementor-container elementor-column-gap-no\">\n\t\t\t\t\t<div class=\"elementor-column elementor-col-100 elementor-inner-column elementor-element elementor-element-174296f sc_content_align_inherit sc_layouts_column_icons_position_left sc_fly_static\" data-id=\"174296f\" data-element_type=\"column\">\n\t\t\t<div class=\"elementor-widget-wrap elementor-element-populated\">\n\t\t\t\t\t\t<div class=\"elementor-element elementor-element-4005259 no-title sc_fly_static elementor-widget elementor-widget-image\" data-id=\"4005259\" data-element_type=\"widget\" data-widget_type=\"image.default\">\n\t\t\t\t<div class=\"elementor-widget-container\">\n\t\t\t\t\t\t\t\t\t\t\t\t\t\t\t<img fetchpriority=\"high\" decoding=\"async\" width=\"1260\" height=\"1100\" src=\"https:\/\/www.alperkaya.com.tr\/wp-content\/uploads\/Brain-and-pinal.jpg\" class=\"attachment-full size-full wp-image-18414\" alt=\"\" srcset=\"https:\/\/www.alperkaya.com.tr\/wp-content\/uploads\/Brain-and-pinal.jpg 1260w, https:\/\/www.alperkaya.com.tr\/wp-content\/uploads\/Brain-and-pinal-500x437.jpg 500w, https:\/\/www.alperkaya.com.tr\/wp-content\/uploads\/Brain-and-pinal-1024x894.jpg 1024w, https:\/\/www.alperkaya.com.tr\/wp-content\/uploads\/Brain-and-pinal-768x670.jpg 768w, https:\/\/www.alperkaya.com.tr\/wp-content\/uploads\/Brain-and-pinal-14x12.jpg 14w, https:\/\/www.alperkaya.com.tr\/wp-content\/uploads\/Brain-and-pinal-370x323.jpg 370w, https:\/\/www.alperkaya.com.tr\/wp-content\/uploads\/Brain-and-pinal-840x733.jpg 840w, https:\/\/www.alperkaya.com.tr\/wp-content\/uploads\/Brain-and-pinal-410x358.jpg 410w\" sizes=\"(max-width: 1260px) 100vw, 1260px\" \/>\t\t\t\t\t\t\t\t\t\t\t\t\t\t\t<\/div>\n\t\t\t\t<\/div>\n\t\t\t\t<div class=\"elementor-element elementor-element-983f687 no-title sc_fly_static elementor-widget elementor-widget-image\" data-id=\"983f687\" data-element_type=\"widget\" data-widget_type=\"image.default\">\n\t\t\t\t<div class=\"elementor-widget-container\">\n\t\t\t\t\t\t\t\t\t\t\t\t\t\t\t<img decoding=\"async\" width=\"1800\" height=\"1200\" src=\"https:\/\/www.alperkaya.com.tr\/wp-content\/uploads\/brain-tumors.webp\" class=\"attachment-full size-full wp-image-18416\" alt=\"\" srcset=\"https:\/\/www.alperkaya.com.tr\/wp-content\/uploads\/brain-tumors.webp 1800w, https:\/\/www.alperkaya.com.tr\/wp-content\/uploads\/brain-tumors-500x333.webp 500w, https:\/\/www.alperkaya.com.tr\/wp-content\/uploads\/brain-tumors-1024x683.webp 1024w, https:\/\/www.alperkaya.com.tr\/wp-content\/uploads\/brain-tumors-768x512.webp 768w, https:\/\/www.alperkaya.com.tr\/wp-content\/uploads\/brain-tumors-1536x1024.webp 1536w, https:\/\/www.alperkaya.com.tr\/wp-content\/uploads\/brain-tumors-18x12.webp 18w, https:\/\/www.alperkaya.com.tr\/wp-content\/uploads\/brain-tumors-370x247.webp 370w, https:\/\/www.alperkaya.com.tr\/wp-content\/uploads\/brain-tumors-840x560.webp 840w, https:\/\/www.alperkaya.com.tr\/wp-content\/uploads\/brain-tumors-410x273.webp 410w\" sizes=\"(max-width: 1800px) 100vw, 1800px\" \/>\t\t\t\t\t\t\t\t\t\t\t\t\t\t\t<\/div>\n\t\t\t\t<\/div>\n\t\t\t\t<div class=\"elementor-element elementor-element-b5a197f no-title sc_fly_static elementor-widget elementor-widget-image\" data-id=\"b5a197f\" data-element_type=\"widget\" data-widget_type=\"image.default\">\n\t\t\t\t<div class=\"elementor-widget-container\">\n\t\t\t\t\t\t\t\t\t\t\t\t\t\t\t<img decoding=\"async\" width=\"1500\" height=\"1000\" src=\"https:\/\/www.alperkaya.com.tr\/wp-content\/uploads\/brain.webp\" class=\"attachment-full size-full wp-image-18399\" alt=\"\" srcset=\"https:\/\/www.alperkaya.com.tr\/wp-content\/uploads\/brain.webp 1500w, https:\/\/www.alperkaya.com.tr\/wp-content\/uploads\/brain-500x333.webp 500w, https:\/\/www.alperkaya.com.tr\/wp-content\/uploads\/brain-1024x683.webp 1024w, https:\/\/www.alperkaya.com.tr\/wp-content\/uploads\/brain-768x512.webp 768w, https:\/\/www.alperkaya.com.tr\/wp-content\/uploads\/brain-18x12.webp 18w, https:\/\/www.alperkaya.com.tr\/wp-content\/uploads\/brain-370x247.webp 370w, https:\/\/www.alperkaya.com.tr\/wp-content\/uploads\/brain-840x560.webp 840w, https:\/\/www.alperkaya.com.tr\/wp-content\/uploads\/brain-410x273.webp 410w\" sizes=\"(max-width: 1500px) 100vw, 1500px\" \/>\t\t\t\t\t\t\t\t\t\t\t\t\t\t\t<\/div>\n\t\t\t\t<\/div>\n\t\t\t\t\t<\/div>\n\t\t<\/div>\n\t\t\t\t\t<\/div>\n\t\t<\/section>\n\t\t\t\t\t<\/div>\n\t\t<\/div>\n\t\t\t\t<div class=\"elementor-column elementor-col-50 elementor-top-column elementor-element elementor-element-2b63858 sc_content_align_inherit sc_layouts_column_icons_position_left sc_fly_static\" data-id=\"2b63858\" data-element_type=\"column\">\n\t\t\t<div class=\"elementor-widget-wrap elementor-element-populated\">\n\t\t\t\t\t\t<div class=\"elementor-element elementor-element-33bd403 sc_fly_static elementor-widget elementor-widget-trx_sc_title\" data-id=\"33bd403\" data-element_type=\"widget\" data-widget_type=\"trx_sc_title.default\">\n\t\t\t\t<div class=\"elementor-widget-container\">\n\t\t\t\t\t<div\t\tclass=\"sc_title sc_title_default\" ><h1 class=\"sc_item_title sc_title_title sc_item_title_style_default sc_item_title_tag\"\n\t\t\t><span class=\"sc_item_title_text\">Brain And Spinal Cord Tumors<\/span><\/h1><\/div>\t\t\t\t<\/div>\n\t\t\t\t<\/div>\n\t\t\t\t<div class=\"elementor-element elementor-element-1b4b8b6 sc_fly_static elementor-widget elementor-widget-text-editor\" data-id=\"1b4b8b6\" data-element_type=\"widget\" data-widget_type=\"text-editor.default\">\n\t\t\t\t<div class=\"elementor-widget-container\">\n\t\t\t\t\t\t\t\t\t<p><strong>Adult and pediatric brain and spinal cord tumors<\/strong> represent one of the most demanding fields of neurosurgery, requiring a high level of precision, experience, and a multidisciplinary approach. These conditions demand not only surgical expertise but also a <strong>treatment strategy tailored to the patient\u2019s age, tumor type, and neurological development<\/strong>.<\/p><p><strong><strong>What Are Brain and Spinal Cord Tumors?<\/strong><\/strong><\/p><p>Brain and spinal cord tumors are mass lesions located within the central nervous system and may be benign or malignant. Key factors influencing treatment planning include:<\/p><ul><li>Tumor location<\/li><li>Growth characteristics<\/li><li>Relationship with neural tissue<\/li><li>Patient\u2019s age and general health status<\/li><\/ul><p>Patient\u2019s age and general health status<\/p><p><strong><strong>Key Differences Between Adult and Pediatric Patients<\/strong><\/strong><\/p><p>In pediatric patients, brain and spinal cord tumors often exhibit biological behaviors different from those seen in adults. During childhood:<\/p><ul><li>The nervous system is still developing<\/li><li>ong-term neurological and cognitive outcomes become more critical<\/li><li>Growth and developmental factors must be carefully considered in treatment planning<\/li><\/ul><p>Therefore, pediatric cases require a <strong>distinct level of expertise and sensitivity<\/strong>, separate from adult tumor management.<\/p><p><strong><strong>Diagnostic and Evaluation Process<\/strong><\/strong><\/p><p>Diagnosis is not limited to imaging alone. The evaluation process includes:<\/p><ul><li>Detailed neurological examination<\/li><li>Magnetic Resonance Imaging (MRI)<\/li><li>Advanced diagnostic methods when necessary<\/li><li>Assessment of the clinical course over time<\/li><\/ul><p>The goal is to determine not only the presence of the tumor, but also its <strong>functional impact on the nervous system<\/strong>.<\/p><p><strong><strong>Surgical Approach and Treatment Principles<\/strong><\/strong><\/p><p>The primary surgical objectives in brain and spinal cord tumors are:<\/p><ul><li>Safe and maximal tumor removal when possible<\/li><li>Preservation of healthy neural tissue<\/li><li>Maintenance of neurological functions<\/li><\/ul><p>Microsurgical techniques, advanced surgical planning, and extensive experience play a central role in achieving these goals.<br>Surgical decisions are made on an <strong>individualized basis<\/strong>, taking into account:<br><li>Tumor type and location<\/li>\n \t<li>Patient\u2019s age<\/li>\n \t<li>Neurological status<\/li><\/p><p><strong><strong>Post-Treatment Follow-up<\/strong> <br>Brain and spinal cord tumors require close and long-term follow-up after treatment. Postoperative care includes:<\/strong><\/p><ul><li>Clinical evaluations<\/li><li>Radiological monitoring<\/li><li>Patient\u2019s age<\/li><li><li style=\"list-style-type: none\"><\/li><\/ul><p>within a structured long-term follow-up plan.<\/p><p><strong><li style=\"list-style-type: none\"><\/strong><\/p><p><li style=\"list-style-type: none\"><\/p><ul><li><li style=\"list-style-type: none\"><\/li><li><li style=\"list-style-type: none\"><\/li><li><li style=\"list-style-type: none\"><\/li><\/ul><p><li style=\"list-style-type: none\"><\/p>\t\t\t\t\t\t\t\t<\/div>\n\t\t\t\t<\/div>\n\t\t\t\t<div class=\"elementor-element elementor-element-df342e1 sc_height_small sc_fly_static elementor-widget elementor-widget-spacer\" data-id=\"df342e1\" data-element_type=\"widget\" data-widget_type=\"spacer.default\">\n\t\t\t\t<div class=\"elementor-widget-container\">\n\t\t\t\t\t\t\t<div class=\"elementor-spacer\">\n\t\t\t<div class=\"elementor-spacer-inner\"><\/div>\n\t\t<\/div>\n\t\t\t\t\t\t<\/div>\n\t\t\t\t<\/div>\n\t\t\t\t\t<\/div>\n\t\t<\/div>\n\t\t\t\t\t<\/div>\n\t\t<\/section>\n\t\t\t\t<\/div>","protected":false},"excerpt":{"rendered":"<p>Prof. Dr. Alper Kaya Beyin Ve Omurilik T\u00fcm\u00f6rleri Beyin Ve Omurilik T\u00fcm\u00f6rleri Eri\u015fkin ve pediatrik beyin ve omurilik t\u00fcm\u00f6rleri, n\u00f6ro\u015fir\u00fcrjinin en y\u00fcksek dikkat, deneyim ve multidisipliner yakla\u015f\u0131m gerektiren alanlar\u0131ndan biridir.&hellip;<\/p>","protected":false},"author":1,"featured_media":0,"parent":0,"menu_order":0,"comment_status":"closed","ping_status":"closed","template":"","meta":{"footnotes":""},"class_list":["post-18407","page","type-page","status-publish","hentry"],"_links":{"self":[{"href":"https:\/\/www.alperkaya.com.tr\/en\/wp-json\/wp\/v2\/pages\/18407","targetHints":{"allow":["GET"]}}],"collection":[{"href":"https:\/\/www.alperkaya.com.tr\/en\/wp-json\/wp\/v2\/pages"}],"about":[{"href":"https:\/\/www.alperkaya.com.tr\/en\/wp-json\/wp\/v2\/types\/page"}],"author":[{"embeddable":true,"href":"https:\/\/www.alperkaya.com.tr\/en\/wp-json\/wp\/v2\/users\/1"}],"replies":[{"embeddable":true,"href":"https:\/\/www.alperkaya.com.tr\/en\/wp-json\/wp\/v2\/comments?post=18407"}],"version-history":[{"count":7,"href":"https:\/\/www.alperkaya.com.tr\/en\/wp-json\/wp\/v2\/pages\/18407\/revisions"}],"predecessor-version":[{"id":18419,"href":"https:\/\/www.alperkaya.com.tr\/en\/wp-json\/wp\/v2\/pages\/18407\/revisions\/18419"}],"wp:attachment":[{"href":"https:\/\/www.alperkaya.com.tr\/en\/wp-json\/wp\/v2\/media?parent=18407"}],"curies":[{"name":"wp","href":"https:\/\/api.w.org\/{rel}","templated":true}]}}