{"id":18450,"date":"2026-01-12T11:24:39","date_gmt":"2026-01-12T08:24:39","guid":{"rendered":"https:\/\/www.alperkaya.com.tr\/?page_id=18450"},"modified":"2026-01-26T01:00:47","modified_gmt":"2026-01-25T22:00:47","slug":"omurga-tumorleri","status":"publish","type":"page","link":"https:\/\/www.alperkaya.com.tr\/en\/omurga-tumorleri\/","title":{"rendered":"Spinal Tumors"},"content":{"rendered":"<div data-elementor-type=\"wp-page\" data-elementor-id=\"18450\" class=\"elementor elementor-18450\">\n\t\t\t\t\t\t<section class=\"elementor-section elementor-top-section elementor-element elementor-element-4017222 elementor-section-full_width scheme_dark elementor-section-height-min-height elementor-section-height-default elementor-section-items-middle sc_fly_static\" data-id=\"4017222\" data-element_type=\"section\" data-settings=\"{&quot;background_background&quot;:&quot;classic&quot;}\">\n\t\t\t\t\t\t\t<div class=\"elementor-background-overlay\"><\/div>\n\t\t\t\t\t\t\t<div class=\"elementor-container elementor-column-gap-extended\">\n\t\t\t\t\t<div class=\"elementor-column elementor-col-100 elementor-top-column elementor-element elementor-element-53f3977 sc_content_align_inherit sc_layouts_column_icons_position_left sc_fly_static\" data-id=\"53f3977\" data-element_type=\"column\">\n\t\t\t<div class=\"elementor-widget-wrap elementor-element-populated\">\n\t\t\t\t\t\t<div class=\"elementor-element elementor-element-451b79d sc_fly_static elementor-widget elementor-widget-spacer\" data-id=\"451b79d\" data-element_type=\"widget\" data-widget_type=\"spacer.default\">\n\t\t\t\t<div class=\"elementor-widget-container\">\n\t\t\t\t\t\t\t<div class=\"elementor-spacer\">\n\t\t\t<div class=\"elementor-spacer-inner\"><\/div>\n\t\t<\/div>\n\t\t\t\t\t\t<\/div>\n\t\t\t\t<\/div>\n\t\t\t\t<section class=\"elementor-section elementor-inner-section elementor-element elementor-element-39a3d68 elementor-section-boxed elementor-section-height-default elementor-section-height-default sc_fly_static\" data-id=\"39a3d68\" data-element_type=\"section\">\n\t\t\t\t\t\t<div class=\"elementor-container elementor-column-gap-extended\">\n\t\t\t\t\t<div class=\"elementor-column elementor-col-16 elementor-inner-column elementor-element elementor-element-e2db00e sc_content_align_inherit sc_layouts_column_icons_position_left sc_fly_static\" data-id=\"e2db00e\" data-element_type=\"column\">\n\t\t\t<div class=\"elementor-widget-wrap\">\n\t\t\t\t\t\t\t<\/div>\n\t\t<\/div>\n\t\t\t\t<div class=\"elementor-column elementor-col-66 elementor-inner-column elementor-element elementor-element-6faa6a0 sc_content_align_inherit sc_layouts_column_icons_position_left sc_fly_static\" data-id=\"6faa6a0\" data-element_type=\"column\">\n\t\t\t<div class=\"elementor-widget-wrap elementor-element-populated\">\n\t\t\t\t\t\t<div class=\"elementor-element elementor-element-c10d00d sc_fly_static elementor-widget elementor-widget-trx_sc_title\" data-id=\"c10d00d\" data-element_type=\"widget\" data-widget_type=\"trx_sc_title.default\">\n\t\t\t\t<div class=\"elementor-widget-container\">\n\t\t\t\t\t<div\t\tclass=\"sc_title color_style_dark sc_title_default\" ><span class=\"sc_item_subtitle sc_title_subtitle sc_align_center sc_item_subtitle_above sc_item_title_style_default\">Prof. Dr. Alper Kaya<\/span><h1 class=\"sc_item_title sc_title_title sc_align_center sc_item_title_style_default sc_item_title_tag\"\n\t\t\t><span class=\"sc_item_title_text\">Spinal Tumors<\/span><\/h1><\/div>\t\t\t\t<\/div>\n\t\t\t\t<\/div>\n\t\t\t\t\t<\/div>\n\t\t<\/div>\n\t\t\t\t<div class=\"elementor-column elementor-col-16 elementor-inner-column elementor-element elementor-element-7c0aaee sc_content_align_inherit sc_layouts_column_icons_position_left sc_fly_static\" data-id=\"7c0aaee\" data-element_type=\"column\">\n\t\t\t<div class=\"elementor-widget-wrap\">\n\t\t\t\t\t\t\t<\/div>\n\t\t<\/div>\n\t\t\t\t\t<\/div>\n\t\t<\/section>\n\t\t\t\t<div class=\"elementor-element elementor-element-6c22fbb sc_fly_static elementor-widget elementor-widget-spacer\" data-id=\"6c22fbb\" data-element_type=\"widget\" data-widget_type=\"spacer.default\">\n\t\t\t\t<div class=\"elementor-widget-container\">\n\t\t\t\t\t\t\t<div class=\"elementor-spacer\">\n\t\t\t<div class=\"elementor-spacer-inner\"><\/div>\n\t\t<\/div>\n\t\t\t\t\t\t<\/div>\n\t\t\t\t<\/div>\n\t\t\t\t\t<\/div>\n\t\t<\/div>\n\t\t\t\t\t<\/div>\n\t\t<\/section>\n\t\t\t\t<section class=\"elementor-section elementor-top-section elementor-element elementor-element-49686de elementor-section-height-min-height elementor-section-content-top elementor-section-items-top elementor-section-boxed elementor-section-height-default sc_fly_static\" data-id=\"49686de\" data-element_type=\"section\">\n\t\t\t\t\t\t<div class=\"elementor-container elementor-column-gap-extended\">\n\t\t\t\t\t<div class=\"elementor-column elementor-col-100 elementor-top-column elementor-element elementor-element-f1dbf11 sc_layouts_column_align_center sc_layouts_column sc_content_align_inherit sc_layouts_column_icons_position_left sc_fly_static\" data-id=\"f1dbf11\" data-element_type=\"column\">\n\t\t\t<div class=\"elementor-widget-wrap elementor-element-populated\">\n\t\t\t\t\t\t<div class=\"elementor-element elementor-element-b5f1be0 elementor-view-default sc_fly_static elementor-widget elementor-widget-icon\" data-id=\"b5f1be0\" data-element_type=\"widget\" data-widget_type=\"icon.default\">\n\t\t\t\t<div class=\"elementor-widget-container\">\n\t\t\t\t\t\t\t<div class=\"elementor-icon-wrapper\">\n\t\t\t<a class=\"elementor-icon\" href=\"#anchor\">\n\t\t\t<svg xmlns=\"http:\/\/www.w3.org\/2000\/svg\" width=\"14.626\" height=\"8.639\" viewbox=\"0 0 14.626 8.639\"><g id=\"down-arrow\" transform=\"translate(0 -70.698)\"><g id=\"Group_8820\" data-name=\"Group 8820\" transform=\"translate(0 100.698)\"><path id=\"Path_6507\" data-name=\"Path 6507\" d=\"M14.392,101.42l-.479-.482a.8.8,0,0,0-1.132,0L7.316,106.4l-5.472-5.472a.8.8,0,0,0-1.132,0l-.479.479a.8.8,0,0,0,0,1.131l6.515,6.538a.818.818,0,0,0,.567.257h0a.818.818,0,0,0,.566-.257l6.508-6.52a.808.808,0,0,0,.234-.571A.8.8,0,0,0,14.392,101.42Z\" transform=\"translate(0 -130.698)\"><\/path><\/g><\/g><\/svg>\t\t\t<\/a>\n\t\t<\/div>\n\t\t\t\t\t\t<\/div>\n\t\t\t\t<\/div>\n\t\t\t\t\t<\/div>\n\t\t<\/div>\n\t\t\t\t\t<\/div>\n\t\t<\/section>\n\t\t\t\t<section class=\"elementor-section elementor-top-section elementor-element elementor-element-07505bc elementor-section-boxed elementor-section-height-default elementor-section-height-default sc_fly_static\" data-id=\"07505bc\" data-element_type=\"section\">\n\t\t\t\t\t\t<div class=\"elementor-container elementor-column-gap-extended\">\n\t\t\t\t\t<div class=\"elementor-column elementor-col-100 elementor-top-column elementor-element elementor-element-e81588a sc_content_align_inherit sc_layouts_column_icons_position_left sc_fly_static\" data-id=\"e81588a\" data-element_type=\"column\">\n\t\t\t<div class=\"elementor-widget-wrap elementor-element-populated\">\n\t\t\t\t\t\t<div class=\"elementor-element elementor-element-b8db04c sc_fly_static elementor-widget elementor-widget-trx_sc_anchor\" data-id=\"b8db04c\" data-element_type=\"widget\" data-widget_type=\"trx_sc_anchor.default\">\n\t\t\t\t<div class=\"elementor-widget-container\">\n\t\t\t\t\t<a id=\"sc_anchor_anchor\"\ttitle=\"\"  class=\"sc_anchor sc_anchor_default\" data-vc-icon=\"\" data-url=\"\" ><\/a>\t\t\t\t<\/div>\n\t\t\t\t<\/div>\n\t\t\t\t<div class=\"elementor-element elementor-element-c75e150 sc_height_huge sc_fly_static elementor-widget elementor-widget-spacer\" data-id=\"c75e150\" data-element_type=\"widget\" data-widget_type=\"spacer.default\">\n\t\t\t\t<div class=\"elementor-widget-container\">\n\t\t\t\t\t\t\t<div class=\"elementor-spacer\">\n\t\t\t<div class=\"elementor-spacer-inner\"><\/div>\n\t\t<\/div>\n\t\t\t\t\t\t<\/div>\n\t\t\t\t<\/div>\n\t\t\t\t\t<\/div>\n\t\t<\/div>\n\t\t\t\t\t<\/div>\n\t\t<\/section>\n\t\t\t\t<section class=\"elementor-section elementor-top-section elementor-element elementor-element-c05ea22 scheme_default elementor-section-boxed elementor-section-height-default elementor-section-height-default sc_fly_static\" data-id=\"c05ea22\" data-element_type=\"section\" data-settings=\"{&quot;background_background&quot;:&quot;classic&quot;}\">\n\t\t\t\t\t\t<div class=\"elementor-container elementor-column-gap-extended\">\n\t\t\t\t\t<div class=\"elementor-column elementor-col-50 elementor-top-column elementor-element elementor-element-b9b9ce3 sc_content_align_inherit sc_layouts_column_icons_position_left sc_fly_static\" data-id=\"b9b9ce3\" data-element_type=\"column\">\n\t\t\t<div class=\"elementor-widget-wrap elementor-element-populated\">\n\t\t\t\t\t\t<section class=\"elementor-section elementor-inner-section elementor-element elementor-element-efa1ff2 elementor-section-boxed elementor-section-height-default elementor-section-height-default sc_fly_static\" data-id=\"efa1ff2\" data-element_type=\"section\">\n\t\t\t\t\t\t<div class=\"elementor-container elementor-column-gap-no\">\n\t\t\t\t\t<div class=\"elementor-column elementor-col-100 elementor-inner-column elementor-element elementor-element-174296f sc_content_align_inherit sc_layouts_column_icons_position_left sc_fly_static\" data-id=\"174296f\" data-element_type=\"column\">\n\t\t\t<div class=\"elementor-widget-wrap elementor-element-populated\">\n\t\t\t\t\t\t<div class=\"elementor-element elementor-element-983f687 no-title sc_fly_static elementor-widget elementor-widget-image\" data-id=\"983f687\" data-element_type=\"widget\" data-widget_type=\"image.default\">\n\t\t\t\t<div class=\"elementor-widget-container\">\n\t\t\t\t\t\t\t\t\t\t\t\t\t\t\t<img fetchpriority=\"high\" decoding=\"async\" width=\"2048\" height=\"1260\" src=\"https:\/\/www.alperkaya.com.tr\/wp-content\/uploads\/spinal2.webp\" class=\"attachment-full size-full wp-image-18454\" alt=\"\" srcset=\"https:\/\/www.alperkaya.com.tr\/wp-content\/uploads\/spinal2.webp 2048w, https:\/\/www.alperkaya.com.tr\/wp-content\/uploads\/spinal2-500x308.webp 500w, https:\/\/www.alperkaya.com.tr\/wp-content\/uploads\/spinal2-1024x630.webp 1024w, https:\/\/www.alperkaya.com.tr\/wp-content\/uploads\/spinal2-768x473.webp 768w, https:\/\/www.alperkaya.com.tr\/wp-content\/uploads\/spinal2-1536x945.webp 1536w, https:\/\/www.alperkaya.com.tr\/wp-content\/uploads\/spinal2-18x12.webp 18w, https:\/\/www.alperkaya.com.tr\/wp-content\/uploads\/spinal2-370x228.webp 370w, https:\/\/www.alperkaya.com.tr\/wp-content\/uploads\/spinal2-840x517.webp 840w, https:\/\/www.alperkaya.com.tr\/wp-content\/uploads\/spinal2-410x252.webp 410w\" sizes=\"(max-width: 2048px) 100vw, 2048px\" \/>\t\t\t\t\t\t\t\t\t\t\t\t\t\t\t<\/div>\n\t\t\t\t<\/div>\n\t\t\t\t<div class=\"elementor-element elementor-element-b0c6a13 no-title sc_fly_static elementor-widget elementor-widget-image\" data-id=\"b0c6a13\" data-element_type=\"widget\" data-widget_type=\"image.default\">\n\t\t\t\t<div class=\"elementor-widget-container\">\n\t\t\t\t\t\t\t\t\t\t\t\t\t\t\t<img decoding=\"async\" width=\"850\" height=\"480\" src=\"https:\/\/www.alperkaya.com.tr\/wp-content\/uploads\/Spine.jpg\" class=\"attachment-full size-full wp-image-18455\" alt=\"\" srcset=\"https:\/\/www.alperkaya.com.tr\/wp-content\/uploads\/Spine.jpg 850w, https:\/\/www.alperkaya.com.tr\/wp-content\/uploads\/Spine-500x282.jpg 500w, https:\/\/www.alperkaya.com.tr\/wp-content\/uploads\/Spine-768x434.jpg 768w, https:\/\/www.alperkaya.com.tr\/wp-content\/uploads\/Spine-18x10.jpg 18w, https:\/\/www.alperkaya.com.tr\/wp-content\/uploads\/Spine-370x209.jpg 370w, https:\/\/www.alperkaya.com.tr\/wp-content\/uploads\/Spine-840x474.jpg 840w, https:\/\/www.alperkaya.com.tr\/wp-content\/uploads\/Spine-410x232.jpg 410w, https:\/\/www.alperkaya.com.tr\/wp-content\/uploads\/Spine-270x152.jpg 270w\" sizes=\"(max-width: 850px) 100vw, 850px\" \/>\t\t\t\t\t\t\t\t\t\t\t\t\t\t\t<\/div>\n\t\t\t\t<\/div>\n\t\t\t\t<div class=\"elementor-element elementor-element-e1c40ed no-title sc_fly_static elementor-widget elementor-widget-image\" data-id=\"e1c40ed\" data-element_type=\"widget\" data-widget_type=\"image.default\">\n\t\t\t\t<div class=\"elementor-widget-container\">\n\t\t\t\t\t\t\t\t\t\t\t\t\t\t\t<img decoding=\"async\" width=\"1024\" height=\"576\" src=\"https:\/\/www.alperkaya.com.tr\/wp-content\/uploads\/spine2.png\" class=\"attachment-full size-full wp-image-18459\" alt=\"\" srcset=\"https:\/\/www.alperkaya.com.tr\/wp-content\/uploads\/spine2.png 1024w, https:\/\/www.alperkaya.com.tr\/wp-content\/uploads\/spine2-500x281.png 500w, https:\/\/www.alperkaya.com.tr\/wp-content\/uploads\/spine2-768x432.png 768w, https:\/\/www.alperkaya.com.tr\/wp-content\/uploads\/spine2-18x10.png 18w, https:\/\/www.alperkaya.com.tr\/wp-content\/uploads\/spine2-370x208.png 370w, https:\/\/www.alperkaya.com.tr\/wp-content\/uploads\/spine2-840x473.png 840w, https:\/\/www.alperkaya.com.tr\/wp-content\/uploads\/spine2-410x231.png 410w, https:\/\/www.alperkaya.com.tr\/wp-content\/uploads\/spine2-270x152.png 270w\" sizes=\"(max-width: 1024px) 100vw, 1024px\" \/>\t\t\t\t\t\t\t\t\t\t\t\t\t\t\t<\/div>\n\t\t\t\t<\/div>\n\t\t\t\t\t<\/div>\n\t\t<\/div>\n\t\t\t\t\t<\/div>\n\t\t<\/section>\n\t\t\t\t\t<\/div>\n\t\t<\/div>\n\t\t\t\t<div class=\"elementor-column elementor-col-50 elementor-top-column elementor-element elementor-element-2b63858 sc_content_align_inherit sc_layouts_column_icons_position_left sc_fly_static\" data-id=\"2b63858\" data-element_type=\"column\">\n\t\t\t<div class=\"elementor-widget-wrap elementor-element-populated\">\n\t\t\t\t\t\t<div class=\"elementor-element elementor-element-33bd403 sc_fly_static elementor-widget elementor-widget-trx_sc_title\" data-id=\"33bd403\" data-element_type=\"widget\" data-widget_type=\"trx_sc_title.default\">\n\t\t\t\t<div class=\"elementor-widget-container\">\n\t\t\t\t\t<div\t\tclass=\"sc_title sc_title_default\" ><h1 class=\"sc_item_title sc_title_title sc_item_title_style_default sc_item_title_tag\"\n\t\t\t><span class=\"sc_item_title_text\">Spinal Tumors<\/span><\/h1><\/div>\t\t\t\t<\/div>\n\t\t\t\t<\/div>\n\t\t\t\t<div class=\"elementor-element elementor-element-1b4b8b6 sc_fly_static elementor-widget elementor-widget-text-editor\" data-id=\"1b4b8b6\" data-element_type=\"widget\" data-widget_type=\"text-editor.default\">\n\t\t\t\t<div class=\"elementor-widget-container\">\n\t\t\t\t\t\t\t\t\t<p>one of the key areas of expertise of Prof. Dr. Alper Kaya, are neurosurgical conditions that require a high level of precision and experience due to their close relationship with the spinal cord and spinal structures. These tumors are evaluated not only by their mass effect but also by their potential impact on neurological functions.<\/p><p><strong><strong>What Are Spinal Tumors?<\/strong><\/strong><\/p><p class=\"translation-block\">Spinal tumors are lesions that may arise from the vertebral bones, spinal cord, spinal membranes, or surrounding soft tissues. They may be:<\/p><ul><li>Benign or malignant<\/li><li>Intramedullary (within the spinal cord)<\/li><li>Originating from vertebral structures<\/li><li>Omurga kemiklerinden k\u00f6ken alan yap\u0131larda yerle\u015febilir<\/li><\/ul><p>The location of the tumor directly influences symptoms and treatment strategies.<\/p><p><strong>.<\/strong><\/p><p>Symptoms of spinal tumors often progress gradually and insidiously. Common findings include:<\/p><ul><li>Neck, back, or lower back pain<\/li><li>Kollarda veya bacaklarda uyu\u015fma, kar\u0131ncalanma<\/li><li>Muscle weakness<\/li><li>In advanced cases, bladder and bowel dysfunction<\/li><li>\u0130leri olgularda idrar ve d\u0131\u015fk\u0131 kontrol\u00fcnde sorunlar<\/li><\/ul><p>These symptoms are usually related to increasing pressure on the spinal cord or nerve roots.<\/p><p><strong>Diagnostic Evaluation<\/strong><\/p><p>Diagnosis is not based solely on imaging. The evaluation process includes:<\/p><ul><li>Detailed neurological examination<\/li><li>Magnetic Resonance Imaging (MRI)<\/li><li>Computed Tomography (CT) and advanced studies when necessary<\/li><li>Assessment of the rate of clinical progression<\/li><\/ul><p>The goal is to accurately define the type, extent, and relationship of the tumor to neural structures.<\/p><p><strong>Surgical Treatment and Approach<\/strong><\/p><p>The primary objectives of surgical treatment for spinal tumors are:<\/p><ul><li>Relief of pressure on the spinal cord and nerve structures<\/li><li>Safe removal of the tumor within appropriate limits<\/li><li>Preservation or restoration of spinal stability<\/li><\/ul><p>Microsurgical techniques, advanced surgical planning, and spinal stabilization methods are evaluated together. Each surgical decision is made on an individualized basis, tailored to both the patient and the tumor.<\/p><p><strong><li style=\"list-style-type: none\"><\/strong><\/p><p><strong>Post-Treatment Follow-up<\/strong><\/p><ul><li>Neurological examinations<\/li><li>Regular radiological follow-up<\/li><li><li style=\"list-style-type: none\"><\/li><\/ul><p>The goal is to maintain neurological function and ensure long-term disease control.<\/p>\t\t\t\t\t\t\t\t<\/div>\n\t\t\t\t<\/div>\n\t\t\t\t<div class=\"elementor-element elementor-element-df342e1 sc_height_small sc_fly_static elementor-widget elementor-widget-spacer\" data-id=\"df342e1\" data-element_type=\"widget\" data-widget_type=\"spacer.default\">\n\t\t\t\t<div class=\"elementor-widget-container\">\n\t\t\t\t\t\t\t<div class=\"elementor-spacer\">\n\t\t\t<div class=\"elementor-spacer-inner\"><\/div>\n\t\t<\/div>\n\t\t\t\t\t\t<\/div>\n\t\t\t\t<\/div>\n\t\t\t\t\t<\/div>\n\t\t<\/div>\n\t\t\t\t\t<\/div>\n\t\t<\/section>\n\t\t\t\t<\/div>","protected":false},"excerpt":{"rendered":"<p>Prof. Dr. Alper Kaya Omurga T\u00fcm\u00f6rleri Omurga T\u00fcm\u00f6rleri omurilik ve omurga yap\u0131lar\u0131yla yak\u0131n ili\u015fkisi nedeniyle y\u00fcksek hassasiyet ve deneyim gerektiren n\u00f6ro\u015fir\u00fcrjik hastal\u0131klard\u0131r. Bu t\u00fcm\u00f6rler, yaln\u0131zca kitle varl\u0131\u011f\u0131yla de\u011fil; sinir dokusu&hellip;<\/p>","protected":false},"author":1,"featured_media":0,"parent":0,"menu_order":0,"comment_status":"closed","ping_status":"closed","template":"","meta":{"footnotes":""},"class_list":["post-18450","page","type-page","status-publish","hentry"],"_links":{"self":[{"href":"https:\/\/www.alperkaya.com.tr\/en\/wp-json\/wp\/v2\/pages\/18450","targetHints":{"allow":["GET"]}}],"collection":[{"href":"https:\/\/www.alperkaya.com.tr\/en\/wp-json\/wp\/v2\/pages"}],"about":[{"href":"https:\/\/www.alperkaya.com.tr\/en\/wp-json\/wp\/v2\/types\/page"}],"author":[{"embeddable":true,"href":"https:\/\/www.alperkaya.com.tr\/en\/wp-json\/wp\/v2\/users\/1"}],"replies":[{"embeddable":true,"href":"https:\/\/www.alperkaya.com.tr\/en\/wp-json\/wp\/v2\/comments?post=18450"}],"version-history":[{"count":10,"href":"https:\/\/www.alperkaya.com.tr\/en\/wp-json\/wp\/v2\/pages\/18450\/revisions"}],"predecessor-version":[{"id":18658,"href":"https:\/\/www.alperkaya.com.tr\/en\/wp-json\/wp\/v2\/pages\/18450\/revisions\/18658"}],"wp:attachment":[{"href":"https:\/\/www.alperkaya.com.tr\/en\/wp-json\/wp\/v2\/media?parent=18450"}],"curies":[{"name":"wp","href":"https:\/\/api.w.org\/{rel}","templated":true}]}}