{"id":18482,"date":"2026-01-12T16:30:23","date_gmt":"2026-01-12T13:30:23","guid":{"rendered":"https:\/\/www.alperkaya.com.tr\/?page_id=18482"},"modified":"2026-01-12T16:41:01","modified_gmt":"2026-01-12T13:41:01","slug":"boyun-fitigi","status":"publish","type":"page","link":"https:\/\/www.alperkaya.com.tr\/en\/boyun-fitigi\/","title":{"rendered":"Cervical Disc Herniation"},"content":{"rendered":"<div data-elementor-type=\"wp-page\" data-elementor-id=\"18482\" class=\"elementor elementor-18482\">\n\t\t\t\t\t\t<section class=\"elementor-section elementor-top-section elementor-element elementor-element-4017222 elementor-section-full_width scheme_dark elementor-section-height-min-height elementor-section-height-default elementor-section-items-middle sc_fly_static\" data-id=\"4017222\" data-element_type=\"section\" data-settings=\"{&quot;background_background&quot;:&quot;classic&quot;}\">\n\t\t\t\t\t\t\t<div class=\"elementor-background-overlay\"><\/div>\n\t\t\t\t\t\t\t<div class=\"elementor-container elementor-column-gap-extended\">\n\t\t\t\t\t<div class=\"elementor-column elementor-col-100 elementor-top-column elementor-element elementor-element-53f3977 sc_content_align_inherit sc_layouts_column_icons_position_left sc_fly_static\" data-id=\"53f3977\" data-element_type=\"column\">\n\t\t\t<div class=\"elementor-widget-wrap elementor-element-populated\">\n\t\t\t\t\t\t<div class=\"elementor-element elementor-element-451b79d sc_fly_static elementor-widget elementor-widget-spacer\" data-id=\"451b79d\" data-element_type=\"widget\" data-widget_type=\"spacer.default\">\n\t\t\t\t<div class=\"elementor-widget-container\">\n\t\t\t\t\t\t\t<div class=\"elementor-spacer\">\n\t\t\t<div class=\"elementor-spacer-inner\"><\/div>\n\t\t<\/div>\n\t\t\t\t\t\t<\/div>\n\t\t\t\t<\/div>\n\t\t\t\t<section class=\"elementor-section elementor-inner-section elementor-element elementor-element-39a3d68 elementor-section-boxed elementor-section-height-default elementor-section-height-default sc_fly_static\" data-id=\"39a3d68\" data-element_type=\"section\">\n\t\t\t\t\t\t<div class=\"elementor-container elementor-column-gap-extended\">\n\t\t\t\t\t<div class=\"elementor-column elementor-col-16 elementor-inner-column elementor-element elementor-element-e2db00e sc_content_align_inherit sc_layouts_column_icons_position_left sc_fly_static\" data-id=\"e2db00e\" data-element_type=\"column\">\n\t\t\t<div class=\"elementor-widget-wrap\">\n\t\t\t\t\t\t\t<\/div>\n\t\t<\/div>\n\t\t\t\t<div class=\"elementor-column elementor-col-66 elementor-inner-column elementor-element elementor-element-6faa6a0 sc_content_align_inherit sc_layouts_column_icons_position_left sc_fly_static\" data-id=\"6faa6a0\" data-element_type=\"column\">\n\t\t\t<div class=\"elementor-widget-wrap elementor-element-populated\">\n\t\t\t\t\t\t<div class=\"elementor-element elementor-element-c10d00d sc_fly_static elementor-widget elementor-widget-trx_sc_title\" data-id=\"c10d00d\" data-element_type=\"widget\" data-widget_type=\"trx_sc_title.default\">\n\t\t\t\t<div class=\"elementor-widget-container\">\n\t\t\t\t\t<div\t\tclass=\"sc_title color_style_dark sc_title_default\" ><span class=\"sc_item_subtitle sc_title_subtitle sc_align_center sc_item_subtitle_above sc_item_title_style_default\">Prof. Dr. Alper Kaya<\/span><h1 class=\"sc_item_title sc_title_title sc_align_center sc_item_title_style_default sc_item_title_tag\"\n\t\t\t><span class=\"sc_item_title_text\">Cervical Disc Herniation<\/span><\/h1><\/div>\t\t\t\t<\/div>\n\t\t\t\t<\/div>\n\t\t\t\t\t<\/div>\n\t\t<\/div>\n\t\t\t\t<div class=\"elementor-column elementor-col-16 elementor-inner-column elementor-element elementor-element-7c0aaee sc_content_align_inherit sc_layouts_column_icons_position_left sc_fly_static\" data-id=\"7c0aaee\" data-element_type=\"column\">\n\t\t\t<div class=\"elementor-widget-wrap\">\n\t\t\t\t\t\t\t<\/div>\n\t\t<\/div>\n\t\t\t\t\t<\/div>\n\t\t<\/section>\n\t\t\t\t<div class=\"elementor-element elementor-element-6c22fbb sc_fly_static elementor-widget elementor-widget-spacer\" data-id=\"6c22fbb\" data-element_type=\"widget\" data-widget_type=\"spacer.default\">\n\t\t\t\t<div class=\"elementor-widget-container\">\n\t\t\t\t\t\t\t<div class=\"elementor-spacer\">\n\t\t\t<div class=\"elementor-spacer-inner\"><\/div>\n\t\t<\/div>\n\t\t\t\t\t\t<\/div>\n\t\t\t\t<\/div>\n\t\t\t\t\t<\/div>\n\t\t<\/div>\n\t\t\t\t\t<\/div>\n\t\t<\/section>\n\t\t\t\t<section class=\"elementor-section elementor-top-section elementor-element elementor-element-49686de elementor-section-height-min-height elementor-section-content-top elementor-section-items-top elementor-section-boxed elementor-section-height-default sc_fly_static\" data-id=\"49686de\" data-element_type=\"section\">\n\t\t\t\t\t\t<div class=\"elementor-container elementor-column-gap-extended\">\n\t\t\t\t\t<div class=\"elementor-column elementor-col-100 elementor-top-column elementor-element elementor-element-f1dbf11 sc_layouts_column_align_center sc_layouts_column sc_content_align_inherit sc_layouts_column_icons_position_left sc_fly_static\" data-id=\"f1dbf11\" data-element_type=\"column\">\n\t\t\t<div class=\"elementor-widget-wrap elementor-element-populated\">\n\t\t\t\t\t\t<div class=\"elementor-element elementor-element-b5f1be0 elementor-view-default sc_fly_static elementor-widget elementor-widget-icon\" data-id=\"b5f1be0\" data-element_type=\"widget\" data-widget_type=\"icon.default\">\n\t\t\t\t<div class=\"elementor-widget-container\">\n\t\t\t\t\t\t\t<div class=\"elementor-icon-wrapper\">\n\t\t\t<a class=\"elementor-icon\" href=\"#anchor\">\n\t\t\t<svg xmlns=\"http:\/\/www.w3.org\/2000\/svg\" width=\"14.626\" height=\"8.639\" viewbox=\"0 0 14.626 8.639\"><g id=\"down-arrow\" transform=\"translate(0 -70.698)\"><g id=\"Group_8820\" data-name=\"Group 8820\" transform=\"translate(0 100.698)\"><path id=\"Path_6507\" data-name=\"Path 6507\" d=\"M14.392,101.42l-.479-.482a.8.8,0,0,0-1.132,0L7.316,106.4l-5.472-5.472a.8.8,0,0,0-1.132,0l-.479.479a.8.8,0,0,0,0,1.131l6.515,6.538a.818.818,0,0,0,.567.257h0a.818.818,0,0,0,.566-.257l6.508-6.52a.808.808,0,0,0,.234-.571A.8.8,0,0,0,14.392,101.42Z\" transform=\"translate(0 -130.698)\"><\/path><\/g><\/g><\/svg>\t\t\t<\/a>\n\t\t<\/div>\n\t\t\t\t\t\t<\/div>\n\t\t\t\t<\/div>\n\t\t\t\t\t<\/div>\n\t\t<\/div>\n\t\t\t\t\t<\/div>\n\t\t<\/section>\n\t\t\t\t<section class=\"elementor-section elementor-top-section elementor-element elementor-element-07505bc elementor-section-boxed elementor-section-height-default elementor-section-height-default sc_fly_static\" data-id=\"07505bc\" data-element_type=\"section\">\n\t\t\t\t\t\t<div class=\"elementor-container elementor-column-gap-extended\">\n\t\t\t\t\t<div class=\"elementor-column elementor-col-100 elementor-top-column elementor-element elementor-element-e81588a sc_content_align_inherit sc_layouts_column_icons_position_left sc_fly_static\" data-id=\"e81588a\" data-element_type=\"column\">\n\t\t\t<div class=\"elementor-widget-wrap elementor-element-populated\">\n\t\t\t\t\t\t<div class=\"elementor-element elementor-element-b8db04c sc_fly_static elementor-widget elementor-widget-trx_sc_anchor\" data-id=\"b8db04c\" data-element_type=\"widget\" data-widget_type=\"trx_sc_anchor.default\">\n\t\t\t\t<div class=\"elementor-widget-container\">\n\t\t\t\t\t<a id=\"sc_anchor_anchor\"\ttitle=\"\"  class=\"sc_anchor sc_anchor_default\" data-vc-icon=\"\" data-url=\"\" ><\/a>\t\t\t\t<\/div>\n\t\t\t\t<\/div>\n\t\t\t\t<div class=\"elementor-element elementor-element-c75e150 sc_height_huge sc_fly_static elementor-widget elementor-widget-spacer\" data-id=\"c75e150\" data-element_type=\"widget\" data-widget_type=\"spacer.default\">\n\t\t\t\t<div class=\"elementor-widget-container\">\n\t\t\t\t\t\t\t<div class=\"elementor-spacer\">\n\t\t\t<div class=\"elementor-spacer-inner\"><\/div>\n\t\t<\/div>\n\t\t\t\t\t\t<\/div>\n\t\t\t\t<\/div>\n\t\t\t\t\t<\/div>\n\t\t<\/div>\n\t\t\t\t\t<\/div>\n\t\t<\/section>\n\t\t\t\t<section class=\"elementor-section elementor-top-section elementor-element elementor-element-c05ea22 scheme_default elementor-section-boxed elementor-section-height-default elementor-section-height-default sc_fly_static\" data-id=\"c05ea22\" data-element_type=\"section\" data-settings=\"{&quot;background_background&quot;:&quot;classic&quot;}\">\n\t\t\t\t\t\t<div class=\"elementor-container elementor-column-gap-extended\">\n\t\t\t\t\t<div class=\"elementor-column elementor-col-50 elementor-top-column elementor-element elementor-element-b9b9ce3 sc_content_align_inherit sc_layouts_column_icons_position_left sc_fly_static\" data-id=\"b9b9ce3\" data-element_type=\"column\">\n\t\t\t<div class=\"elementor-widget-wrap elementor-element-populated\">\n\t\t\t\t\t\t<section class=\"elementor-section elementor-inner-section elementor-element elementor-element-efa1ff2 elementor-section-boxed elementor-section-height-default elementor-section-height-default sc_fly_static\" data-id=\"efa1ff2\" data-element_type=\"section\">\n\t\t\t\t\t\t<div class=\"elementor-container elementor-column-gap-no\">\n\t\t\t\t\t<div class=\"elementor-column elementor-col-100 elementor-inner-column elementor-element elementor-element-174296f sc_content_align_inherit sc_layouts_column_icons_position_left sc_fly_static\" data-id=\"174296f\" data-element_type=\"column\">\n\t\t\t<div class=\"elementor-widget-wrap elementor-element-populated\">\n\t\t\t\t\t\t<div class=\"elementor-element elementor-element-4005259 no-title sc_fly_static elementor-widget elementor-widget-image\" data-id=\"4005259\" data-element_type=\"widget\" data-widget_type=\"image.default\">\n\t\t\t\t<div class=\"elementor-widget-container\">\n\t\t\t\t\t\t\t\t\t\t\t\t\t\t\t<img fetchpriority=\"high\" decoding=\"async\" width=\"1080\" height=\"1080\" src=\"https:\/\/www.alperkaya.com.tr\/wp-content\/uploads\/boyunfitik.png\" class=\"attachment-full size-full wp-image-18488\" alt=\"\" srcset=\"https:\/\/www.alperkaya.com.tr\/wp-content\/uploads\/boyunfitik.png 1080w, https:\/\/www.alperkaya.com.tr\/wp-content\/uploads\/boyunfitik-500x500.png 500w, https:\/\/www.alperkaya.com.tr\/wp-content\/uploads\/boyunfitik-1024x1024.png 1024w, https:\/\/www.alperkaya.com.tr\/wp-content\/uploads\/boyunfitik-300x300.png 300w, https:\/\/www.alperkaya.com.tr\/wp-content\/uploads\/boyunfitik-768x768.png 768w, https:\/\/www.alperkaya.com.tr\/wp-content\/uploads\/boyunfitik-12x12.png 12w, https:\/\/www.alperkaya.com.tr\/wp-content\/uploads\/boyunfitik-370x370.png 370w, https:\/\/www.alperkaya.com.tr\/wp-content\/uploads\/boyunfitik-120x120.png 120w, https:\/\/www.alperkaya.com.tr\/wp-content\/uploads\/boyunfitik-840x840.png 840w, https:\/\/www.alperkaya.com.tr\/wp-content\/uploads\/boyunfitik-410x410.png 410w\" sizes=\"(max-width: 1080px) 100vw, 1080px\" \/>\t\t\t\t\t\t\t\t\t\t\t\t\t\t\t<\/div>\n\t\t\t\t<\/div>\n\t\t\t\t<div class=\"elementor-element elementor-element-983f687 no-title sc_fly_static elementor-widget elementor-widget-image\" data-id=\"983f687\" data-element_type=\"widget\" data-widget_type=\"image.default\">\n\t\t\t\t<div class=\"elementor-widget-container\">\n\t\t\t\t\t\t\t\t\t\t\t\t\t\t\t<img decoding=\"async\" width=\"2560\" height=\"2560\" src=\"https:\/\/www.alperkaya.com.tr\/wp-content\/uploads\/fitik-boyun.jpeg\" class=\"attachment-full size-full wp-image-18489\" alt=\"\" srcset=\"https:\/\/www.alperkaya.com.tr\/wp-content\/uploads\/fitik-boyun.jpeg 2560w, https:\/\/www.alperkaya.com.tr\/wp-content\/uploads\/fitik-boyun-500x500.jpeg 500w, https:\/\/www.alperkaya.com.tr\/wp-content\/uploads\/fitik-boyun-1024x1024.jpeg 1024w, https:\/\/www.alperkaya.com.tr\/wp-content\/uploads\/fitik-boyun-300x300.jpeg 300w, https:\/\/www.alperkaya.com.tr\/wp-content\/uploads\/fitik-boyun-768x768.jpeg 768w, https:\/\/www.alperkaya.com.tr\/wp-content\/uploads\/fitik-boyun-1536x1536.jpeg 1536w, https:\/\/www.alperkaya.com.tr\/wp-content\/uploads\/fitik-boyun-2048x2048.jpeg 2048w, https:\/\/www.alperkaya.com.tr\/wp-content\/uploads\/fitik-boyun-12x12.jpeg 12w, https:\/\/www.alperkaya.com.tr\/wp-content\/uploads\/fitik-boyun-370x370.jpeg 370w, https:\/\/www.alperkaya.com.tr\/wp-content\/uploads\/fitik-boyun-120x120.jpeg 120w, https:\/\/www.alperkaya.com.tr\/wp-content\/uploads\/fitik-boyun-840x840.jpeg 840w, https:\/\/www.alperkaya.com.tr\/wp-content\/uploads\/fitik-boyun-410x410.jpeg 410w\" sizes=\"(max-width: 2560px) 100vw, 2560px\" \/>\t\t\t\t\t\t\t\t\t\t\t\t\t\t\t<\/div>\n\t\t\t\t<\/div>\n\t\t\t\t<div class=\"elementor-element elementor-element-b5a197f no-title sc_fly_static elementor-widget elementor-widget-image\" data-id=\"b5a197f\" data-element_type=\"widget\" data-widget_type=\"image.default\">\n\t\t\t\t<div class=\"elementor-widget-container\">\n\t\t\t\t\t\t\t\t\t\t\t\t\t\t\t<img decoding=\"async\" width=\"1024\" height=\"1024\" src=\"https:\/\/www.alperkaya.com.tr\/wp-content\/uploads\/boyun-fitik.webp\" class=\"attachment-full size-full wp-image-18491\" alt=\"\" srcset=\"https:\/\/www.alperkaya.com.tr\/wp-content\/uploads\/boyun-fitik.webp 1024w, https:\/\/www.alperkaya.com.tr\/wp-content\/uploads\/boyun-fitik-500x500.webp 500w, https:\/\/www.alperkaya.com.tr\/wp-content\/uploads\/boyun-fitik-300x300.webp 300w, https:\/\/www.alperkaya.com.tr\/wp-content\/uploads\/boyun-fitik-768x768.webp 768w, https:\/\/www.alperkaya.com.tr\/wp-content\/uploads\/boyun-fitik-12x12.webp 12w, https:\/\/www.alperkaya.com.tr\/wp-content\/uploads\/boyun-fitik-370x370.webp 370w, https:\/\/www.alperkaya.com.tr\/wp-content\/uploads\/boyun-fitik-120x120.webp 120w, https:\/\/www.alperkaya.com.tr\/wp-content\/uploads\/boyun-fitik-840x840.webp 840w, https:\/\/www.alperkaya.com.tr\/wp-content\/uploads\/boyun-fitik-410x410.webp 410w\" sizes=\"(max-width: 1024px) 100vw, 1024px\" \/>\t\t\t\t\t\t\t\t\t\t\t\t\t\t\t<\/div>\n\t\t\t\t<\/div>\n\t\t\t\t\t<\/div>\n\t\t<\/div>\n\t\t\t\t\t<\/div>\n\t\t<\/section>\n\t\t\t\t\t<\/div>\n\t\t<\/div>\n\t\t\t\t<div class=\"elementor-column elementor-col-50 elementor-top-column elementor-element elementor-element-2b63858 sc_content_align_inherit sc_layouts_column_icons_position_left sc_fly_static\" data-id=\"2b63858\" data-element_type=\"column\">\n\t\t\t<div class=\"elementor-widget-wrap elementor-element-populated\">\n\t\t\t\t\t\t<div class=\"elementor-element elementor-element-33bd403 sc_fly_static elementor-widget elementor-widget-trx_sc_title\" data-id=\"33bd403\" data-element_type=\"widget\" data-widget_type=\"trx_sc_title.default\">\n\t\t\t\t<div class=\"elementor-widget-container\">\n\t\t\t\t\t<div\t\tclass=\"sc_title sc_title_default\" ><h1 class=\"sc_item_title sc_title_title sc_item_title_style_default sc_item_title_tag\"\n\t\t\t><span class=\"sc_item_title_text\">Cervical Disc Herniation<\/span><\/h1><\/div>\t\t\t\t<\/div>\n\t\t\t\t<\/div>\n\t\t\t\t<div class=\"elementor-element elementor-element-1b4b8b6 sc_fly_static elementor-widget elementor-widget-text-editor\" data-id=\"1b4b8b6\" data-element_type=\"widget\" data-widget_type=\"text-editor.default\">\n\t\t\t\t<div class=\"elementor-widget-container\">\n\t\t\t\t\t\t\t\t\t<p>Cervical disc herniation, one of the conditions frequently encountered in the practice of Prof. Dr. Alper Kaya, occurs when the intervertebral discs in the cervical spine lose their structural integrity and compress the spinal cord or nerve roots. Prolonged screen use, sedentary work, and poor posture habits have significantly increased its prevalence today.<\/p><p><strong>What Is Cervical Disc Herniation?<\/strong><\/p><p>The discs in the cervical spine support head and neck movements and distribute mechanical load between vertebrae. When the outer layer of a disc weakens or tears, the inner material protrudes outward, resulting in cervical disc herniation. This may cause compression of the spinal cord or nerve roots, leading to pain and neurological symptoms.<\/p><p><strong>Symptoms<\/strong><\/p><p>Symptoms vary depending on the level of herniation and the degree of compression. Common symptoms include:<\/p><ul><li>Neck pain<\/li><li>Pain radiating to the shoulder, arm, and hand<\/li><li>Numbness and tingling in the arms<\/li><li>Muscle weakness<\/li><li>Pain aggravated by neck movements<\/li><\/ul><p>In advanced cases, balance problems and difficulties with fine motor skills may occur.<\/p><p><strong>Diagnostic Evaluation<\/strong><\/p><p>Diagnosis is not based solely on imaging findings. The evaluation process includes:<\/p><ul><li>Detailed neurological examination<\/li><li>Magnetic Resonance Imaging (MRI)<\/li><li>Evaluation of the impact of symptoms on daily life<\/li><\/ul><p>The goal is to establish clinical correlation between imaging findings and the patient\u2019s complaints.<\/p><p><strong>Treatment Approach<\/strong><\/p><p>Surgery is not always the first-line treatment for cervical disc herniation. The treatment plan is determined by:<\/p><ul><li>Duration and severity of symptoms<\/li><li>Presence of neurological deficits<\/li><li>Impact on quality of life<\/li><\/ul><p>When surgery is indicated, the primary goals are:<\/p><p>deficits are present, surgical treatment is considered. Surgical goals include:<\/p><ul><li>Relief of neural compression<\/li><li>Preservation of healthy structures<\/li><li>Restoration of a safe and functional life<\/li><\/ul><p><strong><li style=\"list-style-type: none\"><\/strong><\/p><p><strong>Post-Treatment Follow-up<\/strong><\/p><ul><li><li style=\"list-style-type: none\"><\/li><li>Clinical evaluations<\/li><li>Imaging when indicated<br>\u2022\tOptimization of posture and lifestyle habits<\/li><\/ul><p>within a structured follow-up plan.<\/p>\t\t\t\t\t\t\t\t<\/div>\n\t\t\t\t<\/div>\n\t\t\t\t<div class=\"elementor-element elementor-element-df342e1 sc_height_small sc_fly_static elementor-widget elementor-widget-spacer\" data-id=\"df342e1\" data-element_type=\"widget\" data-widget_type=\"spacer.default\">\n\t\t\t\t<div class=\"elementor-widget-container\">\n\t\t\t\t\t\t\t<div class=\"elementor-spacer\">\n\t\t\t<div class=\"elementor-spacer-inner\"><\/div>\n\t\t<\/div>\n\t\t\t\t\t\t<\/div>\n\t\t\t\t<\/div>\n\t\t\t\t\t<\/div>\n\t\t<\/div>\n\t\t\t\t\t<\/div>\n\t\t<\/section>\n\t\t\t\t<\/div>","protected":false},"excerpt":{"rendered":"<p>Prof. Dr. Alper Kaya Boyun F\u0131t\u0131\u011f\u0131 Boyun F\u0131t\u0131\u011f\u0131 servikal omurgada bulunan disklerin yap\u0131sal b\u00fct\u00fcnl\u00fc\u011f\u00fcn\u00fc kaybederek omurilik veya sinir k\u00f6kleri \u00fczerinde bas\u0131 olu\u015fturmas\u0131 sonucu ortaya \u00e7\u0131kar. G\u00fcn\u00fcm\u00fczde masa ba\u015f\u0131 \u00e7al\u0131\u015fma, uzun&hellip;<\/p>","protected":false},"author":1,"featured_media":0,"parent":0,"menu_order":0,"comment_status":"closed","ping_status":"closed","template":"","meta":{"footnotes":""},"class_list":["post-18482","page","type-page","status-publish","hentry"],"_links":{"self":[{"href":"https:\/\/www.alperkaya.com.tr\/en\/wp-json\/wp\/v2\/pages\/18482","targetHints":{"allow":["GET"]}}],"collection":[{"href":"https:\/\/www.alperkaya.com.tr\/en\/wp-json\/wp\/v2\/pages"}],"about":[{"href":"https:\/\/www.alperkaya.com.tr\/en\/wp-json\/wp\/v2\/types\/page"}],"author":[{"embeddable":true,"href":"https:\/\/www.alperkaya.com.tr\/en\/wp-json\/wp\/v2\/users\/1"}],"replies":[{"embeddable":true,"href":"https:\/\/www.alperkaya.com.tr\/en\/wp-json\/wp\/v2\/comments?post=18482"}],"version-history":[{"count":7,"href":"https:\/\/www.alperkaya.com.tr\/en\/wp-json\/wp\/v2\/pages\/18482\/revisions"}],"predecessor-version":[{"id":18494,"href":"https:\/\/www.alperkaya.com.tr\/en\/wp-json\/wp\/v2\/pages\/18482\/revisions\/18494"}],"wp:attachment":[{"href":"https:\/\/www.alperkaya.com.tr\/en\/wp-json\/wp\/v2\/media?parent=18482"}],"curies":[{"name":"wp","href":"https:\/\/api.w.org\/{rel}","templated":true}]}}