{"id":18499,"date":"2026-01-12T16:59:07","date_gmt":"2026-01-12T13:59:07","guid":{"rendered":"https:\/\/www.alperkaya.com.tr\/?page_id=18499"},"modified":"2026-01-12T18:22:23","modified_gmt":"2026-01-12T15:22:23","slug":"omurganin-dejeneratif-hastaliklari","status":"publish","type":"page","link":"https:\/\/www.alperkaya.com.tr\/en\/omurganin-dejeneratif-hastaliklari\/","title":{"rendered":"Degenerative Diseases Of The Spine"},"content":{"rendered":"<div data-elementor-type=\"wp-page\" data-elementor-id=\"18499\" class=\"elementor elementor-18499\">\n\t\t\t\t\t\t<section class=\"elementor-section elementor-top-section elementor-element elementor-element-4017222 elementor-section-full_width scheme_dark elementor-section-height-min-height elementor-section-height-default elementor-section-items-middle sc_fly_static\" data-id=\"4017222\" data-element_type=\"section\" data-settings=\"{&quot;background_background&quot;:&quot;classic&quot;}\">\n\t\t\t\t\t\t\t<div class=\"elementor-background-overlay\"><\/div>\n\t\t\t\t\t\t\t<div class=\"elementor-container elementor-column-gap-extended\">\n\t\t\t\t\t<div class=\"elementor-column elementor-col-100 elementor-top-column elementor-element elementor-element-53f3977 sc_content_align_inherit sc_layouts_column_icons_position_left sc_fly_static\" data-id=\"53f3977\" data-element_type=\"column\">\n\t\t\t<div class=\"elementor-widget-wrap elementor-element-populated\">\n\t\t\t\t\t\t<div class=\"elementor-element elementor-element-451b79d sc_fly_static elementor-widget elementor-widget-spacer\" data-id=\"451b79d\" data-element_type=\"widget\" data-widget_type=\"spacer.default\">\n\t\t\t\t<div class=\"elementor-widget-container\">\n\t\t\t\t\t\t\t<div class=\"elementor-spacer\">\n\t\t\t<div class=\"elementor-spacer-inner\"><\/div>\n\t\t<\/div>\n\t\t\t\t\t\t<\/div>\n\t\t\t\t<\/div>\n\t\t\t\t<section class=\"elementor-section elementor-inner-section elementor-element elementor-element-39a3d68 elementor-section-boxed elementor-section-height-default elementor-section-height-default sc_fly_static\" data-id=\"39a3d68\" data-element_type=\"section\">\n\t\t\t\t\t\t<div class=\"elementor-container elementor-column-gap-extended\">\n\t\t\t\t\t<div class=\"elementor-column elementor-col-16 elementor-inner-column elementor-element elementor-element-e2db00e sc_content_align_inherit sc_layouts_column_icons_position_left sc_fly_static\" data-id=\"e2db00e\" data-element_type=\"column\">\n\t\t\t<div class=\"elementor-widget-wrap\">\n\t\t\t\t\t\t\t<\/div>\n\t\t<\/div>\n\t\t\t\t<div class=\"elementor-column elementor-col-66 elementor-inner-column elementor-element elementor-element-6faa6a0 sc_content_align_inherit sc_layouts_column_icons_position_left sc_fly_static\" data-id=\"6faa6a0\" data-element_type=\"column\">\n\t\t\t<div class=\"elementor-widget-wrap\">\n\t\t\t\t\t\t\t<\/div>\n\t\t<\/div>\n\t\t\t\t<div class=\"elementor-column elementor-col-16 elementor-inner-column elementor-element elementor-element-7c0aaee sc_content_align_inherit sc_layouts_column_icons_position_left sc_fly_static\" data-id=\"7c0aaee\" data-element_type=\"column\">\n\t\t\t<div class=\"elementor-widget-wrap\">\n\t\t\t\t\t\t\t<\/div>\n\t\t<\/div>\n\t\t\t\t\t<\/div>\n\t\t<\/section>\n\t\t\t\t<div class=\"elementor-element elementor-element-c10d00d sc_fly_static elementor-widget elementor-widget-trx_sc_title\" data-id=\"c10d00d\" data-element_type=\"widget\" data-widget_type=\"trx_sc_title.default\">\n\t\t\t\t<div class=\"elementor-widget-container\">\n\t\t\t\t\t<div\t\tclass=\"sc_title color_style_dark sc_title_default\" ><span class=\"sc_item_subtitle sc_title_subtitle sc_align_center sc_item_subtitle_above sc_item_title_style_default\">Prof. Dr. Alper Kaya<\/span><h1 class=\"sc_item_title sc_title_title sc_align_center sc_item_title_style_default sc_item_title_tag\"\n\t\t\t><span class=\"sc_item_title_text\">Degenerative Diseases Of The Spine<\/span><\/h1><\/div>\t\t\t\t<\/div>\n\t\t\t\t<\/div>\n\t\t\t\t<div class=\"elementor-element elementor-element-6c22fbb sc_fly_static elementor-widget elementor-widget-spacer\" data-id=\"6c22fbb\" data-element_type=\"widget\" data-widget_type=\"spacer.default\">\n\t\t\t\t<div class=\"elementor-widget-container\">\n\t\t\t\t\t\t\t<div class=\"elementor-spacer\">\n\t\t\t<div class=\"elementor-spacer-inner\"><\/div>\n\t\t<\/div>\n\t\t\t\t\t\t<\/div>\n\t\t\t\t<\/div>\n\t\t\t\t\t<\/div>\n\t\t<\/div>\n\t\t\t\t\t<\/div>\n\t\t<\/section>\n\t\t\t\t<section class=\"elementor-section elementor-top-section elementor-element elementor-element-49686de elementor-section-height-min-height elementor-section-content-top elementor-section-items-top elementor-section-boxed elementor-section-height-default sc_fly_static\" data-id=\"49686de\" data-element_type=\"section\">\n\t\t\t\t\t\t<div class=\"elementor-container elementor-column-gap-extended\">\n\t\t\t\t\t<div class=\"elementor-column elementor-col-100 elementor-top-column elementor-element elementor-element-f1dbf11 sc_layouts_column_align_center sc_layouts_column sc_content_align_inherit sc_layouts_column_icons_position_left sc_fly_static\" data-id=\"f1dbf11\" data-element_type=\"column\">\n\t\t\t<div class=\"elementor-widget-wrap elementor-element-populated\">\n\t\t\t\t\t\t<div class=\"elementor-element elementor-element-b5f1be0 elementor-view-default sc_fly_static elementor-widget elementor-widget-icon\" data-id=\"b5f1be0\" data-element_type=\"widget\" data-widget_type=\"icon.default\">\n\t\t\t\t<div class=\"elementor-widget-container\">\n\t\t\t\t\t\t\t<div class=\"elementor-icon-wrapper\">\n\t\t\t<a class=\"elementor-icon\" href=\"#anchor\">\n\t\t\t<svg xmlns=\"http:\/\/www.w3.org\/2000\/svg\" width=\"14.626\" height=\"8.639\" viewbox=\"0 0 14.626 8.639\"><g id=\"down-arrow\" transform=\"translate(0 -70.698)\"><g id=\"Group_8820\" data-name=\"Group 8820\" transform=\"translate(0 100.698)\"><path id=\"Path_6507\" data-name=\"Path 6507\" d=\"M14.392,101.42l-.479-.482a.8.8,0,0,0-1.132,0L7.316,106.4l-5.472-5.472a.8.8,0,0,0-1.132,0l-.479.479a.8.8,0,0,0,0,1.131l6.515,6.538a.818.818,0,0,0,.567.257h0a.818.818,0,0,0,.566-.257l6.508-6.52a.808.808,0,0,0,.234-.571A.8.8,0,0,0,14.392,101.42Z\" transform=\"translate(0 -130.698)\"><\/path><\/g><\/g><\/svg>\t\t\t<\/a>\n\t\t<\/div>\n\t\t\t\t\t\t<\/div>\n\t\t\t\t<\/div>\n\t\t\t\t\t<\/div>\n\t\t<\/div>\n\t\t\t\t\t<\/div>\n\t\t<\/section>\n\t\t\t\t<section class=\"elementor-section elementor-top-section elementor-element elementor-element-07505bc elementor-section-boxed elementor-section-height-default elementor-section-height-default sc_fly_static\" data-id=\"07505bc\" data-element_type=\"section\">\n\t\t\t\t\t\t<div class=\"elementor-container elementor-column-gap-extended\">\n\t\t\t\t\t<div class=\"elementor-column elementor-col-100 elementor-top-column elementor-element elementor-element-e81588a sc_content_align_inherit sc_layouts_column_icons_position_left sc_fly_static\" data-id=\"e81588a\" data-element_type=\"column\">\n\t\t\t<div class=\"elementor-widget-wrap elementor-element-populated\">\n\t\t\t\t\t\t<div class=\"elementor-element elementor-element-b8db04c sc_fly_static elementor-widget elementor-widget-trx_sc_anchor\" data-id=\"b8db04c\" data-element_type=\"widget\" data-widget_type=\"trx_sc_anchor.default\">\n\t\t\t\t<div class=\"elementor-widget-container\">\n\t\t\t\t\t<a id=\"sc_anchor_anchor\"\ttitle=\"\"  class=\"sc_anchor sc_anchor_default\" data-vc-icon=\"\" data-url=\"\" ><\/a>\t\t\t\t<\/div>\n\t\t\t\t<\/div>\n\t\t\t\t<div class=\"elementor-element elementor-element-c75e150 sc_height_huge sc_fly_static elementor-widget elementor-widget-spacer\" data-id=\"c75e150\" data-element_type=\"widget\" data-widget_type=\"spacer.default\">\n\t\t\t\t<div class=\"elementor-widget-container\">\n\t\t\t\t\t\t\t<div class=\"elementor-spacer\">\n\t\t\t<div class=\"elementor-spacer-inner\"><\/div>\n\t\t<\/div>\n\t\t\t\t\t\t<\/div>\n\t\t\t\t<\/div>\n\t\t\t\t\t<\/div>\n\t\t<\/div>\n\t\t\t\t\t<\/div>\n\t\t<\/section>\n\t\t\t\t<section class=\"elementor-section elementor-top-section elementor-element elementor-element-c05ea22 scheme_default elementor-section-boxed elementor-section-height-default elementor-section-height-default sc_fly_static\" data-id=\"c05ea22\" data-element_type=\"section\" data-settings=\"{&quot;background_background&quot;:&quot;classic&quot;}\">\n\t\t\t\t\t\t<div class=\"elementor-container elementor-column-gap-extended\">\n\t\t\t\t\t<div class=\"elementor-column elementor-col-50 elementor-top-column elementor-element elementor-element-b9b9ce3 sc_content_align_inherit sc_layouts_column_icons_position_left sc_fly_static\" data-id=\"b9b9ce3\" data-element_type=\"column\">\n\t\t\t<div class=\"elementor-widget-wrap elementor-element-populated\">\n\t\t\t\t\t\t<section class=\"elementor-section elementor-inner-section elementor-element elementor-element-efa1ff2 elementor-section-boxed elementor-section-height-default elementor-section-height-default sc_fly_static\" data-id=\"efa1ff2\" data-element_type=\"section\">\n\t\t\t\t\t\t<div class=\"elementor-container elementor-column-gap-no\">\n\t\t\t\t\t<div class=\"elementor-column elementor-col-100 elementor-inner-column elementor-element elementor-element-174296f sc_content_align_inherit sc_layouts_column_icons_position_left sc_fly_static\" data-id=\"174296f\" data-element_type=\"column\">\n\t\t\t<div class=\"elementor-widget-wrap elementor-element-populated\">\n\t\t\t\t\t\t<div class=\"elementor-element elementor-element-4005259 no-title sc_fly_static elementor-widget elementor-widget-image\" data-id=\"4005259\" data-element_type=\"widget\" data-widget_type=\"image.default\">\n\t\t\t\t<div class=\"elementor-widget-container\">\n\t\t\t\t\t\t\t\t\t\t\t\t\t\t\t<img fetchpriority=\"high\" decoding=\"async\" width=\"968\" height=\"586\" src=\"https:\/\/www.alperkaya.com.tr\/wp-content\/uploads\/dejeneratif-hastalik.webp\" class=\"attachment-full size-full wp-image-18502\" alt=\"\" srcset=\"https:\/\/www.alperkaya.com.tr\/wp-content\/uploads\/dejeneratif-hastalik.webp 968w, https:\/\/www.alperkaya.com.tr\/wp-content\/uploads\/dejeneratif-hastalik-500x303.webp 500w, https:\/\/www.alperkaya.com.tr\/wp-content\/uploads\/dejeneratif-hastalik-768x465.webp 768w, https:\/\/www.alperkaya.com.tr\/wp-content\/uploads\/dejeneratif-hastalik-18x12.webp 18w, https:\/\/www.alperkaya.com.tr\/wp-content\/uploads\/dejeneratif-hastalik-370x224.webp 370w, https:\/\/www.alperkaya.com.tr\/wp-content\/uploads\/dejeneratif-hastalik-840x509.webp 840w, https:\/\/www.alperkaya.com.tr\/wp-content\/uploads\/dejeneratif-hastalik-410x248.webp 410w\" sizes=\"(max-width: 968px) 100vw, 968px\" \/>\t\t\t\t\t\t\t\t\t\t\t\t\t\t\t<\/div>\n\t\t\t\t<\/div>\n\t\t\t\t<div class=\"elementor-element elementor-element-983f687 no-title sc_fly_static elementor-widget elementor-widget-image\" data-id=\"983f687\" data-element_type=\"widget\" data-widget_type=\"image.default\">\n\t\t\t\t<div class=\"elementor-widget-container\">\n\t\t\t\t\t\t\t\t\t\t\t\t\t\t\t<img decoding=\"async\" width=\"1200\" height=\"1200\" src=\"https:\/\/www.alperkaya.com.tr\/wp-content\/uploads\/degenerative-disc-disease.jpg\" class=\"attachment-full size-full wp-image-18503\" alt=\"\" srcset=\"https:\/\/www.alperkaya.com.tr\/wp-content\/uploads\/degenerative-disc-disease.jpg 1200w, https:\/\/www.alperkaya.com.tr\/wp-content\/uploads\/degenerative-disc-disease-500x500.jpg 500w, https:\/\/www.alperkaya.com.tr\/wp-content\/uploads\/degenerative-disc-disease-1024x1024.jpg 1024w, https:\/\/www.alperkaya.com.tr\/wp-content\/uploads\/degenerative-disc-disease-300x300.jpg 300w, https:\/\/www.alperkaya.com.tr\/wp-content\/uploads\/degenerative-disc-disease-768x768.jpg 768w, https:\/\/www.alperkaya.com.tr\/wp-content\/uploads\/degenerative-disc-disease-12x12.jpg 12w, https:\/\/www.alperkaya.com.tr\/wp-content\/uploads\/degenerative-disc-disease-370x370.jpg 370w, https:\/\/www.alperkaya.com.tr\/wp-content\/uploads\/degenerative-disc-disease-120x120.jpg 120w, https:\/\/www.alperkaya.com.tr\/wp-content\/uploads\/degenerative-disc-disease-840x840.jpg 840w, https:\/\/www.alperkaya.com.tr\/wp-content\/uploads\/degenerative-disc-disease-410x410.jpg 410w\" sizes=\"(max-width: 1200px) 100vw, 1200px\" \/>\t\t\t\t\t\t\t\t\t\t\t\t\t\t\t<\/div>\n\t\t\t\t<\/div>\n\t\t\t\t<div class=\"elementor-element elementor-element-5954824 no-title sc_fly_static elementor-widget elementor-widget-image\" data-id=\"5954824\" data-element_type=\"widget\" data-widget_type=\"image.default\">\n\t\t\t\t<div class=\"elementor-widget-container\">\n\t\t\t\t\t\t\t\t\t\t\t\t\t\t\t<img decoding=\"async\" width=\"700\" height=\"467\" src=\"https:\/\/www.alperkaya.com.tr\/wp-content\/uploads\/disk.jpg\" class=\"attachment-full size-full wp-image-18508\" alt=\"\" srcset=\"https:\/\/www.alperkaya.com.tr\/wp-content\/uploads\/disk.jpg 700w, https:\/\/www.alperkaya.com.tr\/wp-content\/uploads\/disk-500x334.jpg 500w, https:\/\/www.alperkaya.com.tr\/wp-content\/uploads\/disk-18x12.jpg 18w, https:\/\/www.alperkaya.com.tr\/wp-content\/uploads\/disk-370x247.jpg 370w, https:\/\/www.alperkaya.com.tr\/wp-content\/uploads\/disk-410x274.jpg 410w\" sizes=\"(max-width: 700px) 100vw, 700px\" \/>\t\t\t\t\t\t\t\t\t\t\t\t\t\t\t<\/div>\n\t\t\t\t<\/div>\n\t\t\t\t<div class=\"elementor-element elementor-element-b5a197f no-title sc_fly_static elementor-widget elementor-widget-image\" data-id=\"b5a197f\" data-element_type=\"widget\" data-widget_type=\"image.default\">\n\t\t\t\t<div class=\"elementor-widget-container\">\n\t\t\t\t\t\t\t\t\t\t\t\t\t\t\t<img loading=\"lazy\" decoding=\"async\" width=\"560\" height=\"320\" src=\"https:\/\/www.alperkaya.com.tr\/wp-content\/uploads\/degenerative-disk-teaser.jpg\" class=\"attachment-full size-full wp-image-18504\" alt=\"\" srcset=\"https:\/\/www.alperkaya.com.tr\/wp-content\/uploads\/degenerative-disk-teaser.jpg 560w, https:\/\/www.alperkaya.com.tr\/wp-content\/uploads\/degenerative-disk-teaser-500x286.jpg 500w, https:\/\/www.alperkaya.com.tr\/wp-content\/uploads\/degenerative-disk-teaser-18x10.jpg 18w, https:\/\/www.alperkaya.com.tr\/wp-content\/uploads\/degenerative-disk-teaser-370x211.jpg 370w, https:\/\/www.alperkaya.com.tr\/wp-content\/uploads\/degenerative-disk-teaser-410x234.jpg 410w\" sizes=\"(max-width: 600px) 100vw, 560px\" \/>\t\t\t\t\t\t\t\t\t\t\t\t\t\t\t<\/div>\n\t\t\t\t<\/div>\n\t\t\t\t\t<\/div>\n\t\t<\/div>\n\t\t\t\t\t<\/div>\n\t\t<\/section>\n\t\t\t\t\t<\/div>\n\t\t<\/div>\n\t\t\t\t<div class=\"elementor-column elementor-col-50 elementor-top-column elementor-element elementor-element-2b63858 sc_content_align_inherit sc_layouts_column_icons_position_left sc_fly_static\" data-id=\"2b63858\" data-element_type=\"column\">\n\t\t\t<div class=\"elementor-widget-wrap elementor-element-populated\">\n\t\t\t\t\t\t<div class=\"elementor-element elementor-element-33bd403 sc_fly_static elementor-widget elementor-widget-trx_sc_title\" data-id=\"33bd403\" data-element_type=\"widget\" data-widget_type=\"trx_sc_title.default\">\n\t\t\t\t<div class=\"elementor-widget-container\">\n\t\t\t\t\t<div\t\tclass=\"sc_title sc_title_default\" ><h1 class=\"sc_item_title sc_title_title sc_item_title_style_default sc_item_title_tag\"\n\t\t\t><span class=\"sc_item_title_text\">Degenerative Diseases Of The Spine<\/span><\/h1><\/div>\t\t\t\t<\/div>\n\t\t\t\t<\/div>\n\t\t\t\t<div class=\"elementor-element elementor-element-1b4b8b6 sc_fly_static elementor-widget elementor-widget-text-editor\" data-id=\"1b4b8b6\" data-element_type=\"widget\" data-widget_type=\"text-editor.default\">\n\t\t\t\t<div class=\"elementor-widget-container\">\n\t\t\t\t\t\t\t\t\t<p>an important focus within the clinical and academic practice of Prof. Dr. Alper Kaya, represent a group of conditions resulting from the gradual wear and functional deterioration of the discs, joints, ligaments, and bony structures of the spine. This process typically progresses slowly and may significantly impair quality of life if not recognized early.<\/p><p><strong>What Are Degenerative Spine Diseases?<\/strong><\/p><p>Degenerative spine diseases develop as part of the aging process or due to mechanical stress, postural disorders, and genetic predisposition. These conditions disrupt the spine\u2019s natural flexibility and stability, leading to pain, restricted mobility, and neurological symptoms.<\/p><p>Common degenerative conditions include:<\/p><ul><li>Disc degeneration<\/li><li>Spinal canal stenosis<\/li><li>Facet joint arthrosis<\/li><li>Vertebral slippage (spondylolisthesis<\/li><\/ul><p><strong>.<\/strong><\/p><p>Symptoms vary depending on the location and severity of degeneration. Common findings include<\/p><ul><li>Neck, back, or lower back pain<\/li><li>Pain that increases with prolonged standing or walking<\/li><li>Numbness and tingling in the arms or legs<\/li><li>Muscle weakness<\/li><li>Difficulty performing daily activities<\/li><\/ul><p>Symptoms may fluctuate over time or progressively worsen in some patients.<\/p><p><strong>Diagnostic Evaluation<\/strong><\/p><p>Diagnosis is not based solely on imaging. The evaluation process includes:<\/p><ul><li>Detailed neurological and orthopedic examination<\/li><li>Magnetic Resonance Imaging (MRI)<\/li><li>Computed Tomography (CT) when indicated<\/li><li>Assessment of symptom progression over time<\/li><\/ul><p>The goal is to clearly define the relationship between structural changes and the clinical presentation<\/p><p><strong>Treatment Approach<\/strong><\/p><p>Treatment of degenerative spine diseases is stepwise and individualized. Surgery is not always the first option. Treatment planning takes into account:<\/p><ul><li>Patient\u2019s age<\/li><li>Severity of symptoms<\/li><li>Presence of neurological deficits<\/li><li>Impact on quality of daily life<\/li><\/ul><p>Surgical treatment is considered in cases of<\/p><p>progressive neurological impairment or significant functional limitation. Surgical goals include<\/p><ul><li>Relief of neural compression<\/li><li>Preservation or restoration of spinal alignment and stability<\/li><li>Achievement of long-term functional improvement<\/li><\/ul><p><strong>Follow-up and Long-Term Management<\/strong><\/p><p>Degenerative spine diseases often require long-term follow-up. Post-treatment management includes:<\/p><ul><li><li style=\"list-style-type: none\"><\/li><li>Regular clinical assessments<\/li><li>Radiological monitoring<br><li>Optimization of lifestyle and posture habits<\/li><\/li><\/ul><p>The objective is not only symptom relief but also slowing disease progression and preserving quality of life.<\/p>\t\t\t\t\t\t\t\t<\/div>\n\t\t\t\t<\/div>\n\t\t\t\t<div class=\"elementor-element elementor-element-df342e1 sc_height_small sc_fly_static elementor-widget elementor-widget-spacer\" data-id=\"df342e1\" data-element_type=\"widget\" data-widget_type=\"spacer.default\">\n\t\t\t\t<div class=\"elementor-widget-container\">\n\t\t\t\t\t\t\t<div class=\"elementor-spacer\">\n\t\t\t<div class=\"elementor-spacer-inner\"><\/div>\n\t\t<\/div>\n\t\t\t\t\t\t<\/div>\n\t\t\t\t<\/div>\n\t\t\t\t\t<\/div>\n\t\t<\/div>\n\t\t\t\t\t<\/div>\n\t\t<\/section>\n\t\t\t\t<\/div>","protected":false},"excerpt":{"rendered":"<p>Prof. Dr. Alper Kaya Omurgan\u0131n Dejeneratif Hastal\u0131klar\u0131 Omurgan\u0131n Dejeneratif Hastal\u0131klar\u0131 omurgay\u0131 olu\u015fturan disk, eklem, ba\u011f ve kemik yap\u0131lar\u0131n zamanla y\u0131pranmas\u0131 ve i\u015flev kayb\u0131na u\u011framas\u0131 sonucu ortaya \u00e7\u0131kan hastal\u0131klar grubudur. Bu&hellip;<\/p>","protected":false},"author":1,"featured_media":0,"parent":0,"menu_order":0,"comment_status":"closed","ping_status":"closed","template":"","meta":{"footnotes":""},"class_list":["post-18499","page","type-page","status-publish","hentry"],"_links":{"self":[{"href":"https:\/\/www.alperkaya.com.tr\/en\/wp-json\/wp\/v2\/pages\/18499","targetHints":{"allow":["GET"]}}],"collection":[{"href":"https:\/\/www.alperkaya.com.tr\/en\/wp-json\/wp\/v2\/pages"}],"about":[{"href":"https:\/\/www.alperkaya.com.tr\/en\/wp-json\/wp\/v2\/types\/page"}],"author":[{"embeddable":true,"href":"https:\/\/www.alperkaya.com.tr\/en\/wp-json\/wp\/v2\/users\/1"}],"replies":[{"embeddable":true,"href":"https:\/\/www.alperkaya.com.tr\/en\/wp-json\/wp\/v2\/comments?post=18499"}],"version-history":[{"count":10,"href":"https:\/\/www.alperkaya.com.tr\/en\/wp-json\/wp\/v2\/pages\/18499\/revisions"}],"predecessor-version":[{"id":18518,"href":"https:\/\/www.alperkaya.com.tr\/en\/wp-json\/wp\/v2\/pages\/18499\/revisions\/18518"}],"wp:attachment":[{"href":"https:\/\/www.alperkaya.com.tr\/en\/wp-json\/wp\/v2\/media?parent=18499"}],"curies":[{"name":"wp","href":"https:\/\/api.w.org\/{rel}","templated":true}]}}