{"id":18537,"date":"2026-01-13T05:57:40","date_gmt":"2026-01-13T02:57:40","guid":{"rendered":"https:\/\/www.alperkaya.com.tr\/?page_id=18537"},"modified":"2026-01-13T06:13:34","modified_gmt":"2026-01-13T03:13:34","slug":"beyincik-sarkmasi","status":"publish","type":"page","link":"https:\/\/www.alperkaya.com.tr\/en\/beyincik-sarkmasi\/","title":{"rendered":"Cerebellar Tonsillar Herniation"},"content":{"rendered":"<div data-elementor-type=\"wp-page\" data-elementor-id=\"18537\" class=\"elementor elementor-18537\">\n\t\t\t\t\t\t<section class=\"elementor-section elementor-top-section elementor-element elementor-element-4017222 elementor-section-full_width scheme_dark elementor-section-height-min-height elementor-section-height-default elementor-section-items-middle sc_fly_static\" data-id=\"4017222\" data-element_type=\"section\" data-settings=\"{&quot;background_background&quot;:&quot;classic&quot;}\">\n\t\t\t\t\t\t\t<div class=\"elementor-background-overlay\"><\/div>\n\t\t\t\t\t\t\t<div class=\"elementor-container elementor-column-gap-extended\">\n\t\t\t\t\t<div class=\"elementor-column elementor-col-100 elementor-top-column elementor-element elementor-element-53f3977 sc_content_align_inherit sc_layouts_column_icons_position_left sc_fly_static\" data-id=\"53f3977\" data-element_type=\"column\">\n\t\t\t<div class=\"elementor-widget-wrap elementor-element-populated\">\n\t\t\t\t\t\t<div class=\"elementor-element elementor-element-451b79d sc_fly_static elementor-widget elementor-widget-spacer\" data-id=\"451b79d\" data-element_type=\"widget\" data-widget_type=\"spacer.default\">\n\t\t\t\t<div class=\"elementor-widget-container\">\n\t\t\t\t\t\t\t<div class=\"elementor-spacer\">\n\t\t\t<div class=\"elementor-spacer-inner\"><\/div>\n\t\t<\/div>\n\t\t\t\t\t\t<\/div>\n\t\t\t\t<\/div>\n\t\t\t\t<section class=\"elementor-section elementor-inner-section elementor-element elementor-element-39a3d68 elementor-section-boxed elementor-section-height-default elementor-section-height-default sc_fly_static\" data-id=\"39a3d68\" data-element_type=\"section\">\n\t\t\t\t\t\t<div class=\"elementor-container elementor-column-gap-extended\">\n\t\t\t\t\t<div class=\"elementor-column elementor-col-16 elementor-inner-column elementor-element elementor-element-e2db00e sc_content_align_inherit sc_layouts_column_icons_position_left sc_fly_static\" data-id=\"e2db00e\" data-element_type=\"column\">\n\t\t\t<div class=\"elementor-widget-wrap\">\n\t\t\t\t\t\t\t<\/div>\n\t\t<\/div>\n\t\t\t\t<div class=\"elementor-column elementor-col-66 elementor-inner-column elementor-element elementor-element-6faa6a0 sc_content_align_inherit sc_layouts_column_icons_position_left sc_fly_static\" data-id=\"6faa6a0\" data-element_type=\"column\">\n\t\t\t<div class=\"elementor-widget-wrap\">\n\t\t\t\t\t\t\t<\/div>\n\t\t<\/div>\n\t\t\t\t<div class=\"elementor-column elementor-col-16 elementor-inner-column elementor-element elementor-element-7c0aaee sc_content_align_inherit sc_layouts_column_icons_position_left sc_fly_static\" data-id=\"7c0aaee\" data-element_type=\"column\">\n\t\t\t<div class=\"elementor-widget-wrap\">\n\t\t\t\t\t\t\t<\/div>\n\t\t<\/div>\n\t\t\t\t\t<\/div>\n\t\t<\/section>\n\t\t\t\t<div class=\"elementor-element elementor-element-c10d00d sc_fly_static elementor-widget elementor-widget-trx_sc_title\" data-id=\"c10d00d\" data-element_type=\"widget\" data-widget_type=\"trx_sc_title.default\">\n\t\t\t\t<div class=\"elementor-widget-container\">\n\t\t\t\t\t<div\t\tclass=\"sc_title color_style_dark sc_title_default\" ><span class=\"sc_item_subtitle sc_title_subtitle sc_align_center sc_item_subtitle_above sc_item_title_style_default\">Prof. Dr. Alper Kaya<\/span><h1 class=\"sc_item_title sc_title_title sc_align_center sc_item_title_style_default sc_item_title_tag\"\n\t\t\t><span class=\"sc_item_title_text\">Cerebellar Tonsillar Herniation<\/span><\/h1><\/div>\t\t\t\t<\/div>\n\t\t\t\t<\/div>\n\t\t\t\t<div class=\"elementor-element elementor-element-6c22fbb sc_fly_static elementor-widget elementor-widget-spacer\" data-id=\"6c22fbb\" data-element_type=\"widget\" data-widget_type=\"spacer.default\">\n\t\t\t\t<div class=\"elementor-widget-container\">\n\t\t\t\t\t\t\t<div class=\"elementor-spacer\">\n\t\t\t<div class=\"elementor-spacer-inner\"><\/div>\n\t\t<\/div>\n\t\t\t\t\t\t<\/div>\n\t\t\t\t<\/div>\n\t\t\t\t\t<\/div>\n\t\t<\/div>\n\t\t\t\t\t<\/div>\n\t\t<\/section>\n\t\t\t\t<section class=\"elementor-section elementor-top-section elementor-element elementor-element-49686de elementor-section-height-min-height elementor-section-content-top elementor-section-items-top elementor-section-boxed elementor-section-height-default sc_fly_static\" data-id=\"49686de\" data-element_type=\"section\">\n\t\t\t\t\t\t<div class=\"elementor-container elementor-column-gap-extended\">\n\t\t\t\t\t<div class=\"elementor-column elementor-col-100 elementor-top-column elementor-element elementor-element-f1dbf11 sc_layouts_column_align_center sc_layouts_column sc_content_align_inherit sc_layouts_column_icons_position_left sc_fly_static\" data-id=\"f1dbf11\" data-element_type=\"column\">\n\t\t\t<div class=\"elementor-widget-wrap elementor-element-populated\">\n\t\t\t\t\t\t<div class=\"elementor-element elementor-element-b5f1be0 elementor-view-default sc_fly_static elementor-widget elementor-widget-icon\" data-id=\"b5f1be0\" data-element_type=\"widget\" data-widget_type=\"icon.default\">\n\t\t\t\t<div class=\"elementor-widget-container\">\n\t\t\t\t\t\t\t<div class=\"elementor-icon-wrapper\">\n\t\t\t<a class=\"elementor-icon\" href=\"#anchor\">\n\t\t\t<svg xmlns=\"http:\/\/www.w3.org\/2000\/svg\" width=\"14.626\" height=\"8.639\" viewbox=\"0 0 14.626 8.639\"><g id=\"down-arrow\" transform=\"translate(0 -70.698)\"><g id=\"Group_8820\" data-name=\"Group 8820\" transform=\"translate(0 100.698)\"><path id=\"Path_6507\" data-name=\"Path 6507\" d=\"M14.392,101.42l-.479-.482a.8.8,0,0,0-1.132,0L7.316,106.4l-5.472-5.472a.8.8,0,0,0-1.132,0l-.479.479a.8.8,0,0,0,0,1.131l6.515,6.538a.818.818,0,0,0,.567.257h0a.818.818,0,0,0,.566-.257l6.508-6.52a.808.808,0,0,0,.234-.571A.8.8,0,0,0,14.392,101.42Z\" transform=\"translate(0 -130.698)\"><\/path><\/g><\/g><\/svg>\t\t\t<\/a>\n\t\t<\/div>\n\t\t\t\t\t\t<\/div>\n\t\t\t\t<\/div>\n\t\t\t\t\t<\/div>\n\t\t<\/div>\n\t\t\t\t\t<\/div>\n\t\t<\/section>\n\t\t\t\t<section class=\"elementor-section elementor-top-section elementor-element elementor-element-07505bc elementor-section-boxed elementor-section-height-default elementor-section-height-default sc_fly_static\" data-id=\"07505bc\" data-element_type=\"section\">\n\t\t\t\t\t\t<div class=\"elementor-container elementor-column-gap-extended\">\n\t\t\t\t\t<div class=\"elementor-column elementor-col-100 elementor-top-column elementor-element elementor-element-e81588a sc_content_align_inherit sc_layouts_column_icons_position_left sc_fly_static\" data-id=\"e81588a\" data-element_type=\"column\">\n\t\t\t<div class=\"elementor-widget-wrap elementor-element-populated\">\n\t\t\t\t\t\t<div class=\"elementor-element elementor-element-b8db04c sc_fly_static elementor-widget elementor-widget-trx_sc_anchor\" data-id=\"b8db04c\" data-element_type=\"widget\" data-widget_type=\"trx_sc_anchor.default\">\n\t\t\t\t<div class=\"elementor-widget-container\">\n\t\t\t\t\t<a id=\"sc_anchor_anchor\"\ttitle=\"\"  class=\"sc_anchor sc_anchor_default\" data-vc-icon=\"\" data-url=\"\" ><\/a>\t\t\t\t<\/div>\n\t\t\t\t<\/div>\n\t\t\t\t<div class=\"elementor-element elementor-element-c75e150 sc_height_huge sc_fly_static elementor-widget elementor-widget-spacer\" data-id=\"c75e150\" data-element_type=\"widget\" data-widget_type=\"spacer.default\">\n\t\t\t\t<div class=\"elementor-widget-container\">\n\t\t\t\t\t\t\t<div class=\"elementor-spacer\">\n\t\t\t<div class=\"elementor-spacer-inner\"><\/div>\n\t\t<\/div>\n\t\t\t\t\t\t<\/div>\n\t\t\t\t<\/div>\n\t\t\t\t\t<\/div>\n\t\t<\/div>\n\t\t\t\t\t<\/div>\n\t\t<\/section>\n\t\t\t\t<section class=\"elementor-section elementor-top-section elementor-element elementor-element-c05ea22 scheme_default elementor-section-boxed elementor-section-height-default elementor-section-height-default sc_fly_static\" data-id=\"c05ea22\" data-element_type=\"section\" data-settings=\"{&quot;background_background&quot;:&quot;classic&quot;}\">\n\t\t\t\t\t\t<div class=\"elementor-container elementor-column-gap-extended\">\n\t\t\t\t\t<div class=\"elementor-column elementor-col-50 elementor-top-column elementor-element elementor-element-b9b9ce3 sc_content_align_inherit sc_layouts_column_icons_position_left sc_fly_static\" data-id=\"b9b9ce3\" data-element_type=\"column\">\n\t\t\t<div class=\"elementor-widget-wrap elementor-element-populated\">\n\t\t\t\t\t\t<section class=\"elementor-section elementor-inner-section elementor-element elementor-element-efa1ff2 elementor-section-boxed elementor-section-height-default elementor-section-height-default sc_fly_static\" data-id=\"efa1ff2\" data-element_type=\"section\">\n\t\t\t\t\t\t<div class=\"elementor-container elementor-column-gap-no\">\n\t\t\t\t\t<div class=\"elementor-column elementor-col-100 elementor-inner-column elementor-element elementor-element-174296f sc_content_align_inherit sc_layouts_column_icons_position_left sc_fly_static\" data-id=\"174296f\" data-element_type=\"column\">\n\t\t\t<div class=\"elementor-widget-wrap elementor-element-populated\">\n\t\t\t\t\t\t<div class=\"elementor-element elementor-element-4005259 no-title sc_fly_static elementor-widget elementor-widget-image\" data-id=\"4005259\" data-element_type=\"widget\" data-widget_type=\"image.default\">\n\t\t\t\t<div class=\"elementor-widget-container\">\n\t\t\t\t\t\t\t\t\t\t\t\t\t\t\t<img fetchpriority=\"high\" decoding=\"async\" width=\"2560\" height=\"1454\" src=\"https:\/\/www.alperkaya.com.tr\/wp-content\/uploads\/ARNOLD\u2013CHIAR-scaled.jpg\" class=\"attachment-full size-full wp-image-18547\" alt=\"\" srcset=\"https:\/\/www.alperkaya.com.tr\/wp-content\/uploads\/ARNOLD\u2013CHIAR-scaled.jpg 2560w, https:\/\/www.alperkaya.com.tr\/wp-content\/uploads\/ARNOLD\u2013CHIAR-500x284.jpg 500w, https:\/\/www.alperkaya.com.tr\/wp-content\/uploads\/ARNOLD\u2013CHIAR-1024x581.jpg 1024w, https:\/\/www.alperkaya.com.tr\/wp-content\/uploads\/ARNOLD\u2013CHIAR-768x436.jpg 768w, https:\/\/www.alperkaya.com.tr\/wp-content\/uploads\/ARNOLD\u2013CHIAR-1536x872.jpg 1536w, https:\/\/www.alperkaya.com.tr\/wp-content\/uploads\/ARNOLD\u2013CHIAR-2048x1163.jpg 2048w, https:\/\/www.alperkaya.com.tr\/wp-content\/uploads\/ARNOLD\u2013CHIAR-18x10.jpg 18w, https:\/\/www.alperkaya.com.tr\/wp-content\/uploads\/ARNOLD\u2013CHIAR-370x210.jpg 370w, https:\/\/www.alperkaya.com.tr\/wp-content\/uploads\/ARNOLD\u2013CHIAR-840x477.jpg 840w, https:\/\/www.alperkaya.com.tr\/wp-content\/uploads\/ARNOLD\u2013CHIAR-410x233.jpg 410w, https:\/\/www.alperkaya.com.tr\/wp-content\/uploads\/ARNOLD\u2013CHIAR-270x152.jpg 270w\" sizes=\"(max-width: 2560px) 100vw, 2560px\" \/>\t\t\t\t\t\t\t\t\t\t\t\t\t\t\t<\/div>\n\t\t\t\t<\/div>\n\t\t\t\t<div class=\"elementor-element elementor-element-18b0ade sc_fly_static elementor-widget elementor-widget-image\" data-id=\"18b0ade\" data-element_type=\"widget\" data-widget_type=\"image.default\">\n\t\t\t\t<div class=\"elementor-widget-container\">\n\t\t\t\t\t\t\t\t\t\t\t\t\t\t\t<img decoding=\"async\" width=\"1024\" height=\"575\" src=\"https:\/\/www.alperkaya.com.tr\/wp-content\/uploads\/chiari_malformation-1024x575.jpg\" class=\"attachment-large size-large wp-image-18548\" alt=\"\" srcset=\"https:\/\/www.alperkaya.com.tr\/wp-content\/uploads\/chiari_malformation-1024x575.jpg 1024w, https:\/\/www.alperkaya.com.tr\/wp-content\/uploads\/chiari_malformation-500x281.jpg 500w, https:\/\/www.alperkaya.com.tr\/wp-content\/uploads\/chiari_malformation-768x431.jpg 768w, https:\/\/www.alperkaya.com.tr\/wp-content\/uploads\/chiari_malformation-18x10.jpg 18w, https:\/\/www.alperkaya.com.tr\/wp-content\/uploads\/chiari_malformation-370x208.jpg 370w, https:\/\/www.alperkaya.com.tr\/wp-content\/uploads\/chiari_malformation-1290x725.jpg 1290w, https:\/\/www.alperkaya.com.tr\/wp-content\/uploads\/chiari_malformation-840x471.jpg 840w, https:\/\/www.alperkaya.com.tr\/wp-content\/uploads\/chiari_malformation-410x230.jpg 410w, https:\/\/www.alperkaya.com.tr\/wp-content\/uploads\/chiari_malformation-270x152.jpg 270w, https:\/\/www.alperkaya.com.tr\/wp-content\/uploads\/chiari_malformation.jpg 1297w\" sizes=\"(max-width: 1024px) 100vw, 1024px\" \/>\t\t\t\t\t\t\t\t\t\t\t\t\t\t\t<\/div>\n\t\t\t\t<\/div>\n\t\t\t\t<div class=\"elementor-element elementor-element-158ff0e sc_fly_static elementor-widget elementor-widget-image\" data-id=\"158ff0e\" data-element_type=\"widget\" data-widget_type=\"image.default\">\n\t\t\t\t<div class=\"elementor-widget-container\">\n\t\t\t\t\t\t\t\t\t\t\t\t\t\t\t<img decoding=\"async\" width=\"970\" height=\"1024\" src=\"https:\/\/www.alperkaya.com.tr\/wp-content\/uploads\/CEREBELLAR-TONSILLAR-970x1024.png\" class=\"attachment-large size-large wp-image-18550\" alt=\"\" srcset=\"https:\/\/www.alperkaya.com.tr\/wp-content\/uploads\/CEREBELLAR-TONSILLAR-970x1024.png 970w, https:\/\/www.alperkaya.com.tr\/wp-content\/uploads\/CEREBELLAR-TONSILLAR-474x500.png 474w, https:\/\/www.alperkaya.com.tr\/wp-content\/uploads\/CEREBELLAR-TONSILLAR-768x811.png 768w, https:\/\/www.alperkaya.com.tr\/wp-content\/uploads\/CEREBELLAR-TONSILLAR-11x12.png 11w, https:\/\/www.alperkaya.com.tr\/wp-content\/uploads\/CEREBELLAR-TONSILLAR-370x391.png 370w, https:\/\/www.alperkaya.com.tr\/wp-content\/uploads\/CEREBELLAR-TONSILLAR-840x887.png 840w, https:\/\/www.alperkaya.com.tr\/wp-content\/uploads\/CEREBELLAR-TONSILLAR-410x433.png 410w, https:\/\/www.alperkaya.com.tr\/wp-content\/uploads\/CEREBELLAR-TONSILLAR.png 986w\" sizes=\"(max-width: 970px) 100vw, 970px\" \/>\t\t\t\t\t\t\t\t\t\t\t\t\t\t\t<\/div>\n\t\t\t\t<\/div>\n\t\t\t\t\t<\/div>\n\t\t<\/div>\n\t\t\t\t\t<\/div>\n\t\t<\/section>\n\t\t\t\t\t<\/div>\n\t\t<\/div>\n\t\t\t\t<div class=\"elementor-column elementor-col-50 elementor-top-column elementor-element elementor-element-2b63858 sc_content_align_inherit sc_layouts_column_icons_position_left sc_fly_static\" data-id=\"2b63858\" data-element_type=\"column\">\n\t\t\t<div class=\"elementor-widget-wrap elementor-element-populated\">\n\t\t\t\t\t\t<div class=\"elementor-element elementor-element-33bd403 sc_fly_static elementor-widget elementor-widget-trx_sc_title\" data-id=\"33bd403\" data-element_type=\"widget\" data-widget_type=\"trx_sc_title.default\">\n\t\t\t\t<div class=\"elementor-widget-container\">\n\t\t\t\t\t<div\t\tclass=\"sc_title sc_title_default\" ><h1 class=\"sc_item_title sc_title_title sc_item_title_style_default sc_item_title_tag\"\n\t\t\t><span class=\"sc_item_title_text\">Cerebellar Tonsillar Herniation<\/span><\/h1><\/div>\t\t\t\t<\/div>\n\t\t\t\t<\/div>\n\t\t\t\t<div class=\"elementor-element elementor-element-1b4b8b6 sc_fly_static elementor-widget elementor-widget-text-editor\" data-id=\"1b4b8b6\" data-element_type=\"widget\" data-widget_type=\"text-editor.default\">\n\t\t\t\t<div class=\"elementor-widget-container\">\n\t\t\t\t\t\t\t\t\t<p>Arnold\u2013Chiari malformation, one of the conditions requiring advanced expertise in the practice of Prof. Dr. Alper Kaya, is a neurological disorder characterized by the downward displacement of the lower parts of the cerebellum into the spinal canal. This condition may be congenital or acquired and can disrupt the normal circulation of cerebrospinal fluid, leading to various neurological symptoms.<\/p><p><strong>What Is Arnold\u2013Chiari Malformation?<\/strong><\/p><p>Arnold\u2013Chiari malformation results from an anatomical mismatch between the skull and the brain, causing the cerebellum to extend beyond its normal boundaries. The most common form is Chiari Type I, which may become symptomatic during childhood or adulthood.<\/p><p><strong>As a result of this displacement<\/strong><\/p><ul><li>Cerebrospinal fluid (CSF) flow may be impaired<\/li><li>The brainstem and spinal cord may be compressed<\/li><li>Secondary neurological complications may develop over time<\/li><\/ul><p><strong>.<\/strong><\/p><p>Symptoms vary among individuals and may develop gradually over years. Common symptoms include:<\/p><ul><li>Pain at the back of the head and neck (often worsened by coughing or straining)<\/li><li>Dizziness and balance disturbances<\/li><li>Neck pain<\/li><li>Numbness or weakness in the arms and legs<\/li><li>Difficulty swallowing or voice changes<\/li><li>In advanced cases, fluid accumulation within the spinal cord (syringomyelia)<\/li><\/ul><p><strong>Diagnostic Evaluation<\/strong><\/p><p>Magnetic Resonance Imaging (MRI) is the primary diagnostic tool for Arnold\u2013Chiari malformation. The evaluation process includes:<\/p><ul><li>Detailed neurological examination<\/li><li>MRI of the brain and cervical spine<\/li><li>Assessment of cerebrospinal fluid flow<\/li><li>Evaluation of the impact of symptoms on daily life<\/li><\/ul><p>The goal is to assess not only the anatomical displacement but also its functional consequences<\/p><p><strong>Treatment Approach<\/strong><\/p><p>Not all patients with Arnold\u2013Chiari malformation require surgery. Treatment decisions are based on:<\/p><ul><li>Severity of symptoms<\/li><li>Presence of neurological deficits<\/li><li>Degree of cerebrospinal fluid flow impairment<\/li><\/ul><p>When surgical treatment is indicated, the main objectives are:<\/p><p><strong>When surgical treatment is indicated, the primary objectives are:<\/strong><\/p><ul><li>Reducing pressure on the brain and spinal cord<\/li><li>Restoring normal cerebrospinal fluid circulation<\/li><li>Preserving and improving neurological function<\/li><\/ul><p><strong>Follow-up and Long-Term Management<\/strong><\/p><p>Careful follow-up is essential for patients with Arnold\u2013Chiari malformation. After treatment or in conservatively managed cases:<\/p><ul><li>Regular clinical evaluations<\/li><li>Radiological monitoring with MRI<\/li><li>Ongoing neurological assessment<\/li><\/ul><p>are maintained within a structured follow-up plan. The goal is to control disease progression and preserve quality of life.<\/p>\t\t\t\t\t\t\t\t<\/div>\n\t\t\t\t<\/div>\n\t\t\t\t<div class=\"elementor-element elementor-element-df342e1 sc_height_small sc_fly_static elementor-widget elementor-widget-spacer\" data-id=\"df342e1\" data-element_type=\"widget\" data-widget_type=\"spacer.default\">\n\t\t\t\t<div class=\"elementor-widget-container\">\n\t\t\t\t\t\t\t<div class=\"elementor-spacer\">\n\t\t\t<div class=\"elementor-spacer-inner\"><\/div>\n\t\t<\/div>\n\t\t\t\t\t\t<\/div>\n\t\t\t\t<\/div>\n\t\t\t\t\t<\/div>\n\t\t<\/div>\n\t\t\t\t\t<\/div>\n\t\t<\/section>\n\t\t\t\t<\/div>","protected":false},"excerpt":{"rendered":"<p>Prof. Dr. Alper Kaya Beyincik Sarkmas\u0131 Beyincik Sarkmas\u0131 Arnold\u2013Chiari malformasyonu, beyinci\u011fin alt b\u00f6l\u00fcmlerinin (tonsillalar\u0131n) kafatas\u0131 taban\u0131ndan a\u015fa\u011f\u0131 do\u011fru, omurilik kanal\u0131na sarkmas\u0131yla karakterize do\u011fumsal veya kazan\u0131lm\u0131\u015f bir n\u00f6rolojik hastal\u0131kt\u0131r. Bu durum,&hellip;<\/p>","protected":false},"author":1,"featured_media":0,"parent":0,"menu_order":0,"comment_status":"closed","ping_status":"closed","template":"","meta":{"footnotes":""},"class_list":["post-18537","page","type-page","status-publish","hentry"],"_links":{"self":[{"href":"https:\/\/www.alperkaya.com.tr\/en\/wp-json\/wp\/v2\/pages\/18537","targetHints":{"allow":["GET"]}}],"collection":[{"href":"https:\/\/www.alperkaya.com.tr\/en\/wp-json\/wp\/v2\/pages"}],"about":[{"href":"https:\/\/www.alperkaya.com.tr\/en\/wp-json\/wp\/v2\/types\/page"}],"author":[{"embeddable":true,"href":"https:\/\/www.alperkaya.com.tr\/en\/wp-json\/wp\/v2\/users\/1"}],"replies":[{"embeddable":true,"href":"https:\/\/www.alperkaya.com.tr\/en\/wp-json\/wp\/v2\/comments?post=18537"}],"version-history":[{"count":10,"href":"https:\/\/www.alperkaya.com.tr\/en\/wp-json\/wp\/v2\/pages\/18537\/revisions"}],"predecessor-version":[{"id":18553,"href":"https:\/\/www.alperkaya.com.tr\/en\/wp-json\/wp\/v2\/pages\/18537\/revisions\/18553"}],"wp:attachment":[{"href":"https:\/\/www.alperkaya.com.tr\/en\/wp-json\/wp\/v2\/media?parent=18537"}],"curies":[{"name":"wp","href":"https:\/\/api.w.org\/{rel}","templated":true}]}}