{"id":18558,"date":"2026-01-13T06:43:51","date_gmt":"2026-01-13T03:43:51","guid":{"rendered":"https:\/\/www.alperkaya.com.tr\/?page_id=18558"},"modified":"2026-01-13T07:25:34","modified_gmt":"2026-01-13T04:25:34","slug":"hidrosefali","status":"publish","type":"page","link":"https:\/\/www.alperkaya.com.tr\/en\/hidrosefali\/","title":{"rendered":"Hydrocephalus"},"content":{"rendered":"<div data-elementor-type=\"wp-page\" data-elementor-id=\"18558\" class=\"elementor elementor-18558\">\n\t\t\t\t\t\t<section class=\"elementor-section elementor-top-section elementor-element elementor-element-4017222 elementor-section-full_width scheme_dark elementor-section-height-min-height elementor-section-height-default elementor-section-items-middle sc_fly_static\" data-id=\"4017222\" data-element_type=\"section\" data-settings=\"{&quot;background_background&quot;:&quot;classic&quot;}\">\n\t\t\t\t\t\t\t<div class=\"elementor-background-overlay\"><\/div>\n\t\t\t\t\t\t\t<div class=\"elementor-container elementor-column-gap-extended\">\n\t\t\t\t\t<div class=\"elementor-column elementor-col-100 elementor-top-column elementor-element elementor-element-53f3977 sc_content_align_inherit sc_layouts_column_icons_position_left sc_fly_static\" data-id=\"53f3977\" data-element_type=\"column\">\n\t\t\t<div class=\"elementor-widget-wrap elementor-element-populated\">\n\t\t\t\t\t\t<div class=\"elementor-element elementor-element-451b79d sc_fly_static elementor-widget elementor-widget-spacer\" data-id=\"451b79d\" data-element_type=\"widget\" data-widget_type=\"spacer.default\">\n\t\t\t\t<div class=\"elementor-widget-container\">\n\t\t\t\t\t\t\t<div class=\"elementor-spacer\">\n\t\t\t<div class=\"elementor-spacer-inner\"><\/div>\n\t\t<\/div>\n\t\t\t\t\t\t<\/div>\n\t\t\t\t<\/div>\n\t\t\t\t<section class=\"elementor-section elementor-inner-section elementor-element elementor-element-39a3d68 elementor-section-boxed elementor-section-height-default elementor-section-height-default sc_fly_static\" data-id=\"39a3d68\" data-element_type=\"section\">\n\t\t\t\t\t\t<div class=\"elementor-container elementor-column-gap-extended\">\n\t\t\t\t\t<div class=\"elementor-column elementor-col-16 elementor-inner-column elementor-element elementor-element-e2db00e sc_content_align_inherit sc_layouts_column_icons_position_left sc_fly_static\" data-id=\"e2db00e\" data-element_type=\"column\">\n\t\t\t<div class=\"elementor-widget-wrap\">\n\t\t\t\t\t\t\t<\/div>\n\t\t<\/div>\n\t\t\t\t<div class=\"elementor-column elementor-col-66 elementor-inner-column elementor-element elementor-element-6faa6a0 sc_content_align_inherit sc_layouts_column_icons_position_left sc_fly_static\" data-id=\"6faa6a0\" data-element_type=\"column\">\n\t\t\t<div class=\"elementor-widget-wrap\">\n\t\t\t\t\t\t\t<\/div>\n\t\t<\/div>\n\t\t\t\t<div class=\"elementor-column elementor-col-16 elementor-inner-column elementor-element elementor-element-7c0aaee sc_content_align_inherit sc_layouts_column_icons_position_left sc_fly_static\" data-id=\"7c0aaee\" data-element_type=\"column\">\n\t\t\t<div class=\"elementor-widget-wrap\">\n\t\t\t\t\t\t\t<\/div>\n\t\t<\/div>\n\t\t\t\t\t<\/div>\n\t\t<\/section>\n\t\t\t\t<div class=\"elementor-element elementor-element-c10d00d sc_fly_static elementor-widget elementor-widget-trx_sc_title\" data-id=\"c10d00d\" data-element_type=\"widget\" data-widget_type=\"trx_sc_title.default\">\n\t\t\t\t<div class=\"elementor-widget-container\">\n\t\t\t\t\t<div\t\tclass=\"sc_title color_style_dark sc_title_default\" ><span class=\"sc_item_subtitle sc_title_subtitle sc_align_center sc_item_subtitle_above sc_item_title_style_default\">Prof. Dr. Alper Kaya<\/span><h1 class=\"sc_item_title sc_title_title sc_align_center sc_item_title_style_default sc_item_title_tag\"\n\t\t\t><span class=\"sc_item_title_text\">Hydrocephalus<\/span><\/h1><\/div>\t\t\t\t<\/div>\n\t\t\t\t<\/div>\n\t\t\t\t<div class=\"elementor-element elementor-element-6c22fbb sc_fly_static elementor-widget elementor-widget-spacer\" data-id=\"6c22fbb\" data-element_type=\"widget\" data-widget_type=\"spacer.default\">\n\t\t\t\t<div class=\"elementor-widget-container\">\n\t\t\t\t\t\t\t<div class=\"elementor-spacer\">\n\t\t\t<div class=\"elementor-spacer-inner\"><\/div>\n\t\t<\/div>\n\t\t\t\t\t\t<\/div>\n\t\t\t\t<\/div>\n\t\t\t\t\t<\/div>\n\t\t<\/div>\n\t\t\t\t\t<\/div>\n\t\t<\/section>\n\t\t\t\t<section class=\"elementor-section elementor-top-section elementor-element elementor-element-49686de elementor-section-height-min-height elementor-section-content-top elementor-section-items-top elementor-section-boxed elementor-section-height-default sc_fly_static\" data-id=\"49686de\" data-element_type=\"section\">\n\t\t\t\t\t\t<div class=\"elementor-container elementor-column-gap-extended\">\n\t\t\t\t\t<div class=\"elementor-column elementor-col-100 elementor-top-column elementor-element elementor-element-f1dbf11 sc_layouts_column_align_center sc_layouts_column sc_content_align_inherit sc_layouts_column_icons_position_left sc_fly_static\" data-id=\"f1dbf11\" data-element_type=\"column\">\n\t\t\t<div class=\"elementor-widget-wrap elementor-element-populated\">\n\t\t\t\t\t\t<div class=\"elementor-element elementor-element-b5f1be0 elementor-view-default sc_fly_static elementor-widget elementor-widget-icon\" data-id=\"b5f1be0\" data-element_type=\"widget\" data-widget_type=\"icon.default\">\n\t\t\t\t<div class=\"elementor-widget-container\">\n\t\t\t\t\t\t\t<div class=\"elementor-icon-wrapper\">\n\t\t\t<a class=\"elementor-icon\" href=\"#anchor\">\n\t\t\t<svg xmlns=\"http:\/\/www.w3.org\/2000\/svg\" width=\"14.626\" height=\"8.639\" viewbox=\"0 0 14.626 8.639\"><g id=\"down-arrow\" transform=\"translate(0 -70.698)\"><g id=\"Group_8820\" data-name=\"Group 8820\" transform=\"translate(0 100.698)\"><path id=\"Path_6507\" data-name=\"Path 6507\" d=\"M14.392,101.42l-.479-.482a.8.8,0,0,0-1.132,0L7.316,106.4l-5.472-5.472a.8.8,0,0,0-1.132,0l-.479.479a.8.8,0,0,0,0,1.131l6.515,6.538a.818.818,0,0,0,.567.257h0a.818.818,0,0,0,.566-.257l6.508-6.52a.808.808,0,0,0,.234-.571A.8.8,0,0,0,14.392,101.42Z\" transform=\"translate(0 -130.698)\"><\/path><\/g><\/g><\/svg>\t\t\t<\/a>\n\t\t<\/div>\n\t\t\t\t\t\t<\/div>\n\t\t\t\t<\/div>\n\t\t\t\t\t<\/div>\n\t\t<\/div>\n\t\t\t\t\t<\/div>\n\t\t<\/section>\n\t\t\t\t<section class=\"elementor-section elementor-top-section elementor-element elementor-element-07505bc elementor-section-boxed elementor-section-height-default elementor-section-height-default sc_fly_static\" data-id=\"07505bc\" data-element_type=\"section\">\n\t\t\t\t\t\t<div class=\"elementor-container elementor-column-gap-extended\">\n\t\t\t\t\t<div class=\"elementor-column elementor-col-100 elementor-top-column elementor-element elementor-element-e81588a sc_content_align_inherit sc_layouts_column_icons_position_left sc_fly_static\" data-id=\"e81588a\" data-element_type=\"column\">\n\t\t\t<div class=\"elementor-widget-wrap elementor-element-populated\">\n\t\t\t\t\t\t<div class=\"elementor-element elementor-element-b8db04c sc_fly_static elementor-widget elementor-widget-trx_sc_anchor\" data-id=\"b8db04c\" data-element_type=\"widget\" data-widget_type=\"trx_sc_anchor.default\">\n\t\t\t\t<div class=\"elementor-widget-container\">\n\t\t\t\t\t<a id=\"sc_anchor_anchor\"\ttitle=\"\"  class=\"sc_anchor sc_anchor_default\" data-vc-icon=\"\" data-url=\"\" ><\/a>\t\t\t\t<\/div>\n\t\t\t\t<\/div>\n\t\t\t\t<div class=\"elementor-element elementor-element-c75e150 sc_height_huge sc_fly_static elementor-widget elementor-widget-spacer\" data-id=\"c75e150\" data-element_type=\"widget\" data-widget_type=\"spacer.default\">\n\t\t\t\t<div class=\"elementor-widget-container\">\n\t\t\t\t\t\t\t<div class=\"elementor-spacer\">\n\t\t\t<div class=\"elementor-spacer-inner\"><\/div>\n\t\t<\/div>\n\t\t\t\t\t\t<\/div>\n\t\t\t\t<\/div>\n\t\t\t\t\t<\/div>\n\t\t<\/div>\n\t\t\t\t\t<\/div>\n\t\t<\/section>\n\t\t\t\t<section class=\"elementor-section elementor-top-section elementor-element elementor-element-c05ea22 scheme_default elementor-section-boxed elementor-section-height-default elementor-section-height-default sc_fly_static\" data-id=\"c05ea22\" data-element_type=\"section\" data-settings=\"{&quot;background_background&quot;:&quot;classic&quot;}\">\n\t\t\t\t\t\t<div class=\"elementor-container elementor-column-gap-extended\">\n\t\t\t\t\t<div class=\"elementor-column elementor-col-50 elementor-top-column elementor-element elementor-element-b9b9ce3 sc_content_align_inherit sc_layouts_column_icons_position_left sc_fly_static\" data-id=\"b9b9ce3\" data-element_type=\"column\">\n\t\t\t<div class=\"elementor-widget-wrap elementor-element-populated\">\n\t\t\t\t\t\t<section class=\"elementor-section elementor-inner-section elementor-element elementor-element-efa1ff2 elementor-section-boxed elementor-section-height-default elementor-section-height-default sc_fly_static\" data-id=\"efa1ff2\" data-element_type=\"section\">\n\t\t\t\t\t\t<div class=\"elementor-container elementor-column-gap-no\">\n\t\t\t\t\t<div class=\"elementor-column elementor-col-100 elementor-inner-column elementor-element elementor-element-174296f sc_content_align_inherit sc_layouts_column_icons_position_left sc_fly_static\" data-id=\"174296f\" data-element_type=\"column\">\n\t\t\t<div class=\"elementor-widget-wrap elementor-element-populated\">\n\t\t\t\t\t\t<div class=\"elementor-element elementor-element-4005259 no-title sc_fly_static elementor-widget elementor-widget-image\" data-id=\"4005259\" data-element_type=\"widget\" data-widget_type=\"image.default\">\n\t\t\t\t<div class=\"elementor-widget-container\">\n\t\t\t\t\t\t\t\t\t\t\t\t\t\t\t<img fetchpriority=\"high\" decoding=\"async\" width=\"1439\" height=\"728\" src=\"https:\/\/www.alperkaya.com.tr\/wp-content\/uploads\/hydrocephalus_normal.jpg\" class=\"attachment-full size-full wp-image-18566\" alt=\"\" srcset=\"https:\/\/www.alperkaya.com.tr\/wp-content\/uploads\/hydrocephalus_normal.jpg 1439w, https:\/\/www.alperkaya.com.tr\/wp-content\/uploads\/hydrocephalus_normal-500x253.jpg 500w, https:\/\/www.alperkaya.com.tr\/wp-content\/uploads\/hydrocephalus_normal-1024x518.jpg 1024w, https:\/\/www.alperkaya.com.tr\/wp-content\/uploads\/hydrocephalus_normal-768x389.jpg 768w, https:\/\/www.alperkaya.com.tr\/wp-content\/uploads\/hydrocephalus_normal-18x9.jpg 18w, https:\/\/www.alperkaya.com.tr\/wp-content\/uploads\/hydrocephalus_normal-370x187.jpg 370w, https:\/\/www.alperkaya.com.tr\/wp-content\/uploads\/hydrocephalus_normal-840x425.jpg 840w, https:\/\/www.alperkaya.com.tr\/wp-content\/uploads\/hydrocephalus_normal-410x207.jpg 410w\" sizes=\"(max-width: 1439px) 100vw, 1439px\" \/>\t\t\t\t\t\t\t\t\t\t\t\t\t\t\t<\/div>\n\t\t\t\t<\/div>\n\t\t\t\t<div class=\"elementor-element elementor-element-18b0ade sc_fly_static elementor-widget elementor-widget-image\" data-id=\"18b0ade\" data-element_type=\"widget\" data-widget_type=\"image.default\">\n\t\t\t\t<div class=\"elementor-widget-container\">\n\t\t\t\t\t\t\t\t\t\t\t\t\t\t\t<img decoding=\"async\" width=\"1024\" height=\"643\" src=\"https:\/\/www.alperkaya.com.tr\/wp-content\/uploads\/hydrocephalus-CDC-2-1024x643.webp\" class=\"attachment-large size-large wp-image-18567\" alt=\"\" srcset=\"https:\/\/www.alperkaya.com.tr\/wp-content\/uploads\/hydrocephalus-CDC-2-1024x643.webp 1024w, https:\/\/www.alperkaya.com.tr\/wp-content\/uploads\/hydrocephalus-CDC-2-500x314.webp 500w, https:\/\/www.alperkaya.com.tr\/wp-content\/uploads\/hydrocephalus-CDC-2-768x482.webp 768w, https:\/\/www.alperkaya.com.tr\/wp-content\/uploads\/hydrocephalus-CDC-2-1536x965.webp 1536w, https:\/\/www.alperkaya.com.tr\/wp-content\/uploads\/hydrocephalus-CDC-2-2048x1286.webp 2048w, https:\/\/www.alperkaya.com.tr\/wp-content\/uploads\/hydrocephalus-CDC-2-18x12.webp 18w, https:\/\/www.alperkaya.com.tr\/wp-content\/uploads\/hydrocephalus-CDC-2-370x232.webp 370w, https:\/\/www.alperkaya.com.tr\/wp-content\/uploads\/hydrocephalus-CDC-2-840x528.webp 840w, https:\/\/www.alperkaya.com.tr\/wp-content\/uploads\/hydrocephalus-CDC-2-410x258.webp 410w\" sizes=\"(max-width: 1024px) 100vw, 1024px\" \/>\t\t\t\t\t\t\t\t\t\t\t\t\t\t\t<\/div>\n\t\t\t\t<\/div>\n\t\t\t\t<div class=\"elementor-element elementor-element-158ff0e sc_fly_static elementor-widget elementor-widget-image\" data-id=\"158ff0e\" data-element_type=\"widget\" data-widget_type=\"image.default\">\n\t\t\t\t<div class=\"elementor-widget-container\">\n\t\t\t\t\t\t\t\t\t\t\t\t\t\t\t<img decoding=\"async\" width=\"1024\" height=\"908\" src=\"https:\/\/www.alperkaya.com.tr\/wp-content\/uploads\/hydrocephalus-1024x908.jpg\" class=\"attachment-large size-large wp-image-18569\" alt=\"\" srcset=\"https:\/\/www.alperkaya.com.tr\/wp-content\/uploads\/hydrocephalus-1024x908.jpg 1024w, https:\/\/www.alperkaya.com.tr\/wp-content\/uploads\/hydrocephalus-500x444.jpg 500w, https:\/\/www.alperkaya.com.tr\/wp-content\/uploads\/hydrocephalus-768x681.jpg 768w, https:\/\/www.alperkaya.com.tr\/wp-content\/uploads\/hydrocephalus-14x12.jpg 14w, https:\/\/www.alperkaya.com.tr\/wp-content\/uploads\/hydrocephalus-370x328.jpg 370w, https:\/\/www.alperkaya.com.tr\/wp-content\/uploads\/hydrocephalus-840x745.jpg 840w, https:\/\/www.alperkaya.com.tr\/wp-content\/uploads\/hydrocephalus-410x364.jpg 410w, https:\/\/www.alperkaya.com.tr\/wp-content\/uploads\/hydrocephalus.jpg 1250w\" sizes=\"(max-width: 1024px) 100vw, 1024px\" \/>\t\t\t\t\t\t\t\t\t\t\t\t\t\t\t<\/div>\n\t\t\t\t<\/div>\n\t\t\t\t\t<\/div>\n\t\t<\/div>\n\t\t\t\t\t<\/div>\n\t\t<\/section>\n\t\t\t\t\t<\/div>\n\t\t<\/div>\n\t\t\t\t<div class=\"elementor-column elementor-col-50 elementor-top-column elementor-element elementor-element-2b63858 sc_content_align_inherit sc_layouts_column_icons_position_left sc_fly_static\" data-id=\"2b63858\" data-element_type=\"column\">\n\t\t\t<div class=\"elementor-widget-wrap elementor-element-populated\">\n\t\t\t\t\t\t<div class=\"elementor-element elementor-element-33bd403 sc_fly_static elementor-widget elementor-widget-trx_sc_title\" data-id=\"33bd403\" data-element_type=\"widget\" data-widget_type=\"trx_sc_title.default\">\n\t\t\t\t<div class=\"elementor-widget-container\">\n\t\t\t\t\t<div\t\tclass=\"sc_title sc_title_default\" ><h1 class=\"sc_item_title sc_title_title sc_item_title_style_default sc_item_title_tag\"\n\t\t\t><span class=\"sc_item_title_text\">Hydrocephalus<\/span><\/h1><\/div>\t\t\t\t<\/div>\n\t\t\t\t<\/div>\n\t\t\t\t<div class=\"elementor-element elementor-element-1b4b8b6 sc_fly_static elementor-widget elementor-widget-text-editor\" data-id=\"1b4b8b6\" data-element_type=\"widget\" data-widget_type=\"text-editor.default\">\n\t\t\t\t<div class=\"elementor-widget-container\">\n\t\t\t\t\t\t\t\t\t<p>Hydrocephalus, a key area within the clinical practice of Prof. Dr. Alper Kaya, is a dynamic neurological condition characterized by the accumulation of cerebrospinal fluid (CSF) within the brain ventricles due to impaired circulation, absorption, or drainage. Hydrocephalus may develop from infancy to advanced age and presents with distinct clinical features in pediatric and adult patients.<\/p><p><strong>What Is Hydrocephalus?<\/strong><\/p><p>Hydrocephalus is defined by an abnormal increase of CSF within the ventricular system of the brain. This accumulation may:<\/p><ul><li>Exert pressure on brain tissue<\/li><li>Increase intracranial pressure<\/li><li>Affect neurological functions<\/li><\/ul><p>The clinical course varies depending on the underlying cause and the age at onset.<\/p><p><strong>Each group requires distinct evaluation and treatment strategies<\/strong><\/p><ul><li>Symptoms and Clinical Findings<\/li><li>Symptoms vary by age group.<\/li><\/ul><p>.<\/p><p><strong>.<\/strong><\/p><p>.<\/p><p><strong>In pediatric patients:<\/strong><\/p><ul><li>Rapid increase in head circumference<\/li><li>Bulging fontanelle<\/li><li>Vomiting and feeding difficulties<\/li><li>Delayed developmental milestones<\/li><\/ul><p><strong>In adult patients:<\/strong><\/p><ul><li>Headache<\/li><li>Gait and balance disturbances<\/li><li>Memory and attention difficulties<\/li><li>Urinary incontinence<\/li><\/ul><p><strong>Diagnostic Evaluation<\/strong><\/p><p>Diagnosis requires integration of clinical findings and imaging. The evaluation includes:<\/p><ul><li>Detailed neurological examination<\/li><li>Magnetic Resonance Imaging (MRI)<\/li><li>Computed Tomography (CT) when indicated<\/li><li>Assessment of CSF circulation<\/li><\/ul><p>The goal is to accurately define the cause, type, and clinical impact of hydrocephalus.<\/p><p><strong>Treatment Approach<\/strong><\/p><p>Treatment of hydrocephalus is individualized and etiology-specific. The treatment plan considers:<\/p><ul><li>Patient\u2019s age<\/li><li>Type of hydrocephalus<\/li><li>Severity of clinical symptoms<\/li><\/ul><p>When surgical treatment is indicated, the primary objectives are:<\/p><p><strong>When surgical treatment is indicated, the primary objectives are:<\/strong><\/p><ul><li>Safe diversion of CSF<\/li><li>Regulation of intracranial pressure<\/li><li>Preservation and improvement of neurological function<\/li><\/ul><p><strong>Follow-up and Long-Term Management<\/strong><\/p><p>Hydrocephalus requires long-term follow-up. After treatment or during conservative management:<\/p><ul><li>Regular clinical evaluations<\/li><li>Imaging-based monitoring<\/li><li>Neurological and developmental assessments<\/li><\/ul><p>are maintained within a structured follow-up plan. The goal is to ensure safe, stable, and sustained quality of life.<\/p>\t\t\t\t\t\t\t\t<\/div>\n\t\t\t\t<\/div>\n\t\t\t\t<div class=\"elementor-element elementor-element-df342e1 sc_height_small sc_fly_static elementor-widget elementor-widget-spacer\" data-id=\"df342e1\" data-element_type=\"widget\" data-widget_type=\"spacer.default\">\n\t\t\t\t<div class=\"elementor-widget-container\">\n\t\t\t\t\t\t\t<div class=\"elementor-spacer\">\n\t\t\t<div class=\"elementor-spacer-inner\"><\/div>\n\t\t<\/div>\n\t\t\t\t\t\t<\/div>\n\t\t\t\t<\/div>\n\t\t\t\t\t<\/div>\n\t\t<\/div>\n\t\t\t\t\t<\/div>\n\t\t<\/section>\n\t\t\t\t<\/div>","protected":false},"excerpt":{"rendered":"<p>Prof. Dr. Alper Kaya Hidrosefali Hidrosefali Hidrosefali, beyin bo\u015fluklar\u0131 i\u00e7inde beyin-omurilik s\u0131v\u0131s\u0131n\u0131n (BOS) normal dola\u015f\u0131m, emilim veya drenaj dengesinin bozulmas\u0131 sonucu birikmesiyle ortaya \u00e7\u0131kan dinamik bir n\u00f6rolojik hastal\u0131kt\u0131r. Hidrosefali; bebeklik&hellip;<\/p>","protected":false},"author":1,"featured_media":0,"parent":0,"menu_order":0,"comment_status":"closed","ping_status":"closed","template":"","meta":{"footnotes":""},"class_list":["post-18558","page","type-page","status-publish","hentry"],"_links":{"self":[{"href":"https:\/\/www.alperkaya.com.tr\/en\/wp-json\/wp\/v2\/pages\/18558","targetHints":{"allow":["GET"]}}],"collection":[{"href":"https:\/\/www.alperkaya.com.tr\/en\/wp-json\/wp\/v2\/pages"}],"about":[{"href":"https:\/\/www.alperkaya.com.tr\/en\/wp-json\/wp\/v2\/types\/page"}],"author":[{"embeddable":true,"href":"https:\/\/www.alperkaya.com.tr\/en\/wp-json\/wp\/v2\/users\/1"}],"replies":[{"embeddable":true,"href":"https:\/\/www.alperkaya.com.tr\/en\/wp-json\/wp\/v2\/comments?post=18558"}],"version-history":[{"count":13,"href":"https:\/\/www.alperkaya.com.tr\/en\/wp-json\/wp\/v2\/pages\/18558\/revisions"}],"predecessor-version":[{"id":18626,"href":"https:\/\/www.alperkaya.com.tr\/en\/wp-json\/wp\/v2\/pages\/18558\/revisions\/18626"}],"wp:attachment":[{"href":"https:\/\/www.alperkaya.com.tr\/en\/wp-json\/wp\/v2\/media?parent=18558"}],"curies":[{"name":"wp","href":"https:\/\/api.w.org\/{rel}","templated":true}]}}