{"id":18577,"date":"2026-01-13T06:58:33","date_gmt":"2026-01-13T03:58:33","guid":{"rendered":"https:\/\/www.alperkaya.com.tr\/?page_id=18577"},"modified":"2026-01-13T07:06:46","modified_gmt":"2026-01-13T04:06:46","slug":"beyin-anevrizmalari-ve-damar-yumaklari","status":"publish","type":"page","link":"https:\/\/www.alperkaya.com.tr\/en\/beyin-anevrizmalari-ve-damar-yumaklari\/","title":{"rendered":"Brain Aneurysms And Vascular Malformations"},"content":{"rendered":"<div data-elementor-type=\"wp-page\" data-elementor-id=\"18577\" class=\"elementor elementor-18577\">\n\t\t\t\t\t\t<section class=\"elementor-section elementor-top-section elementor-element elementor-element-4017222 elementor-section-full_width scheme_dark elementor-section-height-min-height elementor-section-height-default elementor-section-items-middle sc_fly_static\" data-id=\"4017222\" data-element_type=\"section\" data-settings=\"{&quot;background_background&quot;:&quot;classic&quot;}\">\n\t\t\t\t\t\t\t<div class=\"elementor-background-overlay\"><\/div>\n\t\t\t\t\t\t\t<div class=\"elementor-container elementor-column-gap-extended\">\n\t\t\t\t\t<div class=\"elementor-column elementor-col-100 elementor-top-column elementor-element elementor-element-53f3977 sc_content_align_inherit sc_layouts_column_icons_position_left sc_fly_static\" data-id=\"53f3977\" data-element_type=\"column\">\n\t\t\t<div class=\"elementor-widget-wrap elementor-element-populated\">\n\t\t\t\t\t\t<div class=\"elementor-element elementor-element-451b79d sc_fly_static elementor-widget elementor-widget-spacer\" data-id=\"451b79d\" data-element_type=\"widget\" data-widget_type=\"spacer.default\">\n\t\t\t\t<div class=\"elementor-widget-container\">\n\t\t\t\t\t\t\t<div class=\"elementor-spacer\">\n\t\t\t<div class=\"elementor-spacer-inner\"><\/div>\n\t\t<\/div>\n\t\t\t\t\t\t<\/div>\n\t\t\t\t<\/div>\n\t\t\t\t<section class=\"elementor-section elementor-inner-section elementor-element elementor-element-39a3d68 elementor-section-boxed elementor-section-height-default elementor-section-height-default sc_fly_static\" data-id=\"39a3d68\" data-element_type=\"section\">\n\t\t\t\t\t\t<div class=\"elementor-container elementor-column-gap-extended\">\n\t\t\t\t\t<div class=\"elementor-column elementor-col-16 elementor-inner-column elementor-element elementor-element-e2db00e sc_content_align_inherit sc_layouts_column_icons_position_left sc_fly_static\" data-id=\"e2db00e\" data-element_type=\"column\">\n\t\t\t<div class=\"elementor-widget-wrap\">\n\t\t\t\t\t\t\t<\/div>\n\t\t<\/div>\n\t\t\t\t<div class=\"elementor-column elementor-col-66 elementor-inner-column elementor-element elementor-element-6faa6a0 sc_content_align_inherit sc_layouts_column_icons_position_left sc_fly_static\" data-id=\"6faa6a0\" data-element_type=\"column\">\n\t\t\t<div class=\"elementor-widget-wrap\">\n\t\t\t\t\t\t\t<\/div>\n\t\t<\/div>\n\t\t\t\t<div class=\"elementor-column elementor-col-16 elementor-inner-column elementor-element elementor-element-7c0aaee sc_content_align_inherit sc_layouts_column_icons_position_left sc_fly_static\" data-id=\"7c0aaee\" data-element_type=\"column\">\n\t\t\t<div class=\"elementor-widget-wrap\">\n\t\t\t\t\t\t\t<\/div>\n\t\t<\/div>\n\t\t\t\t\t<\/div>\n\t\t<\/section>\n\t\t\t\t<div class=\"elementor-element elementor-element-c10d00d sc_fly_static elementor-widget elementor-widget-trx_sc_title\" data-id=\"c10d00d\" data-element_type=\"widget\" data-widget_type=\"trx_sc_title.default\">\n\t\t\t\t<div class=\"elementor-widget-container\">\n\t\t\t\t\t<div\t\tclass=\"sc_title color_style_dark sc_title_default\" ><span class=\"sc_item_subtitle sc_title_subtitle sc_align_center sc_item_subtitle_above sc_item_title_style_default\">Prof. Dr. Alper Kaya<\/span><h1 class=\"sc_item_title sc_title_title sc_align_center sc_item_title_style_default sc_item_title_tag\"\n\t\t\t><span class=\"sc_item_title_text\">Brain Aneurysms And Vascular Malformations<\/span><\/h1><\/div>\t\t\t\t<\/div>\n\t\t\t\t<\/div>\n\t\t\t\t<div class=\"elementor-element elementor-element-6c22fbb sc_fly_static elementor-widget elementor-widget-spacer\" data-id=\"6c22fbb\" data-element_type=\"widget\" data-widget_type=\"spacer.default\">\n\t\t\t\t<div class=\"elementor-widget-container\">\n\t\t\t\t\t\t\t<div class=\"elementor-spacer\">\n\t\t\t<div class=\"elementor-spacer-inner\"><\/div>\n\t\t<\/div>\n\t\t\t\t\t\t<\/div>\n\t\t\t\t<\/div>\n\t\t\t\t\t<\/div>\n\t\t<\/div>\n\t\t\t\t\t<\/div>\n\t\t<\/section>\n\t\t\t\t<section class=\"elementor-section elementor-top-section elementor-element elementor-element-49686de elementor-section-height-min-height elementor-section-content-top elementor-section-items-top elementor-section-boxed elementor-section-height-default sc_fly_static\" data-id=\"49686de\" data-element_type=\"section\">\n\t\t\t\t\t\t<div class=\"elementor-container elementor-column-gap-extended\">\n\t\t\t\t\t<div class=\"elementor-column elementor-col-100 elementor-top-column elementor-element elementor-element-f1dbf11 sc_layouts_column_align_center sc_layouts_column sc_content_align_inherit sc_layouts_column_icons_position_left sc_fly_static\" data-id=\"f1dbf11\" data-element_type=\"column\">\n\t\t\t<div class=\"elementor-widget-wrap elementor-element-populated\">\n\t\t\t\t\t\t<div class=\"elementor-element elementor-element-b5f1be0 elementor-view-default sc_fly_static elementor-widget elementor-widget-icon\" data-id=\"b5f1be0\" data-element_type=\"widget\" data-widget_type=\"icon.default\">\n\t\t\t\t<div class=\"elementor-widget-container\">\n\t\t\t\t\t\t\t<div class=\"elementor-icon-wrapper\">\n\t\t\t<a class=\"elementor-icon\" href=\"#anchor\">\n\t\t\t<svg xmlns=\"http:\/\/www.w3.org\/2000\/svg\" width=\"14.626\" height=\"8.639\" viewbox=\"0 0 14.626 8.639\"><g id=\"down-arrow\" transform=\"translate(0 -70.698)\"><g id=\"Group_8820\" data-name=\"Group 8820\" transform=\"translate(0 100.698)\"><path id=\"Path_6507\" data-name=\"Path 6507\" d=\"M14.392,101.42l-.479-.482a.8.8,0,0,0-1.132,0L7.316,106.4l-5.472-5.472a.8.8,0,0,0-1.132,0l-.479.479a.8.8,0,0,0,0,1.131l6.515,6.538a.818.818,0,0,0,.567.257h0a.818.818,0,0,0,.566-.257l6.508-6.52a.808.808,0,0,0,.234-.571A.8.8,0,0,0,14.392,101.42Z\" transform=\"translate(0 -130.698)\"><\/path><\/g><\/g><\/svg>\t\t\t<\/a>\n\t\t<\/div>\n\t\t\t\t\t\t<\/div>\n\t\t\t\t<\/div>\n\t\t\t\t\t<\/div>\n\t\t<\/div>\n\t\t\t\t\t<\/div>\n\t\t<\/section>\n\t\t\t\t<section class=\"elementor-section elementor-top-section elementor-element elementor-element-07505bc elementor-section-boxed elementor-section-height-default elementor-section-height-default sc_fly_static\" data-id=\"07505bc\" data-element_type=\"section\">\n\t\t\t\t\t\t<div class=\"elementor-container elementor-column-gap-extended\">\n\t\t\t\t\t<div class=\"elementor-column elementor-col-100 elementor-top-column elementor-element elementor-element-e81588a sc_content_align_inherit sc_layouts_column_icons_position_left sc_fly_static\" data-id=\"e81588a\" data-element_type=\"column\">\n\t\t\t<div class=\"elementor-widget-wrap elementor-element-populated\">\n\t\t\t\t\t\t<div class=\"elementor-element elementor-element-b8db04c sc_fly_static elementor-widget elementor-widget-trx_sc_anchor\" data-id=\"b8db04c\" data-element_type=\"widget\" data-widget_type=\"trx_sc_anchor.default\">\n\t\t\t\t<div class=\"elementor-widget-container\">\n\t\t\t\t\t<a id=\"sc_anchor_anchor\"\ttitle=\"\"  class=\"sc_anchor sc_anchor_default\" data-vc-icon=\"\" data-url=\"\" ><\/a>\t\t\t\t<\/div>\n\t\t\t\t<\/div>\n\t\t\t\t<div class=\"elementor-element elementor-element-c75e150 sc_height_huge sc_fly_static elementor-widget elementor-widget-spacer\" data-id=\"c75e150\" data-element_type=\"widget\" data-widget_type=\"spacer.default\">\n\t\t\t\t<div class=\"elementor-widget-container\">\n\t\t\t\t\t\t\t<div class=\"elementor-spacer\">\n\t\t\t<div class=\"elementor-spacer-inner\"><\/div>\n\t\t<\/div>\n\t\t\t\t\t\t<\/div>\n\t\t\t\t<\/div>\n\t\t\t\t\t<\/div>\n\t\t<\/div>\n\t\t\t\t\t<\/div>\n\t\t<\/section>\n\t\t\t\t<section class=\"elementor-section elementor-top-section elementor-element elementor-element-c05ea22 scheme_default elementor-section-boxed elementor-section-height-default elementor-section-height-default sc_fly_static\" data-id=\"c05ea22\" data-element_type=\"section\" data-settings=\"{&quot;background_background&quot;:&quot;classic&quot;}\">\n\t\t\t\t\t\t<div class=\"elementor-container elementor-column-gap-extended\">\n\t\t\t\t\t<div class=\"elementor-column elementor-col-50 elementor-top-column elementor-element elementor-element-b9b9ce3 sc_content_align_inherit sc_layouts_column_icons_position_left sc_fly_static\" data-id=\"b9b9ce3\" data-element_type=\"column\">\n\t\t\t<div class=\"elementor-widget-wrap elementor-element-populated\">\n\t\t\t\t\t\t<section class=\"elementor-section elementor-inner-section elementor-element elementor-element-efa1ff2 elementor-section-boxed elementor-section-height-default elementor-section-height-default sc_fly_static\" data-id=\"efa1ff2\" data-element_type=\"section\">\n\t\t\t\t\t\t<div class=\"elementor-container elementor-column-gap-no\">\n\t\t\t\t\t<div class=\"elementor-column elementor-col-100 elementor-inner-column elementor-element elementor-element-174296f sc_content_align_inherit sc_layouts_column_icons_position_left sc_fly_static\" data-id=\"174296f\" data-element_type=\"column\">\n\t\t\t<div class=\"elementor-widget-wrap elementor-element-populated\">\n\t\t\t\t\t\t<div class=\"elementor-element elementor-element-4005259 no-title sc_fly_static elementor-widget elementor-widget-image\" data-id=\"4005259\" data-element_type=\"widget\" data-widget_type=\"image.default\">\n\t\t\t\t<div class=\"elementor-widget-container\">\n\t\t\t\t\t\t\t\t\t\t\t\t\t\t\t<img fetchpriority=\"high\" decoding=\"async\" width=\"1350\" height=\"955\" src=\"https:\/\/www.alperkaya.com.tr\/wp-content\/uploads\/BRAIN-ANEURYSMS.jpg\" class=\"attachment-full size-full wp-image-18589\" alt=\"\" srcset=\"https:\/\/www.alperkaya.com.tr\/wp-content\/uploads\/BRAIN-ANEURYSMS.jpg 1350w, https:\/\/www.alperkaya.com.tr\/wp-content\/uploads\/BRAIN-ANEURYSMS-500x354.jpg 500w, https:\/\/www.alperkaya.com.tr\/wp-content\/uploads\/BRAIN-ANEURYSMS-1024x724.jpg 1024w, https:\/\/www.alperkaya.com.tr\/wp-content\/uploads\/BRAIN-ANEURYSMS-768x543.jpg 768w, https:\/\/www.alperkaya.com.tr\/wp-content\/uploads\/BRAIN-ANEURYSMS-18x12.jpg 18w, https:\/\/www.alperkaya.com.tr\/wp-content\/uploads\/BRAIN-ANEURYSMS-370x262.jpg 370w, https:\/\/www.alperkaya.com.tr\/wp-content\/uploads\/BRAIN-ANEURYSMS-840x594.jpg 840w, https:\/\/www.alperkaya.com.tr\/wp-content\/uploads\/BRAIN-ANEURYSMS-410x290.jpg 410w\" sizes=\"(max-width: 1350px) 100vw, 1350px\" \/>\t\t\t\t\t\t\t\t\t\t\t\t\t\t\t<\/div>\n\t\t\t\t<\/div>\n\t\t\t\t<div class=\"elementor-element elementor-element-18b0ade sc_fly_static elementor-widget elementor-widget-image\" data-id=\"18b0ade\" data-element_type=\"widget\" data-widget_type=\"image.default\">\n\t\t\t\t<div class=\"elementor-widget-container\">\n\t\t\t\t\t\t\t\t\t\t\t\t\t\t\t<img decoding=\"async\" width=\"864\" height=\"1024\" src=\"https:\/\/www.alperkaya.com.tr\/wp-content\/uploads\/BRAI-ANEURYSMS-864x1024.jpg\" class=\"attachment-large size-large wp-image-18591\" alt=\"\" srcset=\"https:\/\/www.alperkaya.com.tr\/wp-content\/uploads\/BRAI-ANEURYSMS-864x1024.jpg 864w, https:\/\/www.alperkaya.com.tr\/wp-content\/uploads\/BRAI-ANEURYSMS-422x500.jpg 422w, https:\/\/www.alperkaya.com.tr\/wp-content\/uploads\/BRAI-ANEURYSMS-768x910.jpg 768w, https:\/\/www.alperkaya.com.tr\/wp-content\/uploads\/BRAI-ANEURYSMS-1296x1536.jpg 1296w, https:\/\/www.alperkaya.com.tr\/wp-content\/uploads\/BRAI-ANEURYSMS-10x12.jpg 10w, https:\/\/www.alperkaya.com.tr\/wp-content\/uploads\/BRAI-ANEURYSMS-370x438.jpg 370w, https:\/\/www.alperkaya.com.tr\/wp-content\/uploads\/BRAI-ANEURYSMS-840x995.jpg 840w, https:\/\/www.alperkaya.com.tr\/wp-content\/uploads\/BRAI-ANEURYSMS-410x486.jpg 410w, https:\/\/www.alperkaya.com.tr\/wp-content\/uploads\/BRAI-ANEURYSMS.jpg 1519w\" sizes=\"(max-width: 864px) 100vw, 864px\" \/>\t\t\t\t\t\t\t\t\t\t\t\t\t\t\t<\/div>\n\t\t\t\t<\/div>\n\t\t\t\t<div class=\"elementor-element elementor-element-158ff0e sc_fly_static elementor-widget elementor-widget-image\" data-id=\"158ff0e\" data-element_type=\"widget\" data-widget_type=\"image.default\">\n\t\t\t\t<div class=\"elementor-widget-container\">\n\t\t\t\t\t\t\t\t\t\t\t\t\t\t\t<img decoding=\"async\" width=\"2174\" height=\"979\" src=\"https:\/\/www.alperkaya.com.tr\/wp-content\/uploads\/brain_aneurysm.webp\" class=\"attachment-full size-full wp-image-18592\" alt=\"\" srcset=\"https:\/\/www.alperkaya.com.tr\/wp-content\/uploads\/brain_aneurysm.webp 2174w, https:\/\/www.alperkaya.com.tr\/wp-content\/uploads\/brain_aneurysm-500x225.webp 500w, https:\/\/www.alperkaya.com.tr\/wp-content\/uploads\/brain_aneurysm-1024x461.webp 1024w, https:\/\/www.alperkaya.com.tr\/wp-content\/uploads\/brain_aneurysm-768x346.webp 768w, https:\/\/www.alperkaya.com.tr\/wp-content\/uploads\/brain_aneurysm-1536x692.webp 1536w, https:\/\/www.alperkaya.com.tr\/wp-content\/uploads\/brain_aneurysm-2048x922.webp 2048w, https:\/\/www.alperkaya.com.tr\/wp-content\/uploads\/brain_aneurysm-18x8.webp 18w, https:\/\/www.alperkaya.com.tr\/wp-content\/uploads\/brain_aneurysm-370x167.webp 370w, https:\/\/www.alperkaya.com.tr\/wp-content\/uploads\/brain_aneurysm-840x378.webp 840w, https:\/\/www.alperkaya.com.tr\/wp-content\/uploads\/brain_aneurysm-410x185.webp 410w\" sizes=\"(max-width: 2174px) 100vw, 2174px\" \/>\t\t\t\t\t\t\t\t\t\t\t\t\t\t\t<\/div>\n\t\t\t\t<\/div>\n\t\t\t\t\t<\/div>\n\t\t<\/div>\n\t\t\t\t\t<\/div>\n\t\t<\/section>\n\t\t\t\t\t<\/div>\n\t\t<\/div>\n\t\t\t\t<div class=\"elementor-column elementor-col-50 elementor-top-column elementor-element elementor-element-2b63858 sc_content_align_inherit sc_layouts_column_icons_position_left sc_fly_static\" data-id=\"2b63858\" data-element_type=\"column\">\n\t\t\t<div class=\"elementor-widget-wrap elementor-element-populated\">\n\t\t\t\t\t\t<div class=\"elementor-element elementor-element-33bd403 sc_fly_static elementor-widget elementor-widget-trx_sc_title\" data-id=\"33bd403\" data-element_type=\"widget\" data-widget_type=\"trx_sc_title.default\">\n\t\t\t\t<div class=\"elementor-widget-container\">\n\t\t\t\t\t<div\t\tclass=\"sc_title sc_title_default\" ><h1 class=\"sc_item_title sc_title_title sc_item_title_style_default sc_item_title_tag\"\n\t\t\t><span class=\"sc_item_title_text\">Brain Aneurysms And Vascular Malformations<\/span><\/h1><\/div>\t\t\t\t<\/div>\n\t\t\t\t<\/div>\n\t\t\t\t<div class=\"elementor-element elementor-element-1b4b8b6 sc_fly_static elementor-widget elementor-widget-text-editor\" data-id=\"1b4b8b6\" data-element_type=\"widget\" data-widget_type=\"text-editor.default\">\n\t\t\t\t<div class=\"elementor-widget-container\">\n\t\t\t\t\t\t\t\t\t<p>\u00a0Brain aneurysms and vascular malformations, among the areas of expertise of Prof. Dr. Alper Kaya, constitute a group of high-risk neurovascular disorders involving abnormalities of cerebral blood vessels. These conditions may remain asymptomatic for long periods but can lead to severe and permanent neurological consequences when rupture or bleeding occurs.<\/p><p><strong>What Is a Brain Aneurysm?<\/strong><\/p><p>A brain aneurysm is a balloon-like dilation caused by weakening of the vessel wall in a cerebral artery. Aneurysms may:<\/p><ul><li>Remain silent for years<\/li><li>Be detected incidentally during imaging<\/li><li>Cause intracranial hemorrhage if ruptured<\/li><\/ul><p>Treatment decisions depend on the size, location, and vascular characteristics of the aneurysm<\/p><p><strong>What Are Vascular Malformations (Arteriovenous Malformations)?<\/strong><\/p><p>Vascular malformations, medically referred to as arteriovenous malformations (AVMs), occur due to abnormal direct connections between arteries and veins without an intervening capillary network. These lesions may:<\/p><ul><li>Disrupt normal blood flow<\/li><li>\u2022\tIncrease pressure within vessels<\/li><li>Raise the risk of intracranial hemorrhage<\/li><\/ul><p>AVMs are often congenital and may present with bleeding at a young age.<\/p><p><strong>.<\/strong><\/p><p>.<\/p><p>Symptoms and Clinical Findings <br>Clinical presentation varies depending on the lesion.<br>In aneurysms:<\/p><ul><li>Sudden, severe headache<\/li><li>Nausea and vomiting<\/li><li>Altered consciousness<\/li><li>Visual disturbances<\/li><\/ul><p>In vascular malformations (AVMs):<\/p><ul><li>Headache<\/li><li>Neurological deficits<\/li><li>N\u00f6rolojik defisitler<\/li><li>Sudden intracranial hemorrhage<\/li><\/ul><p>Some lesions may be detected incidentally and managed through careful monitoring.<\/p><p><strong>Diagnostic Evaluation<\/strong><\/p><p>Accurate diagnosis requires advanced imaging techniques, including:<\/p><ul><li>Magnetic Resonance Imaging (MRI)<\/li><li>Computed Tomography (CT)<\/li><li>Cerebral angiography<\/li><li>Assessment of clinical findings and risk factors<\/li><\/ul><p>The goal is to obtain a detailed, three-dimensional understanding of the vascular anatomy.<\/p><p><strong>Treatment Approach<\/strong><\/p><p>Treatment is individualized based on patient and lesion characteristics. Options may include:<\/p><ul><li>Close observation<\/li><li>Microsurgical intervention<\/li><li>Endovascular techniques<\/li><li>Multidisciplinary treatment planning<\/li><\/ul><p>The primary objective is to minimize bleeding risk while preserving neurological function.<\/p><p><strong>Follow-up and Long-Term Management<\/strong><\/p><p>Long-term follow-up is essential after diagnosis or treatment. This includes<\/p><ul><li><li style=\"list-style-type: none\"><\/li><li>Regular clinical assessments<\/li><li>Imaging-based monitoring<br>\u2022Re-evaluation when necessary<\/li><\/ul><p>The goal is to ensure patient safety and maintain a sustained quality of life.<\/p>\t\t\t\t\t\t\t\t<\/div>\n\t\t\t\t<\/div>\n\t\t\t\t<div class=\"elementor-element elementor-element-df342e1 sc_height_small sc_fly_static elementor-widget elementor-widget-spacer\" data-id=\"df342e1\" data-element_type=\"widget\" data-widget_type=\"spacer.default\">\n\t\t\t\t<div class=\"elementor-widget-container\">\n\t\t\t\t\t\t\t<div class=\"elementor-spacer\">\n\t\t\t<div class=\"elementor-spacer-inner\"><\/div>\n\t\t<\/div>\n\t\t\t\t\t\t<\/div>\n\t\t\t\t<\/div>\n\t\t\t\t\t<\/div>\n\t\t<\/div>\n\t\t\t\t\t<\/div>\n\t\t<\/section>\n\t\t\t\t<\/div>","protected":false},"excerpt":{"rendered":"<p>Prof. Dr. Alper Kaya Beyin Anevrizmalar\u0131 Ve Damar Yumaklar\u0131 Beyin Anevrizmalar\u0131 Ve Damar Yumaklar\u0131 \u00a0beyin damar yap\u0131s\u0131nda olu\u015fan ve hayati risk ta\u015f\u0131yabilen n\u00f6rovask\u00fcler hastal\u0131klar grubunu olu\u015fturur. Bu hastal\u0131klar, \u00e7o\u011fu zaman&hellip;<\/p>","protected":false},"author":1,"featured_media":0,"parent":0,"menu_order":0,"comment_status":"closed","ping_status":"closed","template":"","meta":{"footnotes":""},"class_list":["post-18577","page","type-page","status-publish","hentry"],"_links":{"self":[{"href":"https:\/\/www.alperkaya.com.tr\/en\/wp-json\/wp\/v2\/pages\/18577","targetHints":{"allow":["GET"]}}],"collection":[{"href":"https:\/\/www.alperkaya.com.tr\/en\/wp-json\/wp\/v2\/pages"}],"about":[{"href":"https:\/\/www.alperkaya.com.tr\/en\/wp-json\/wp\/v2\/types\/page"}],"author":[{"embeddable":true,"href":"https:\/\/www.alperkaya.com.tr\/en\/wp-json\/wp\/v2\/users\/1"}],"replies":[{"embeddable":true,"href":"https:\/\/www.alperkaya.com.tr\/en\/wp-json\/wp\/v2\/comments?post=18577"}],"version-history":[{"count":14,"href":"https:\/\/www.alperkaya.com.tr\/en\/wp-json\/wp\/v2\/pages\/18577\/revisions"}],"predecessor-version":[{"id":18595,"href":"https:\/\/www.alperkaya.com.tr\/en\/wp-json\/wp\/v2\/pages\/18577\/revisions\/18595"}],"wp:attachment":[{"href":"https:\/\/www.alperkaya.com.tr\/en\/wp-json\/wp\/v2\/media?parent=18577"}],"curies":[{"name":"wp","href":"https:\/\/api.w.org\/{rel}","templated":true}]}}