{"id":18600,"date":"2026-01-13T07:11:12","date_gmt":"2026-01-13T04:11:12","guid":{"rendered":"https:\/\/www.alperkaya.com.tr\/?page_id=18600"},"modified":"2026-01-13T14:25:17","modified_gmt":"2026-01-13T11:25:17","slug":"karpal-tunel-sendromu","status":"publish","type":"page","link":"https:\/\/www.alperkaya.com.tr\/en\/karpal-tunel-sendromu\/","title":{"rendered":"Carpal Tunnel Syndrome"},"content":{"rendered":"<div data-elementor-type=\"wp-page\" data-elementor-id=\"18600\" class=\"elementor elementor-18600\">\n\t\t\t\t\t\t<section class=\"elementor-section elementor-top-section elementor-element elementor-element-4017222 elementor-section-full_width scheme_dark elementor-section-height-min-height elementor-section-height-default elementor-section-items-middle sc_fly_static\" data-id=\"4017222\" data-element_type=\"section\" data-settings=\"{&quot;background_background&quot;:&quot;classic&quot;}\">\n\t\t\t\t\t\t\t<div class=\"elementor-background-overlay\"><\/div>\n\t\t\t\t\t\t\t<div class=\"elementor-container elementor-column-gap-extended\">\n\t\t\t\t\t<div class=\"elementor-column elementor-col-100 elementor-top-column elementor-element elementor-element-53f3977 sc_content_align_inherit sc_layouts_column_icons_position_left sc_fly_static\" data-id=\"53f3977\" data-element_type=\"column\">\n\t\t\t<div class=\"elementor-widget-wrap elementor-element-populated\">\n\t\t\t\t\t\t<div class=\"elementor-element elementor-element-451b79d sc_fly_static elementor-widget elementor-widget-spacer\" data-id=\"451b79d\" data-element_type=\"widget\" data-widget_type=\"spacer.default\">\n\t\t\t\t<div class=\"elementor-widget-container\">\n\t\t\t\t\t\t\t<div class=\"elementor-spacer\">\n\t\t\t<div class=\"elementor-spacer-inner\"><\/div>\n\t\t<\/div>\n\t\t\t\t\t\t<\/div>\n\t\t\t\t<\/div>\n\t\t\t\t<section class=\"elementor-section elementor-inner-section elementor-element elementor-element-39a3d68 elementor-section-boxed elementor-section-height-default elementor-section-height-default sc_fly_static\" data-id=\"39a3d68\" data-element_type=\"section\">\n\t\t\t\t\t\t<div class=\"elementor-container elementor-column-gap-extended\">\n\t\t\t\t\t<div class=\"elementor-column elementor-col-16 elementor-inner-column elementor-element elementor-element-e2db00e sc_content_align_inherit sc_layouts_column_icons_position_left sc_fly_static\" data-id=\"e2db00e\" data-element_type=\"column\">\n\t\t\t<div class=\"elementor-widget-wrap\">\n\t\t\t\t\t\t\t<\/div>\n\t\t<\/div>\n\t\t\t\t<div class=\"elementor-column elementor-col-66 elementor-inner-column elementor-element elementor-element-6faa6a0 sc_content_align_inherit sc_layouts_column_icons_position_left sc_fly_static\" data-id=\"6faa6a0\" data-element_type=\"column\">\n\t\t\t<div class=\"elementor-widget-wrap\">\n\t\t\t\t\t\t\t<\/div>\n\t\t<\/div>\n\t\t\t\t<div class=\"elementor-column elementor-col-16 elementor-inner-column elementor-element elementor-element-7c0aaee sc_content_align_inherit sc_layouts_column_icons_position_left sc_fly_static\" data-id=\"7c0aaee\" data-element_type=\"column\">\n\t\t\t<div class=\"elementor-widget-wrap\">\n\t\t\t\t\t\t\t<\/div>\n\t\t<\/div>\n\t\t\t\t\t<\/div>\n\t\t<\/section>\n\t\t\t\t<div class=\"elementor-element elementor-element-c10d00d sc_fly_static elementor-widget elementor-widget-trx_sc_title\" data-id=\"c10d00d\" data-element_type=\"widget\" data-widget_type=\"trx_sc_title.default\">\n\t\t\t\t<div class=\"elementor-widget-container\">\n\t\t\t\t\t<div\t\tclass=\"sc_title color_style_dark sc_title_default\" ><span class=\"sc_item_subtitle sc_title_subtitle sc_align_center sc_item_subtitle_above sc_item_title_style_default\">Prof. Dr. Alper Kaya<\/span><h1 class=\"sc_item_title sc_title_title sc_align_center sc_item_title_style_default sc_item_title_tag\"\n\t\t\t><span class=\"sc_item_title_text\">Carpal Tunnel Syndrome<\/span><\/h1><\/div>\t\t\t\t<\/div>\n\t\t\t\t<\/div>\n\t\t\t\t<div class=\"elementor-element elementor-element-6c22fbb sc_fly_static elementor-widget elementor-widget-spacer\" data-id=\"6c22fbb\" data-element_type=\"widget\" data-widget_type=\"spacer.default\">\n\t\t\t\t<div class=\"elementor-widget-container\">\n\t\t\t\t\t\t\t<div class=\"elementor-spacer\">\n\t\t\t<div class=\"elementor-spacer-inner\"><\/div>\n\t\t<\/div>\n\t\t\t\t\t\t<\/div>\n\t\t\t\t<\/div>\n\t\t\t\t\t<\/div>\n\t\t<\/div>\n\t\t\t\t\t<\/div>\n\t\t<\/section>\n\t\t\t\t<section class=\"elementor-section elementor-top-section elementor-element elementor-element-49686de elementor-section-height-min-height elementor-section-content-top elementor-section-items-top elementor-section-boxed elementor-section-height-default sc_fly_static\" data-id=\"49686de\" data-element_type=\"section\">\n\t\t\t\t\t\t<div class=\"elementor-container elementor-column-gap-extended\">\n\t\t\t\t\t<div class=\"elementor-column elementor-col-100 elementor-top-column elementor-element elementor-element-f1dbf11 sc_layouts_column_align_center sc_layouts_column sc_content_align_inherit sc_layouts_column_icons_position_left sc_fly_static\" data-id=\"f1dbf11\" data-element_type=\"column\">\n\t\t\t<div class=\"elementor-widget-wrap elementor-element-populated\">\n\t\t\t\t\t\t<div class=\"elementor-element elementor-element-b5f1be0 elementor-view-default sc_fly_static elementor-widget elementor-widget-icon\" data-id=\"b5f1be0\" data-element_type=\"widget\" data-widget_type=\"icon.default\">\n\t\t\t\t<div class=\"elementor-widget-container\">\n\t\t\t\t\t\t\t<div class=\"elementor-icon-wrapper\">\n\t\t\t<a class=\"elementor-icon\" href=\"#anchor\">\n\t\t\t<svg xmlns=\"http:\/\/www.w3.org\/2000\/svg\" width=\"14.626\" height=\"8.639\" viewbox=\"0 0 14.626 8.639\"><g id=\"down-arrow\" transform=\"translate(0 -70.698)\"><g id=\"Group_8820\" data-name=\"Group 8820\" transform=\"translate(0 100.698)\"><path id=\"Path_6507\" data-name=\"Path 6507\" d=\"M14.392,101.42l-.479-.482a.8.8,0,0,0-1.132,0L7.316,106.4l-5.472-5.472a.8.8,0,0,0-1.132,0l-.479.479a.8.8,0,0,0,0,1.131l6.515,6.538a.818.818,0,0,0,.567.257h0a.818.818,0,0,0,.566-.257l6.508-6.52a.808.808,0,0,0,.234-.571A.8.8,0,0,0,14.392,101.42Z\" transform=\"translate(0 -130.698)\"><\/path><\/g><\/g><\/svg>\t\t\t<\/a>\n\t\t<\/div>\n\t\t\t\t\t\t<\/div>\n\t\t\t\t<\/div>\n\t\t\t\t\t<\/div>\n\t\t<\/div>\n\t\t\t\t\t<\/div>\n\t\t<\/section>\n\t\t\t\t<section class=\"elementor-section elementor-top-section elementor-element elementor-element-07505bc elementor-section-boxed elementor-section-height-default elementor-section-height-default sc_fly_static\" data-id=\"07505bc\" data-element_type=\"section\">\n\t\t\t\t\t\t<div class=\"elementor-container elementor-column-gap-extended\">\n\t\t\t\t\t<div class=\"elementor-column elementor-col-100 elementor-top-column elementor-element elementor-element-e81588a sc_content_align_inherit sc_layouts_column_icons_position_left sc_fly_static\" data-id=\"e81588a\" data-element_type=\"column\">\n\t\t\t<div class=\"elementor-widget-wrap elementor-element-populated\">\n\t\t\t\t\t\t<div class=\"elementor-element elementor-element-b8db04c sc_fly_static elementor-widget elementor-widget-trx_sc_anchor\" data-id=\"b8db04c\" data-element_type=\"widget\" data-widget_type=\"trx_sc_anchor.default\">\n\t\t\t\t<div class=\"elementor-widget-container\">\n\t\t\t\t\t<a id=\"sc_anchor_anchor\"\ttitle=\"\"  class=\"sc_anchor sc_anchor_default\" data-vc-icon=\"\" data-url=\"\" ><\/a>\t\t\t\t<\/div>\n\t\t\t\t<\/div>\n\t\t\t\t<div class=\"elementor-element elementor-element-c75e150 sc_height_huge sc_fly_static elementor-widget elementor-widget-spacer\" data-id=\"c75e150\" data-element_type=\"widget\" data-widget_type=\"spacer.default\">\n\t\t\t\t<div class=\"elementor-widget-container\">\n\t\t\t\t\t\t\t<div class=\"elementor-spacer\">\n\t\t\t<div class=\"elementor-spacer-inner\"><\/div>\n\t\t<\/div>\n\t\t\t\t\t\t<\/div>\n\t\t\t\t<\/div>\n\t\t\t\t\t<\/div>\n\t\t<\/div>\n\t\t\t\t\t<\/div>\n\t\t<\/section>\n\t\t\t\t<section class=\"elementor-section elementor-top-section elementor-element elementor-element-c05ea22 scheme_default elementor-section-boxed elementor-section-height-default elementor-section-height-default sc_fly_static\" data-id=\"c05ea22\" data-element_type=\"section\" data-settings=\"{&quot;background_background&quot;:&quot;classic&quot;}\">\n\t\t\t\t\t\t<div class=\"elementor-container elementor-column-gap-extended\">\n\t\t\t\t\t<div class=\"elementor-column elementor-col-50 elementor-top-column elementor-element elementor-element-b9b9ce3 sc_content_align_inherit sc_layouts_column_icons_position_left sc_fly_static\" data-id=\"b9b9ce3\" data-element_type=\"column\">\n\t\t\t<div class=\"elementor-widget-wrap elementor-element-populated\">\n\t\t\t\t\t\t<section class=\"elementor-section elementor-inner-section elementor-element elementor-element-efa1ff2 elementor-section-boxed elementor-section-height-default elementor-section-height-default sc_fly_static\" data-id=\"efa1ff2\" data-element_type=\"section\">\n\t\t\t\t\t\t<div class=\"elementor-container elementor-column-gap-no\">\n\t\t\t\t\t<div class=\"elementor-column elementor-col-100 elementor-inner-column elementor-element elementor-element-174296f sc_content_align_inherit sc_layouts_column_icons_position_left sc_fly_static\" data-id=\"174296f\" data-element_type=\"column\">\n\t\t\t<div class=\"elementor-widget-wrap elementor-element-populated\">\n\t\t\t\t\t\t<div class=\"elementor-element elementor-element-9483f32 sc_fly_static elementor-widget elementor-widget-image\" data-id=\"9483f32\" data-element_type=\"widget\" data-widget_type=\"image.default\">\n\t\t\t\t<div class=\"elementor-widget-container\">\n\t\t\t\t\t\t\t\t\t\t\t\t\t\t\t<img fetchpriority=\"high\" decoding=\"async\" width=\"263\" height=\"192\" src=\"https:\/\/www.alperkaya.com.tr\/wp-content\/uploads\/karpal.jpg\" class=\"attachment-large size-large wp-image-18630\" alt=\"\" srcset=\"https:\/\/www.alperkaya.com.tr\/wp-content\/uploads\/karpal.jpg 263w, https:\/\/www.alperkaya.com.tr\/wp-content\/uploads\/karpal-16x12.jpg 16w\" sizes=\"(max-width: 263px) 100vw, 263px\" \/>\t\t\t\t\t\t\t\t\t\t\t\t\t\t\t<\/div>\n\t\t\t\t<\/div>\n\t\t\t\t<div class=\"elementor-element elementor-element-3b391a9 sc_fly_static elementor-widget elementor-widget-image\" data-id=\"3b391a9\" data-element_type=\"widget\" data-widget_type=\"image.default\">\n\t\t\t\t<div class=\"elementor-widget-container\">\n\t\t\t\t\t\t\t\t\t\t\t\t\t\t\t<img decoding=\"async\" width=\"1024\" height=\"1024\" src=\"https:\/\/www.alperkaya.com.tr\/wp-content\/uploads\/carpal-tunnel-syndrome.png\" class=\"attachment-large size-large wp-image-18631\" alt=\"\" srcset=\"https:\/\/www.alperkaya.com.tr\/wp-content\/uploads\/carpal-tunnel-syndrome.png 1024w, https:\/\/www.alperkaya.com.tr\/wp-content\/uploads\/carpal-tunnel-syndrome-500x500.png 500w, https:\/\/www.alperkaya.com.tr\/wp-content\/uploads\/carpal-tunnel-syndrome-300x300.png 300w, https:\/\/www.alperkaya.com.tr\/wp-content\/uploads\/carpal-tunnel-syndrome-768x768.png 768w, https:\/\/www.alperkaya.com.tr\/wp-content\/uploads\/carpal-tunnel-syndrome-12x12.png 12w, https:\/\/www.alperkaya.com.tr\/wp-content\/uploads\/carpal-tunnel-syndrome-370x370.png 370w, https:\/\/www.alperkaya.com.tr\/wp-content\/uploads\/carpal-tunnel-syndrome-120x120.png 120w, https:\/\/www.alperkaya.com.tr\/wp-content\/uploads\/carpal-tunnel-syndrome-840x840.png 840w, https:\/\/www.alperkaya.com.tr\/wp-content\/uploads\/carpal-tunnel-syndrome-410x410.png 410w\" sizes=\"(max-width: 1024px) 100vw, 1024px\" \/>\t\t\t\t\t\t\t\t\t\t\t\t\t\t\t<\/div>\n\t\t\t\t<\/div>\n\t\t\t\t<div class=\"elementor-element elementor-element-8666040 sc_fly_static elementor-widget elementor-widget-image\" data-id=\"8666040\" data-element_type=\"widget\" data-widget_type=\"image.default\">\n\t\t\t\t<div class=\"elementor-widget-container\">\n\t\t\t\t\t\t\t\t\t\t\t\t\t\t\t<img decoding=\"async\" width=\"576\" height=\"1024\" src=\"https:\/\/www.alperkaya.com.tr\/wp-content\/uploads\/karpal.webp\" class=\"attachment-large size-large wp-image-18633\" alt=\"\" srcset=\"https:\/\/www.alperkaya.com.tr\/wp-content\/uploads\/karpal.webp 576w, https:\/\/www.alperkaya.com.tr\/wp-content\/uploads\/karpal-281x500.webp 281w, https:\/\/www.alperkaya.com.tr\/wp-content\/uploads\/karpal-7x12.webp 7w, https:\/\/www.alperkaya.com.tr\/wp-content\/uploads\/karpal-370x658.webp 370w, https:\/\/www.alperkaya.com.tr\/wp-content\/uploads\/karpal-410x729.webp 410w\" sizes=\"(max-width: 600px) 100vw, 576px\" \/>\t\t\t\t\t\t\t\t\t\t\t\t\t\t\t<\/div>\n\t\t\t\t<\/div>\n\t\t\t\t\t<\/div>\n\t\t<\/div>\n\t\t\t\t\t<\/div>\n\t\t<\/section>\n\t\t\t\t\t<\/div>\n\t\t<\/div>\n\t\t\t\t<div class=\"elementor-column elementor-col-50 elementor-top-column elementor-element elementor-element-2b63858 sc_content_align_inherit sc_layouts_column_icons_position_left sc_fly_static\" data-id=\"2b63858\" data-element_type=\"column\">\n\t\t\t<div class=\"elementor-widget-wrap elementor-element-populated\">\n\t\t\t\t\t\t<div class=\"elementor-element elementor-element-33bd403 sc_fly_static elementor-widget elementor-widget-trx_sc_title\" data-id=\"33bd403\" data-element_type=\"widget\" data-widget_type=\"trx_sc_title.default\">\n\t\t\t\t<div class=\"elementor-widget-container\">\n\t\t\t\t\t<div\t\tclass=\"sc_title sc_title_default\" ><h1 class=\"sc_item_title sc_title_title sc_item_title_style_default sc_item_title_tag\"\n\t\t\t><span class=\"sc_item_title_text\">Carpal Tunnel Syndrome<\/span><\/h1><\/div>\t\t\t\t<\/div>\n\t\t\t\t<\/div>\n\t\t\t\t<div class=\"elementor-element elementor-element-1b4b8b6 sc_fly_static elementor-widget elementor-widget-text-editor\" data-id=\"1b4b8b6\" data-element_type=\"widget\" data-widget_type=\"text-editor.default\">\n\t\t\t\t<div class=\"elementor-widget-container\">\n\t\t\t\t\t\t\t\t\t<p>frequently encountered in the clinical practice of Prof. Dr. Alper Kaya, is a peripheral nerve disorder caused by compression of the median nerve at the level of the wrist. When diagnosed early, it can be effectively managed before permanent nerve damage occurs.<\/p><p><strong>What Is Carpal Tunnel Syndrome?<\/strong><\/p><p>The carpal tunnel is a narrow passage in the wrist formed by bones and ligamentous structures. The median nerve passes through this tunnel, providing sensation to the thumb, index, middle, and part of the ring finger, as well as motor function to certain hand muscles.\nIncreased pressure within this tunnel leads to compression of the median nerve, resulting in carpal tunnel syndrome.<br \/>Bu t\u00fcnel i\u00e7inde bas\u0131n\u00e7 art\u0131\u015f\u0131 olu\u015ftu\u011funda median sinir s\u0131k\u0131\u015f\u0131r ve karpal t\u00fcnel sendromu ortaya \u00e7\u0131kar.<\/p><p><strong>Causes<\/strong><\/p><p>Carpal tunnel syndrome often has multiple contributing factors, including:<\/p><ul><li>Repetitive wrist and hand movements<\/li><li>Prolonged keyboard or mouse use<\/li><li>Wrist trauma<\/li><li>Diabetes and thyroid disorders<\/li><li>Pregnancy and hormonal changes<\/li><\/ul><p><strong>.<\/strong><\/p><p>Symptoms and Clinical Findings <br>Symptoms typically worsen at night and progress over time:<\/p><ul><li>Numbness and tingling in the thumb, index, and middle fingers<\/li><li>Pain radiating from the hand to the forearm<\/li><li>Decreased hand dexterity, dropping objects<\/li><li>in advanced cases, weakness and atrophy of the thumb muscles<\/li><\/ul><p><strong>Diagnostic Evaluation<\/strong><\/p><p>Diagnosis is not based solely on symptoms. The evaluation includes:<\/p><ul><li>Detailed neurological examination<\/li><li>Electrophysiological studies (EMG)<\/li><li>Imaging studies when necessary<\/li><\/ul><p>The goal is to accurately determine the severity and duration of nerve compression.<\/p><p><strong>Treatment Approach<\/strong><\/p><p>Treatment is individualized and stage-dependent.<\/p><ul><li>Early-stage cases: rest, wrist splinting, and modification of daily activities<\/li><li>Progressive cases: surgical intervention to relieve nerve compression<\/li><\/ul><p>The primary surgical objective is:<\/p><ul><li>Safe decompression of the median nerve<\/li><li>Preservation and improvement of nerve function<\/li><\/ul><p><strong><li style=\"list-style-type: none\"><\/strong><\/p><p>Post-Treatment Follow-up <br>Post-treatment care includes:<\/p><ul><li><li style=\"list-style-type: none\"><\/li><li>Clinical follow-up<\/li><li>Monitoring of hand function <br>\u2022\tAdjustment of daily usage habits<\/li><\/ul><p>The goal is long-term symptom relief and preservation of hand function.<\/p>\t\t\t\t\t\t\t\t<\/div>\n\t\t\t\t<\/div>\n\t\t\t\t<div class=\"elementor-element elementor-element-df342e1 sc_height_small sc_fly_static elementor-widget elementor-widget-spacer\" data-id=\"df342e1\" data-element_type=\"widget\" data-widget_type=\"spacer.default\">\n\t\t\t\t<div class=\"elementor-widget-container\">\n\t\t\t\t\t\t\t<div class=\"elementor-spacer\">\n\t\t\t<div class=\"elementor-spacer-inner\"><\/div>\n\t\t<\/div>\n\t\t\t\t\t\t<\/div>\n\t\t\t\t<\/div>\n\t\t\t\t\t<\/div>\n\t\t<\/div>\n\t\t\t\t\t<\/div>\n\t\t<\/section>\n\t\t\t\t<\/div>","protected":false},"excerpt":{"rendered":"<p>Prof. Dr. Alper Kaya Karpal T\u00fcnel Sendromu Karpal T\u00fcnel Sendromu el bile\u011fi seviyesinde median sinirin s\u0131k\u0131\u015fmas\u0131 sonucu geli\u015fen ve g\u00fcnl\u00fck ya\u015fam\u0131 do\u011frudan etkileyebilen bir periferik sinir hastal\u0131\u011f\u0131d\u0131r. Erken d\u00f6nemde fark&hellip;<\/p>","protected":false},"author":1,"featured_media":0,"parent":0,"menu_order":0,"comment_status":"closed","ping_status":"closed","template":"","meta":{"footnotes":""},"class_list":["post-18600","page","type-page","status-publish","hentry"],"_links":{"self":[{"href":"https:\/\/www.alperkaya.com.tr\/en\/wp-json\/wp\/v2\/pages\/18600","targetHints":{"allow":["GET"]}}],"collection":[{"href":"https:\/\/www.alperkaya.com.tr\/en\/wp-json\/wp\/v2\/pages"}],"about":[{"href":"https:\/\/www.alperkaya.com.tr\/en\/wp-json\/wp\/v2\/types\/page"}],"author":[{"embeddable":true,"href":"https:\/\/www.alperkaya.com.tr\/en\/wp-json\/wp\/v2\/users\/1"}],"replies":[{"embeddable":true,"href":"https:\/\/www.alperkaya.com.tr\/en\/wp-json\/wp\/v2\/comments?post=18600"}],"version-history":[{"count":13,"href":"https:\/\/www.alperkaya.com.tr\/en\/wp-json\/wp\/v2\/pages\/18600\/revisions"}],"predecessor-version":[{"id":18636,"href":"https:\/\/www.alperkaya.com.tr\/en\/wp-json\/wp\/v2\/pages\/18600\/revisions\/18636"}],"wp:attachment":[{"href":"https:\/\/www.alperkaya.com.tr\/en\/wp-json\/wp\/v2\/media?parent=18600"}],"curies":[{"name":"wp","href":"https:\/\/api.w.org\/{rel}","templated":true}]}}