{"id":18612,"date":"2026-01-13T07:17:24","date_gmt":"2026-01-13T04:17:24","guid":{"rendered":"https:\/\/www.alperkaya.com.tr\/?page_id=18612"},"modified":"2026-01-13T14:56:06","modified_gmt":"2026-01-13T11:56:06","slug":"komplike-omurga-vida-stabilizasyon-ameliyatlari","status":"publish","type":"page","link":"https:\/\/www.alperkaya.com.tr\/en\/komplike-omurga-vida-stabilizasyon-ameliyatlari\/","title":{"rendered":"Complex Spinal Pedicle Screw Stabilization Surgeries"},"content":{"rendered":"<div data-elementor-type=\"wp-page\" data-elementor-id=\"18612\" class=\"elementor elementor-18612\">\n\t\t\t\t\t\t<section class=\"elementor-section elementor-top-section elementor-element elementor-element-4017222 elementor-section-full_width scheme_dark elementor-section-height-min-height elementor-section-height-default elementor-section-items-middle sc_fly_static\" data-id=\"4017222\" data-element_type=\"section\" data-settings=\"{&quot;background_background&quot;:&quot;classic&quot;}\">\n\t\t\t\t\t\t\t<div class=\"elementor-background-overlay\"><\/div>\n\t\t\t\t\t\t\t<div class=\"elementor-container elementor-column-gap-extended\">\n\t\t\t\t\t<div class=\"elementor-column elementor-col-100 elementor-top-column elementor-element elementor-element-53f3977 sc_content_align_inherit sc_layouts_column_icons_position_left sc_fly_static\" data-id=\"53f3977\" data-element_type=\"column\">\n\t\t\t<div class=\"elementor-widget-wrap elementor-element-populated\">\n\t\t\t\t\t\t<div class=\"elementor-element elementor-element-451b79d sc_fly_static elementor-widget elementor-widget-spacer\" data-id=\"451b79d\" data-element_type=\"widget\" data-widget_type=\"spacer.default\">\n\t\t\t\t<div class=\"elementor-widget-container\">\n\t\t\t\t\t\t\t<div class=\"elementor-spacer\">\n\t\t\t<div class=\"elementor-spacer-inner\"><\/div>\n\t\t<\/div>\n\t\t\t\t\t\t<\/div>\n\t\t\t\t<\/div>\n\t\t\t\t<section class=\"elementor-section elementor-inner-section elementor-element elementor-element-39a3d68 elementor-section-boxed elementor-section-height-default elementor-section-height-default sc_fly_static\" data-id=\"39a3d68\" data-element_type=\"section\">\n\t\t\t\t\t\t<div class=\"elementor-container elementor-column-gap-extended\">\n\t\t\t\t\t<div class=\"elementor-column elementor-col-16 elementor-inner-column elementor-element elementor-element-e2db00e sc_content_align_inherit sc_layouts_column_icons_position_left sc_fly_static\" data-id=\"e2db00e\" data-element_type=\"column\">\n\t\t\t<div class=\"elementor-widget-wrap\">\n\t\t\t\t\t\t\t<\/div>\n\t\t<\/div>\n\t\t\t\t<div class=\"elementor-column elementor-col-66 elementor-inner-column elementor-element elementor-element-6faa6a0 sc_content_align_inherit sc_layouts_column_icons_position_left sc_fly_static\" data-id=\"6faa6a0\" data-element_type=\"column\">\n\t\t\t<div class=\"elementor-widget-wrap\">\n\t\t\t\t\t\t\t<\/div>\n\t\t<\/div>\n\t\t\t\t<div class=\"elementor-column elementor-col-16 elementor-inner-column elementor-element elementor-element-7c0aaee sc_content_align_inherit sc_layouts_column_icons_position_left sc_fly_static\" data-id=\"7c0aaee\" data-element_type=\"column\">\n\t\t\t<div class=\"elementor-widget-wrap\">\n\t\t\t\t\t\t\t<\/div>\n\t\t<\/div>\n\t\t\t\t\t<\/div>\n\t\t<\/section>\n\t\t\t\t<div class=\"elementor-element elementor-element-c10d00d sc_fly_static elementor-widget elementor-widget-trx_sc_title\" data-id=\"c10d00d\" data-element_type=\"widget\" data-widget_type=\"trx_sc_title.default\">\n\t\t\t\t<div class=\"elementor-widget-container\">\n\t\t\t\t\t<div\t\tclass=\"sc_title color_style_dark sc_title_default\" ><span class=\"sc_item_subtitle sc_title_subtitle sc_align_center sc_item_subtitle_above sc_item_title_style_default\">Prof. Dr. Alper Kaya<\/span><h1 class=\"sc_item_title sc_title_title sc_align_center sc_item_title_style_default sc_item_title_tag\"\n\t\t\t><span class=\"sc_item_title_text\">Complex Spinal Pedicle Screw Stabilization Surgeries<\/span><\/h1><\/div>\t\t\t\t<\/div>\n\t\t\t\t<\/div>\n\t\t\t\t<div class=\"elementor-element elementor-element-6c22fbb sc_fly_static elementor-widget elementor-widget-spacer\" data-id=\"6c22fbb\" data-element_type=\"widget\" data-widget_type=\"spacer.default\">\n\t\t\t\t<div class=\"elementor-widget-container\">\n\t\t\t\t\t\t\t<div class=\"elementor-spacer\">\n\t\t\t<div class=\"elementor-spacer-inner\"><\/div>\n\t\t<\/div>\n\t\t\t\t\t\t<\/div>\n\t\t\t\t<\/div>\n\t\t\t\t\t<\/div>\n\t\t<\/div>\n\t\t\t\t\t<\/div>\n\t\t<\/section>\n\t\t\t\t<section class=\"elementor-section elementor-top-section elementor-element elementor-element-49686de elementor-section-height-min-height elementor-section-content-top elementor-section-items-top elementor-section-boxed elementor-section-height-default sc_fly_static\" data-id=\"49686de\" data-element_type=\"section\">\n\t\t\t\t\t\t<div class=\"elementor-container elementor-column-gap-extended\">\n\t\t\t\t\t<div class=\"elementor-column elementor-col-100 elementor-top-column elementor-element elementor-element-f1dbf11 sc_layouts_column_align_center sc_layouts_column sc_content_align_inherit sc_layouts_column_icons_position_left sc_fly_static\" data-id=\"f1dbf11\" data-element_type=\"column\">\n\t\t\t<div class=\"elementor-widget-wrap elementor-element-populated\">\n\t\t\t\t\t\t<div class=\"elementor-element elementor-element-b5f1be0 elementor-view-default sc_fly_static elementor-widget elementor-widget-icon\" data-id=\"b5f1be0\" data-element_type=\"widget\" data-widget_type=\"icon.default\">\n\t\t\t\t<div class=\"elementor-widget-container\">\n\t\t\t\t\t\t\t<div class=\"elementor-icon-wrapper\">\n\t\t\t<a class=\"elementor-icon\" href=\"#anchor\">\n\t\t\t<svg xmlns=\"http:\/\/www.w3.org\/2000\/svg\" width=\"14.626\" height=\"8.639\" viewbox=\"0 0 14.626 8.639\"><g id=\"down-arrow\" transform=\"translate(0 -70.698)\"><g id=\"Group_8820\" data-name=\"Group 8820\" transform=\"translate(0 100.698)\"><path id=\"Path_6507\" data-name=\"Path 6507\" d=\"M14.392,101.42l-.479-.482a.8.8,0,0,0-1.132,0L7.316,106.4l-5.472-5.472a.8.8,0,0,0-1.132,0l-.479.479a.8.8,0,0,0,0,1.131l6.515,6.538a.818.818,0,0,0,.567.257h0a.818.818,0,0,0,.566-.257l6.508-6.52a.808.808,0,0,0,.234-.571A.8.8,0,0,0,14.392,101.42Z\" transform=\"translate(0 -130.698)\"><\/path><\/g><\/g><\/svg>\t\t\t<\/a>\n\t\t<\/div>\n\t\t\t\t\t\t<\/div>\n\t\t\t\t<\/div>\n\t\t\t\t\t<\/div>\n\t\t<\/div>\n\t\t\t\t\t<\/div>\n\t\t<\/section>\n\t\t\t\t<section class=\"elementor-section elementor-top-section elementor-element elementor-element-07505bc elementor-section-boxed elementor-section-height-default elementor-section-height-default sc_fly_static\" data-id=\"07505bc\" data-element_type=\"section\">\n\t\t\t\t\t\t<div class=\"elementor-container elementor-column-gap-extended\">\n\t\t\t\t\t<div class=\"elementor-column elementor-col-100 elementor-top-column elementor-element elementor-element-e81588a sc_content_align_inherit sc_layouts_column_icons_position_left sc_fly_static\" data-id=\"e81588a\" data-element_type=\"column\">\n\t\t\t<div class=\"elementor-widget-wrap elementor-element-populated\">\n\t\t\t\t\t\t<div class=\"elementor-element elementor-element-b8db04c sc_fly_static elementor-widget elementor-widget-trx_sc_anchor\" data-id=\"b8db04c\" data-element_type=\"widget\" data-widget_type=\"trx_sc_anchor.default\">\n\t\t\t\t<div class=\"elementor-widget-container\">\n\t\t\t\t\t<a id=\"sc_anchor_anchor\"\ttitle=\"\"  class=\"sc_anchor sc_anchor_default\" data-vc-icon=\"\" data-url=\"\" ><\/a>\t\t\t\t<\/div>\n\t\t\t\t<\/div>\n\t\t\t\t<div class=\"elementor-element elementor-element-c75e150 sc_height_huge sc_fly_static elementor-widget elementor-widget-spacer\" data-id=\"c75e150\" data-element_type=\"widget\" data-widget_type=\"spacer.default\">\n\t\t\t\t<div class=\"elementor-widget-container\">\n\t\t\t\t\t\t\t<div class=\"elementor-spacer\">\n\t\t\t<div class=\"elementor-spacer-inner\"><\/div>\n\t\t<\/div>\n\t\t\t\t\t\t<\/div>\n\t\t\t\t<\/div>\n\t\t\t\t\t<\/div>\n\t\t<\/div>\n\t\t\t\t\t<\/div>\n\t\t<\/section>\n\t\t\t\t<section class=\"elementor-section elementor-top-section elementor-element elementor-element-c05ea22 scheme_default elementor-section-boxed elementor-section-height-default elementor-section-height-default sc_fly_static\" data-id=\"c05ea22\" data-element_type=\"section\" data-settings=\"{&quot;background_background&quot;:&quot;classic&quot;}\">\n\t\t\t\t\t\t<div class=\"elementor-container elementor-column-gap-extended\">\n\t\t\t\t\t<div class=\"elementor-column elementor-col-50 elementor-top-column elementor-element elementor-element-b9b9ce3 sc_content_align_inherit sc_layouts_column_icons_position_left sc_fly_static\" data-id=\"b9b9ce3\" data-element_type=\"column\">\n\t\t\t<div class=\"elementor-widget-wrap elementor-element-populated\">\n\t\t\t\t\t\t<section class=\"elementor-section elementor-inner-section elementor-element elementor-element-efa1ff2 elementor-section-boxed elementor-section-height-default elementor-section-height-default sc_fly_static\" data-id=\"efa1ff2\" data-element_type=\"section\">\n\t\t\t\t\t\t<div class=\"elementor-container elementor-column-gap-no\">\n\t\t\t\t\t<div class=\"elementor-column elementor-col-100 elementor-inner-column elementor-element elementor-element-174296f sc_content_align_inherit sc_layouts_column_icons_position_left sc_fly_static\" data-id=\"174296f\" data-element_type=\"column\">\n\t\t\t<div class=\"elementor-widget-wrap elementor-element-populated\">\n\t\t\t\t\t\t<div class=\"elementor-element elementor-element-e604ad6 sc_fly_static elementor-widget elementor-widget-image\" data-id=\"e604ad6\" data-element_type=\"widget\" data-widget_type=\"image.default\">\n\t\t\t\t<div class=\"elementor-widget-container\">\n\t\t\t\t\t\t\t\t\t\t\t\t\t\t\t<img fetchpriority=\"high\" decoding=\"async\" width=\"1024\" height=\"576\" src=\"https:\/\/www.alperkaya.com.tr\/wp-content\/uploads\/Image1-scaled-1-1024x576.webp\" class=\"attachment-large size-large wp-image-18641\" alt=\"\" srcset=\"https:\/\/www.alperkaya.com.tr\/wp-content\/uploads\/Image1-scaled-1-1024x576.webp 1024w, https:\/\/www.alperkaya.com.tr\/wp-content\/uploads\/Image1-scaled-1-500x281.webp 500w, https:\/\/www.alperkaya.com.tr\/wp-content\/uploads\/Image1-scaled-1-768x432.webp 768w, https:\/\/www.alperkaya.com.tr\/wp-content\/uploads\/Image1-scaled-1-1536x864.webp 1536w, https:\/\/www.alperkaya.com.tr\/wp-content\/uploads\/Image1-scaled-1-2048x1152.webp 2048w, https:\/\/www.alperkaya.com.tr\/wp-content\/uploads\/Image1-scaled-1-18x10.webp 18w, https:\/\/www.alperkaya.com.tr\/wp-content\/uploads\/Image1-scaled-1-370x208.webp 370w, https:\/\/www.alperkaya.com.tr\/wp-content\/uploads\/Image1-scaled-1-1290x725.webp 1290w, https:\/\/www.alperkaya.com.tr\/wp-content\/uploads\/Image1-scaled-1-840x473.webp 840w, https:\/\/www.alperkaya.com.tr\/wp-content\/uploads\/Image1-scaled-1-410x231.webp 410w, https:\/\/www.alperkaya.com.tr\/wp-content\/uploads\/Image1-scaled-1-270x152.webp 270w\" sizes=\"(max-width: 1024px) 100vw, 1024px\" \/>\t\t\t\t\t\t\t\t\t\t\t\t\t\t\t<\/div>\n\t\t\t\t<\/div>\n\t\t\t\t<div class=\"elementor-element elementor-element-0ece6cc sc_fly_static elementor-widget elementor-widget-image\" data-id=\"0ece6cc\" data-element_type=\"widget\" data-widget_type=\"image.default\">\n\t\t\t\t<div class=\"elementor-widget-container\">\n\t\t\t\t\t\t\t\t\t\t\t\t\t\t\t<img decoding=\"async\" width=\"746\" height=\"1024\" src=\"https:\/\/www.alperkaya.com.tr\/wp-content\/uploads\/Complex-spinal-746x1024.png\" class=\"attachment-large size-large wp-image-18640\" alt=\"\" srcset=\"https:\/\/www.alperkaya.com.tr\/wp-content\/uploads\/Complex-spinal-746x1024.png 746w, https:\/\/www.alperkaya.com.tr\/wp-content\/uploads\/Complex-spinal-364x500.png 364w, https:\/\/www.alperkaya.com.tr\/wp-content\/uploads\/Complex-spinal-768x1054.png 768w, https:\/\/www.alperkaya.com.tr\/wp-content\/uploads\/Complex-spinal-9x12.png 9w, https:\/\/www.alperkaya.com.tr\/wp-content\/uploads\/Complex-spinal-370x508.png 370w, https:\/\/www.alperkaya.com.tr\/wp-content\/uploads\/Complex-spinal-840x1153.png 840w, https:\/\/www.alperkaya.com.tr\/wp-content\/uploads\/Complex-spinal-410x563.png 410w, https:\/\/www.alperkaya.com.tr\/wp-content\/uploads\/Complex-spinal.png 1020w\" sizes=\"(max-width: 746px) 100vw, 746px\" \/>\t\t\t\t\t\t\t\t\t\t\t\t\t\t\t<\/div>\n\t\t\t\t<\/div>\n\t\t\t\t\t<\/div>\n\t\t<\/div>\n\t\t\t\t\t<\/div>\n\t\t<\/section>\n\t\t\t\t\t<\/div>\n\t\t<\/div>\n\t\t\t\t<div class=\"elementor-column elementor-col-50 elementor-top-column elementor-element elementor-element-2b63858 sc_content_align_inherit sc_layouts_column_icons_position_left sc_fly_static\" data-id=\"2b63858\" data-element_type=\"column\">\n\t\t\t<div class=\"elementor-widget-wrap elementor-element-populated\">\n\t\t\t\t\t\t<div class=\"elementor-element elementor-element-33bd403 sc_fly_static elementor-widget elementor-widget-trx_sc_title\" data-id=\"33bd403\" data-element_type=\"widget\" data-widget_type=\"trx_sc_title.default\">\n\t\t\t\t<div class=\"elementor-widget-container\">\n\t\t\t\t\t<div\t\tclass=\"sc_title sc_title_default\" ><h1 class=\"sc_item_title sc_title_title sc_item_title_style_default sc_item_title_tag\"\n\t\t\t><span class=\"sc_item_title_text\">Complex Spinal Pedicle Screw Stabilization Surgeries<\/span><\/h1><\/div>\t\t\t\t<\/div>\n\t\t\t\t<\/div>\n\t\t\t\t<div class=\"elementor-element elementor-element-1b4b8b6 sc_fly_static elementor-widget elementor-widget-text-editor\" data-id=\"1b4b8b6\" data-element_type=\"widget\" data-widget_type=\"text-editor.default\">\n\t\t\t\t<div class=\"elementor-widget-container\">\n\t\t\t\t\t\t\t\t\t<p>\u00a0omurgan\u0131n yap\u0131sal b\u00fct\u00fcnl\u00fc\u011f\u00fcn\u00fcn bozuldu\u011fu ve klasik cerrahi yakla\u015f\u0131mlar\u0131n yetersiz kald\u0131\u011f\u0131 durumlarda uygulanan y\u00fcksek hassasiyetli cerrahi giri\u015fimlerdir. Bu ameliyatlar, yaln\u0131zca omurgay\u0131 sabitlemeyi de\u011fil; sinir dokular\u0131n\u0131 koruyarak uzun vadeli fonksiyonel dengeyi sa\u011flamay\u0131 hedefler.<\/p><p><strong>Komplike Omurga Stabilizasyonu Nedir?<\/strong><\/p><p>Omurga vida stabilizasyonu; omurlar aras\u0131na yerle\u015ftirilen vida ve rod sistemleriyle omurgan\u0131n mekanik dengesinin yeniden sa\u011flanmas\u0131n\u0131 ama\u00e7lar.<br \/>Komplike vakalar ise genellikle:<\/p><ul><li>\u00c7ok seviyeli omurga hastal\u0131klar\u0131<\/li><li>\u0130leri dejeneratif bozukluklar<\/li><li>Omurga k\u0131r\u0131klar\u0131 ve travmalar<\/li><li>Daha \u00f6nce ameliyat edilmi\u015f (revizyon) omurgalar<\/li><li>Omurga deformiteleri ve ileri kaymalar<\/li><\/ul><p>gibi durumlar\u0131 kapsar.<\/p><p><strong>Hangi Durumlarda Gerekli Olur?<\/strong><\/p><p>Komplike stabilizasyon ameliyatlar\u0131 a\u015fa\u011f\u0131daki durumlarda g\u00fcndeme gelebilir:<\/p><ul><li>\u0130leri derecede omurilik veya sinir k\u00f6k\u00fc bas\u0131s\u0131<\/li><li>Omurgada ciddi instabilite<\/li><li>Omurga deformiteleri ile birlikte n\u00f6rolojik kay\u0131p<\/li><li>\u00d6nceki cerrahiler sonras\u0131 geli\u015fen yap\u0131sal bozukluklar<\/li><li>Omurga t\u00fcm\u00f6rleri veya enfeksiyonlara ba\u011fl\u0131 kemik kay\u0131plar\u0131<\/li><\/ul><p>Her hasta i\u00e7in cerrahi gereklilik ayr\u0131 ayr\u0131 de\u011ferlendirilir.<\/p><p><strong>Cerrahi Planlama ve Yakla\u015f\u0131m<\/strong><\/p><p>Bu ameliyatlar\u0131n ba\u015far\u0131s\u0131, cerrahiden \u00f6nce yap\u0131lan ayr\u0131nt\u0131l\u0131 planlamaya ba\u011fl\u0131d\u0131r. De\u011ferlendirme s\u00fcrecinde:<\/p><ul><li>Detailed neurological examination<\/li><li>Manyetik Rezonans (MR) ve Bilgisayarl\u0131 Tomografi (BT)<\/li><li>Omurgan\u0131n biyomekanik analizi<\/li><li>\u00d6nceki cerrahilerin etkilerinin de\u011ferlendirilmesi<\/li><\/ul><p>birlikte ele al\u0131n\u0131r.<\/p><p><strong>Cerrahi s\u0131ras\u0131nda:<\/strong><\/p><ul><li>Mikrocerrahi teknikler<\/li><li>Omurga stabilizasyon sistemleri<\/li><li>Sinir dokusunu koruyucu yakla\u015f\u0131mlar<\/li><\/ul><p>\u00f6n plandad\u0131r.<\/p><p><strong>Cerrahinin Temel Ama\u00e7lar\u0131<\/strong><\/p><p>Komplike omurga vida stabilizasyon ameliyatlar\u0131nda hedef:<\/p><ul><li>Omurga dengesinin g\u00fcvenli \u015fekilde sa\u011flanmas\u0131<\/li><li>Relief of neural compression<\/li><li>A\u011fr\u0131n\u0131n azalt\u0131lmas\u0131<\/li><li>Hastan\u0131n g\u00fcnl\u00fck ya\u015fam fonksiyonlar\u0131n\u0131n yeniden kazan\u0131lmas\u0131d\u0131r<\/li><\/ul><p><strong>Ameliyat Sonras\u0131 S\u00fcre\u00e7 ve Takip<\/strong><\/p><p>Bu t\u00fcr ameliyatlar sonras\u0131nda takip s\u00fcreci b\u00fcy\u00fck \u00f6nem ta\u015f\u0131r. Tedavi sonras\u0131 d\u00f6nemde:<\/p><ul><li>Yak\u0131n klinik takip<\/li><li>Radyolojik kontroller<\/li><li>Rehabilitasyon s\u00fcrecinin planlanmas\u0131<\/li><\/ul><p>d\u00fczenli olarak y\u00fcr\u00fct\u00fcl\u00fcr. Ama\u00e7, yaln\u0131zca cerrahi ba\u015far\u0131 de\u011fil; uzun vadeli omurga stabilitesi ve ya\u015fam kalitesidir.<\/p>\t\t\t\t\t\t\t\t<\/div>\n\t\t\t\t<\/div>\n\t\t\t\t<div class=\"elementor-element elementor-element-df342e1 sc_height_small sc_fly_static elementor-widget elementor-widget-spacer\" data-id=\"df342e1\" data-element_type=\"widget\" data-widget_type=\"spacer.default\">\n\t\t\t\t<div class=\"elementor-widget-container\">\n\t\t\t\t\t\t\t<div class=\"elementor-spacer\">\n\t\t\t<div class=\"elementor-spacer-inner\"><\/div>\n\t\t<\/div>\n\t\t\t\t\t\t<\/div>\n\t\t\t\t<\/div>\n\t\t\t\t\t<\/div>\n\t\t<\/div>\n\t\t\t\t\t<\/div>\n\t\t<\/section>\n\t\t\t\t<\/div>","protected":false},"excerpt":{"rendered":"<p>Prof. Dr. Alper Kaya Komplike Omurga Vida Stabilizasyon Ameliyatlar\u0131 Komplike Omurga Vida Stabilizasyon Ameliyatlar\u0131 \u00a0omurgan\u0131n yap\u0131sal b\u00fct\u00fcnl\u00fc\u011f\u00fcn\u00fcn bozuldu\u011fu ve klasik cerrahi yakla\u015f\u0131mlar\u0131n yetersiz kald\u0131\u011f\u0131 durumlarda uygulanan y\u00fcksek hassasiyetli cerrahi giri\u015fimlerdir.&hellip;<\/p>","protected":false},"author":1,"featured_media":0,"parent":0,"menu_order":0,"comment_status":"closed","ping_status":"closed","template":"","meta":{"footnotes":""},"class_list":["post-18612","page","type-page","status-publish","hentry"],"_links":{"self":[{"href":"https:\/\/www.alperkaya.com.tr\/en\/wp-json\/wp\/v2\/pages\/18612","targetHints":{"allow":["GET"]}}],"collection":[{"href":"https:\/\/www.alperkaya.com.tr\/en\/wp-json\/wp\/v2\/pages"}],"about":[{"href":"https:\/\/www.alperkaya.com.tr\/en\/wp-json\/wp\/v2\/types\/page"}],"author":[{"embeddable":true,"href":"https:\/\/www.alperkaya.com.tr\/en\/wp-json\/wp\/v2\/users\/1"}],"replies":[{"embeddable":true,"href":"https:\/\/www.alperkaya.com.tr\/en\/wp-json\/wp\/v2\/comments?post=18612"}],"version-history":[{"count":10,"href":"https:\/\/www.alperkaya.com.tr\/en\/wp-json\/wp\/v2\/pages\/18612\/revisions"}],"predecessor-version":[{"id":18644,"href":"https:\/\/www.alperkaya.com.tr\/en\/wp-json\/wp\/v2\/pages\/18612\/revisions\/18644"}],"wp:attachment":[{"href":"https:\/\/www.alperkaya.com.tr\/en\/wp-json\/wp\/v2\/media?parent=18612"}],"curies":[{"name":"wp","href":"https:\/\/api.w.org\/{rel}","templated":true}]}}