{"id":3738,"date":"2020-05-26T12:04:13","date_gmt":"2020-05-26T12:04:13","guid":{"rendered":"https:\/\/www.alperkaya.com.tr\/?page_id=3738"},"modified":"2026-01-29T12:32:53","modified_gmt":"2026-01-29T09:32:53","slug":"hakkimda","status":"publish","type":"page","link":"https:\/\/www.alperkaya.com.tr\/en\/hakkimda\/","title":{"rendered":"About"},"content":{"rendered":"<div data-elementor-type=\"wp-page\" data-elementor-id=\"3738\" class=\"elementor elementor-3738\">\n\t\t\t\t\t\t<section class=\"elementor-section elementor-top-section elementor-element elementor-element-4017222 elementor-section-full_width scheme_dark elementor-section-height-min-height elementor-section-height-default elementor-section-items-middle sc_fly_static\" data-id=\"4017222\" data-element_type=\"section\" data-settings=\"{&quot;background_background&quot;:&quot;classic&quot;}\">\n\t\t\t\t\t\t\t<div class=\"elementor-background-overlay\"><\/div>\n\t\t\t\t\t\t\t<div class=\"elementor-container elementor-column-gap-extended\">\n\t\t\t\t\t<div class=\"elementor-column elementor-col-100 elementor-top-column elementor-element elementor-element-53f3977 sc_content_align_inherit sc_layouts_column_icons_position_left sc_fly_static\" data-id=\"53f3977\" data-element_type=\"column\">\n\t\t\t<div class=\"elementor-widget-wrap elementor-element-populated\">\n\t\t\t\t\t\t<div class=\"elementor-element elementor-element-451b79d sc_fly_static elementor-widget elementor-widget-spacer\" data-id=\"451b79d\" data-element_type=\"widget\" data-widget_type=\"spacer.default\">\n\t\t\t\t<div class=\"elementor-widget-container\">\n\t\t\t\t\t\t\t<div class=\"elementor-spacer\">\n\t\t\t<div class=\"elementor-spacer-inner\"><\/div>\n\t\t<\/div>\n\t\t\t\t\t\t<\/div>\n\t\t\t\t<\/div>\n\t\t\t\t<section class=\"elementor-section elementor-inner-section elementor-element elementor-element-39a3d68 elementor-section-boxed elementor-section-height-default elementor-section-height-default sc_fly_static\" data-id=\"39a3d68\" data-element_type=\"section\">\n\t\t\t\t\t\t<div class=\"elementor-container elementor-column-gap-extended\">\n\t\t\t\t\t<div class=\"elementor-column elementor-col-16 elementor-inner-column elementor-element elementor-element-e2db00e sc_content_align_inherit sc_layouts_column_icons_position_left sc_fly_static\" data-id=\"e2db00e\" data-element_type=\"column\">\n\t\t\t<div class=\"elementor-widget-wrap\">\n\t\t\t\t\t\t\t<\/div>\n\t\t<\/div>\n\t\t\t\t<div class=\"elementor-column elementor-col-66 elementor-inner-column elementor-element elementor-element-6faa6a0 sc_content_align_inherit sc_layouts_column_icons_position_left sc_fly_static\" data-id=\"6faa6a0\" data-element_type=\"column\">\n\t\t\t<div class=\"elementor-widget-wrap elementor-element-populated\">\n\t\t\t\t\t\t<div class=\"elementor-element elementor-element-c10d00d sc_fly_static elementor-widget elementor-widget-trx_sc_title\" data-id=\"c10d00d\" data-element_type=\"widget\" data-widget_type=\"trx_sc_title.default\">\n\t\t\t\t<div class=\"elementor-widget-container\">\n\t\t\t\t\t<div\t\tclass=\"sc_title color_style_dark sc_title_default\" ><span class=\"sc_item_subtitle sc_title_subtitle sc_align_center sc_item_subtitle_above sc_item_title_style_default\">Academic Curriculum Vitae<\/span><h1 class=\"sc_item_title sc_title_title sc_align_center sc_item_title_style_default sc_item_title_tag\"\n\t\t\t><span class=\"sc_item_title_text\">PROF. DR. ALPER KAYA<\/span><\/h1><\/div>\t\t\t\t<\/div>\n\t\t\t\t<\/div>\n\t\t\t\t\t<\/div>\n\t\t<\/div>\n\t\t\t\t<div class=\"elementor-column elementor-col-16 elementor-inner-column elementor-element elementor-element-7c0aaee sc_content_align_inherit sc_layouts_column_icons_position_left sc_fly_static\" data-id=\"7c0aaee\" data-element_type=\"column\">\n\t\t\t<div class=\"elementor-widget-wrap\">\n\t\t\t\t\t\t\t<\/div>\n\t\t<\/div>\n\t\t\t\t\t<\/div>\n\t\t<\/section>\n\t\t\t\t<div class=\"elementor-element elementor-element-6c22fbb sc_fly_static elementor-widget elementor-widget-spacer\" data-id=\"6c22fbb\" data-element_type=\"widget\" data-widget_type=\"spacer.default\">\n\t\t\t\t<div class=\"elementor-widget-container\">\n\t\t\t\t\t\t\t<div class=\"elementor-spacer\">\n\t\t\t<div class=\"elementor-spacer-inner\"><\/div>\n\t\t<\/div>\n\t\t\t\t\t\t<\/div>\n\t\t\t\t<\/div>\n\t\t\t\t\t<\/div>\n\t\t<\/div>\n\t\t\t\t\t<\/div>\n\t\t<\/section>\n\t\t\t\t<section class=\"elementor-section elementor-top-section elementor-element elementor-element-49686de elementor-section-height-min-height elementor-section-content-top elementor-section-items-top elementor-section-boxed elementor-section-height-default sc_fly_static\" data-id=\"49686de\" data-element_type=\"section\">\n\t\t\t\t\t\t<div class=\"elementor-container elementor-column-gap-extended\">\n\t\t\t\t\t<div class=\"elementor-column elementor-col-100 elementor-top-column elementor-element elementor-element-f1dbf11 sc_layouts_column_align_center sc_layouts_column sc_content_align_inherit sc_layouts_column_icons_position_left sc_fly_static\" data-id=\"f1dbf11\" data-element_type=\"column\">\n\t\t\t<div class=\"elementor-widget-wrap elementor-element-populated\">\n\t\t\t\t\t\t<div class=\"elementor-element elementor-element-b5f1be0 elementor-view-default sc_fly_static elementor-widget elementor-widget-icon\" data-id=\"b5f1be0\" data-element_type=\"widget\" data-widget_type=\"icon.default\">\n\t\t\t\t<div class=\"elementor-widget-container\">\n\t\t\t\t\t\t\t<div class=\"elementor-icon-wrapper\">\n\t\t\t<a class=\"elementor-icon\" href=\"#anchor\">\n\t\t\t<svg xmlns=\"http:\/\/www.w3.org\/2000\/svg\" width=\"14.626\" height=\"8.639\" viewbox=\"0 0 14.626 8.639\"><g id=\"down-arrow\" transform=\"translate(0 -70.698)\"><g id=\"Group_8820\" data-name=\"Group 8820\" transform=\"translate(0 100.698)\"><path id=\"Path_6507\" data-name=\"Path 6507\" d=\"M14.392,101.42l-.479-.482a.8.8,0,0,0-1.132,0L7.316,106.4l-5.472-5.472a.8.8,0,0,0-1.132,0l-.479.479a.8.8,0,0,0,0,1.131l6.515,6.538a.818.818,0,0,0,.567.257h0a.818.818,0,0,0,.566-.257l6.508-6.52a.808.808,0,0,0,.234-.571A.8.8,0,0,0,14.392,101.42Z\" transform=\"translate(0 -130.698)\"><\/path><\/g><\/g><\/svg>\t\t\t<\/a>\n\t\t<\/div>\n\t\t\t\t\t\t<\/div>\n\t\t\t\t<\/div>\n\t\t\t\t\t<\/div>\n\t\t<\/div>\n\t\t\t\t\t<\/div>\n\t\t<\/section>\n\t\t\t\t<section class=\"elementor-section elementor-top-section elementor-element elementor-element-07505bc elementor-section-boxed elementor-section-height-default elementor-section-height-default sc_fly_static\" data-id=\"07505bc\" data-element_type=\"section\">\n\t\t\t\t\t\t<div class=\"elementor-container elementor-column-gap-extended\">\n\t\t\t\t\t<div class=\"elementor-column elementor-col-100 elementor-top-column elementor-element elementor-element-e81588a sc_content_align_inherit sc_layouts_column_icons_position_left sc_fly_static\" data-id=\"e81588a\" data-element_type=\"column\">\n\t\t\t<div class=\"elementor-widget-wrap elementor-element-populated\">\n\t\t\t\t\t\t<div class=\"elementor-element elementor-element-b8db04c sc_fly_static elementor-widget elementor-widget-trx_sc_anchor\" data-id=\"b8db04c\" data-element_type=\"widget\" data-widget_type=\"trx_sc_anchor.default\">\n\t\t\t\t<div class=\"elementor-widget-container\">\n\t\t\t\t\t<a id=\"sc_anchor_anchor\"\ttitle=\"\"  class=\"sc_anchor sc_anchor_default\" data-vc-icon=\"\" data-url=\"\" ><\/a>\t\t\t\t<\/div>\n\t\t\t\t<\/div>\n\t\t\t\t<div class=\"elementor-element elementor-element-c75e150 sc_height_huge sc_fly_static elementor-widget elementor-widget-spacer\" data-id=\"c75e150\" data-element_type=\"widget\" data-widget_type=\"spacer.default\">\n\t\t\t\t<div class=\"elementor-widget-container\">\n\t\t\t\t\t\t\t<div class=\"elementor-spacer\">\n\t\t\t<div class=\"elementor-spacer-inner\"><\/div>\n\t\t<\/div>\n\t\t\t\t\t\t<\/div>\n\t\t\t\t<\/div>\n\t\t\t\t\t<\/div>\n\t\t<\/div>\n\t\t\t\t\t<\/div>\n\t\t<\/section>\n\t\t\t\t<section class=\"elementor-section elementor-top-section elementor-element elementor-element-c05ea22 scheme_default elementor-section-boxed elementor-section-height-default elementor-section-height-default sc_fly_static\" data-id=\"c05ea22\" data-element_type=\"section\" data-settings=\"{&quot;background_background&quot;:&quot;classic&quot;}\">\n\t\t\t\t\t\t<div class=\"elementor-container elementor-column-gap-extended\">\n\t\t\t\t\t<div class=\"elementor-column elementor-col-50 elementor-top-column elementor-element elementor-element-b9b9ce3 sc_content_align_inherit sc_layouts_column_icons_position_left sc_fly_static\" data-id=\"b9b9ce3\" data-element_type=\"column\">\n\t\t\t<div class=\"elementor-widget-wrap elementor-element-populated\">\n\t\t\t\t\t\t<section class=\"elementor-section elementor-inner-section elementor-element elementor-element-efa1ff2 elementor-section-boxed elementor-section-height-default elementor-section-height-default sc_fly_static\" data-id=\"efa1ff2\" data-element_type=\"section\">\n\t\t\t\t\t\t<div class=\"elementor-container elementor-column-gap-no\">\n\t\t\t\t\t<div class=\"elementor-column elementor-col-100 elementor-inner-column elementor-element elementor-element-174296f sc_content_align_inherit sc_layouts_column_icons_position_left sc_fly_static\" data-id=\"174296f\" data-element_type=\"column\">\n\t\t\t<div class=\"elementor-widget-wrap elementor-element-populated\">\n\t\t\t\t\t\t<div class=\"elementor-element elementor-element-4005259 no-title sc_fly_static elementor-widget elementor-widget-image\" data-id=\"4005259\" data-element_type=\"widget\" data-widget_type=\"image.default\">\n\t\t\t\t<div class=\"elementor-widget-container\">\n\t\t\t\t\t\t\t\t\t\t\t\t\t\t\t<img fetchpriority=\"high\" decoding=\"async\" width=\"1920\" height=\"2108\" src=\"https:\/\/www.alperkaya.com.tr\/wp-content\/uploads\/alper-kaya-01.jpg\" class=\"attachment-full size-full wp-image-18172\" alt=\"\" srcset=\"https:\/\/www.alperkaya.com.tr\/wp-content\/uploads\/alper-kaya-01.jpg 1920w, https:\/\/www.alperkaya.com.tr\/wp-content\/uploads\/alper-kaya-01-455x500.jpg 455w, https:\/\/www.alperkaya.com.tr\/wp-content\/uploads\/alper-kaya-01-933x1024.jpg 933w, https:\/\/www.alperkaya.com.tr\/wp-content\/uploads\/alper-kaya-01-768x843.jpg 768w, https:\/\/www.alperkaya.com.tr\/wp-content\/uploads\/alper-kaya-01-1399x1536.jpg 1399w, https:\/\/www.alperkaya.com.tr\/wp-content\/uploads\/alper-kaya-01-1865x2048.jpg 1865w, https:\/\/www.alperkaya.com.tr\/wp-content\/uploads\/alper-kaya-01-370x406.jpg 370w, https:\/\/www.alperkaya.com.tr\/wp-content\/uploads\/alper-kaya-01-840x922.jpg 840w, https:\/\/www.alperkaya.com.tr\/wp-content\/uploads\/alper-kaya-01-410x450.jpg 410w, https:\/\/www.alperkaya.com.tr\/wp-content\/uploads\/alper-kaya-01-600x659.jpg 600w, https:\/\/www.alperkaya.com.tr\/wp-content\/uploads\/elementor\/thumbs\/alper-kaya-01-rh88imw0xfmwshedjouoamwg7pqe7ymyypgtvglvnc.jpg 565w\" sizes=\"(max-width: 1920px) 100vw, 1920px\" \/>\t\t\t\t\t\t\t\t\t\t\t\t\t\t\t<\/div>\n\t\t\t\t<\/div>\n\t\t\t\t\t<\/div>\n\t\t<\/div>\n\t\t\t\t\t<\/div>\n\t\t<\/section>\n\t\t\t\t\t<\/div>\n\t\t<\/div>\n\t\t\t\t<div class=\"elementor-column elementor-col-50 elementor-top-column elementor-element elementor-element-2b63858 sc_content_align_inherit sc_layouts_column_icons_position_left sc_fly_static\" data-id=\"2b63858\" data-element_type=\"column\">\n\t\t\t<div class=\"elementor-widget-wrap elementor-element-populated\">\n\t\t\t\t\t\t<div class=\"elementor-element elementor-element-33bd403 sc_fly_static elementor-widget elementor-widget-trx_sc_title\" data-id=\"33bd403\" data-element_type=\"widget\" data-widget_type=\"trx_sc_title.default\">\n\t\t\t\t<div class=\"elementor-widget-container\">\n\t\t\t\t\t<div\t\tclass=\"sc_title sc_title_default\" ><h1 class=\"sc_item_title sc_title_title sc_item_title_style_default sc_item_title_tag\"\n\t\t\t><span class=\"sc_item_title_text\">Prof. Dr. Alper Kaya<\/span><\/h1><\/div>\t\t\t\t<\/div>\n\t\t\t\t<\/div>\n\t\t\t\t<div class=\"elementor-element elementor-element-b43181c sc_fly_static elementor-widget elementor-widget-text-editor\" data-id=\"b43181c\" data-element_type=\"widget\" data-widget_type=\"text-editor.default\">\n\t\t\t\t<div class=\"elementor-widget-container\">\n\t\t\t\t\t\t\t\t\t<p>completed his medical education at Dokuz Eyl\u00fcl University Faculty of Medicine and received his neurosurgery residency training at \u015ei\u015fli Etfal Training and Research Hospital, Department of Neurosurgery (1991\u20131997).<\/p><p>Since 1999, he has continued his academic and clinical work at the \u015ei\u015fli Etfal Training and Research Hospital, Department of Neurosurgery, where he was awarded the title of Associate Professor of Neurosurgery in June 2008. During this period, he carried out advanced academic and practical studies in microsurgery and spine surgery in Germany and the Netherlands at various times.<\/p><p>Between 2010 and 2018, he served as Head of the Department of Brain and Neurosurgery at MedicalPark Hospitals Group Bah\u00e7elievler, while simultaneously continuing his academic activities within the university structure.<br \/>In 2014, he was promoted to Professor at Istanbul Alt\u0131nba\u015f University Faculty of Medicine, Department of Neurosurgery, and between 2013 and 2018, he served as Head of the Department of Brain and Neurosurgery at the same faculty.<\/p>\t\t\t\t\t\t\t\t<\/div>\n\t\t\t\t<\/div>\n\t\t\t\t<div class=\"elementor-element elementor-element-df342e1 sc_height_small sc_fly_static elementor-widget elementor-widget-spacer\" data-id=\"df342e1\" data-element_type=\"widget\" data-widget_type=\"spacer.default\">\n\t\t\t\t<div class=\"elementor-widget-container\">\n\t\t\t\t\t\t\t<div class=\"elementor-spacer\">\n\t\t\t<div class=\"elementor-spacer-inner\"><\/div>\n\t\t<\/div>\n\t\t\t\t\t\t<\/div>\n\t\t\t\t<\/div>\n\t\t\t\t\t<\/div>\n\t\t<\/div>\n\t\t\t\t\t<\/div>\n\t\t<\/section>\n\t\t\t\t<section class=\"elementor-section elementor-top-section elementor-element elementor-element-b6ec9e9 scheme_default elementor-section-boxed elementor-section-height-default elementor-section-height-default sc_fly_static\" data-id=\"b6ec9e9\" data-element_type=\"section\" data-settings=\"{&quot;background_background&quot;:&quot;classic&quot;}\">\n\t\t\t\t\t\t<div class=\"elementor-container elementor-column-gap-extended\">\n\t\t\t\t\t<div class=\"elementor-column elementor-col-50 elementor-top-column elementor-element elementor-element-a2309ce sc_content_align_inherit sc_layouts_column_icons_position_left sc_fly_static\" data-id=\"a2309ce\" data-element_type=\"column\">\n\t\t\t<div class=\"elementor-widget-wrap elementor-element-populated\">\n\t\t\t\t\t\t<div class=\"elementor-element elementor-element-064e015 sc_height_small sc_fly_static elementor-widget elementor-widget-spacer\" data-id=\"064e015\" data-element_type=\"widget\" data-widget_type=\"spacer.default\">\n\t\t\t\t<div class=\"elementor-widget-container\">\n\t\t\t\t\t\t\t<div class=\"elementor-spacer\">\n\t\t\t<div class=\"elementor-spacer-inner\"><\/div>\n\t\t<\/div>\n\t\t\t\t\t\t<\/div>\n\t\t\t\t<\/div>\n\t\t\t\t<div class=\"elementor-element elementor-element-69d80b9 sc_fly_static elementor-widget elementor-widget-text-editor\" data-id=\"69d80b9\" data-element_type=\"widget\" data-widget_type=\"text-editor.default\">\n\t\t\t\t<div class=\"elementor-widget-container\">\n\t\t\t\t\t\t\t\t\t<p>His academic areas of expertise include brain and spinal cord tumors, pediatric neurosurgery, skull base surgery, degenerative spine diseases, spinal deformities and scoliosis, and spinal fusion surgery. In particular, the original surgical techniques he developed for lumbar spinal fusion surgeries, along with his experimental research in this field, have been published in international peer-reviewed scientific journals.<\/p><p>Since July 2018, he has been working as a freelance physician in his own private practice.<\/p><p><strong><span style=\"color: #ffffff\">.<\/span><\/strong><\/p><ul><li style=\"list-style-type: none;\"><ul><li>Detailed neurological examination<\/li><li>Pediatric (childhood) brain and spinal cord tumors<\/li><li>Skull base surgery<\/li><li>Degenerative spine diseases<\/li><li>Cervical and lumbar spinal canal stenosis<\/li><li>Lumbar disc herniation and cervical disc herniation<\/li><li>Spinal fractures and deformities<\/li><li>Spinal deformities and scoliosis<\/li><li>Spinal fusion surgery<\/li><\/ul><\/li><\/ul><p>He has developed original surgical techniques for lumbar spinal fusion surgery, and his experimental and clinical research in this field has been published in international scientific journals. In addition, he has extensive experience and research in brain and spinal cord tumors, pediatric brain and spinal cord tumors, skull base surgery, cervical and lumbar spinal canal stenosis, lumbar and cervical disc herniations, spinal fractures and deformities, and scoliosis surgeries.<br \/><strong><span style=\"color: #ffffff\">.<\/span><\/strong><\/p><ul><li class=\"translation-block\"><strong>International peer-reviewed journals:<\/strong> 30 articles<\/li><li class=\"translation-block\"><strong>National peer-reviewed journals:<\/strong> 32 articles<\/li><li class=\"translation-block\"><strong>National and international congresses:<\/strong> 43 presentations<\/li><li><strong><strong>Book chapter authorship:<\/strong><\/strong> 3<\/li><\/ul><p>Bilimsel yay\u0131nlar\u0131 uluslararas\u0131 literat\u00fcrde <strong>452 kez at\u0131f alm\u0131\u015f<\/strong>, <strong>H-indeksi 15<\/strong> <span style=\"color: #ffffff\">.<\/span><\/p><p><strong><span style=\"color: #ffffff\">.<\/span><\/strong><\/p><ul><li class=\"translation-block\"><strong>Sinir Sistemi Cerrahisi Association \u2013 Best Scientific Research Presentation Award (2008)<\/strong><\/li><li>Hamit Ziya G\u00f6kalp <em><strong>Hamit Ziya G\u00f6kalp Young Neurosurgeon Encouragement Scientific Research Award<\/strong><\/em><\/li><li class=\"translation-block\"><strong>Turkish Neurosurgery Association Scientific Congress \u2013 Presentation of the Year Award (2007)<\/strong><\/li><\/ul><p><strong><span style=\"color: #ffffff\">.<\/span><\/strong><\/p><ul><li style=\"list-style-type: none;\"><ul><li><strong>Academic Memberships<\/strong>\n<ul>\n \t<li>Turkish Neurosurgical Society<\/li>\n \t<li>Spine Society of Europe<\/li>\n \t<li>Turkish Neuro-Oncology Society<\/li>\n \t<li>Turkish Spinal and Peripheral Nerve Surgery Group<\/li><\/li><li>Spine Society of Europe<\/li><li>T\u00fcrk N\u00f6roonkoloji Derne\u011fi<\/li><li>T\u00fcrk Spinal ve Periferik Sinir Cerrahisi Grubu<\/li><\/ul><\/li><\/ul>\t\t\t\t\t\t\t\t<\/div>\n\t\t\t\t<\/div>\n\t\t\t\t<div class=\"elementor-element elementor-element-eccc43c sc_height_huge sc_layouts_hide_on_tablet sc_layouts_hide_on_mobile sc_fly_static elementor-widget elementor-widget-spacer\" data-id=\"eccc43c\" data-element_type=\"widget\" data-widget_type=\"spacer.default\">\n\t\t\t\t<div class=\"elementor-widget-container\">\n\t\t\t\t\t\t\t<div class=\"elementor-spacer\">\n\t\t\t<div class=\"elementor-spacer-inner\"><\/div>\n\t\t<\/div>\n\t\t\t\t\t\t<\/div>\n\t\t\t\t<\/div>\n\t\t\t\t\t<\/div>\n\t\t<\/div>\n\t\t\t\t<div class=\"elementor-column elementor-col-50 elementor-top-column elementor-element elementor-element-6b2f450 sc_content_align_inherit sc_layouts_column_icons_position_left sc_fly_static\" data-id=\"6b2f450\" data-element_type=\"column\">\n\t\t\t<div class=\"elementor-widget-wrap elementor-element-populated\">\n\t\t\t\t\t\t<section class=\"elementor-section elementor-inner-section elementor-element elementor-element-d1200a1 elementor-section-boxed elementor-section-height-default elementor-section-height-default sc_fly_static\" data-id=\"d1200a1\" data-element_type=\"section\">\n\t\t\t\t\t\t<div class=\"elementor-container elementor-column-gap-no\">\n\t\t\t\t\t<div class=\"elementor-column elementor-col-100 elementor-inner-column elementor-element elementor-element-c0f410f sc_content_align_inherit sc_layouts_column_icons_position_left sc_fly_static\" data-id=\"c0f410f\" data-element_type=\"column\">\n\t\t\t<div class=\"elementor-widget-wrap elementor-element-populated\">\n\t\t\t\t\t\t<div class=\"elementor-element elementor-element-1416a00 no-title sc_fly_static elementor-widget elementor-widget-image\" data-id=\"1416a00\" data-element_type=\"widget\" data-widget_type=\"image.default\">\n\t\t\t\t<div class=\"elementor-widget-container\">\n\t\t\t\t\t\t\t\t\t\t\t\t\t\t\t<img decoding=\"async\" width=\"1920\" height=\"2108\" src=\"https:\/\/www.alperkaya.com.tr\/wp-content\/uploads\/alperhoca.jpg\" class=\"attachment-full size-full wp-image-18659\" alt=\"\" srcset=\"https:\/\/www.alperkaya.com.tr\/wp-content\/uploads\/alperhoca.jpg 1920w, https:\/\/www.alperkaya.com.tr\/wp-content\/uploads\/alperhoca-455x500.jpg 455w, https:\/\/www.alperkaya.com.tr\/wp-content\/uploads\/alperhoca-933x1024.jpg 933w, https:\/\/www.alperkaya.com.tr\/wp-content\/uploads\/alperhoca-768x843.jpg 768w, https:\/\/www.alperkaya.com.tr\/wp-content\/uploads\/alperhoca-1399x1536.jpg 1399w, https:\/\/www.alperkaya.com.tr\/wp-content\/uploads\/alperhoca-1865x2048.jpg 1865w, https:\/\/www.alperkaya.com.tr\/wp-content\/uploads\/alperhoca-11x12.jpg 11w, https:\/\/www.alperkaya.com.tr\/wp-content\/uploads\/alperhoca-370x406.jpg 370w, https:\/\/www.alperkaya.com.tr\/wp-content\/uploads\/alperhoca-840x922.jpg 840w, https:\/\/www.alperkaya.com.tr\/wp-content\/uploads\/alperhoca-410x450.jpg 410w\" sizes=\"(max-width: 1920px) 100vw, 1920px\" \/>\t\t\t\t\t\t\t\t\t\t\t\t\t\t\t<\/div>\n\t\t\t\t<\/div>\n\t\t\t\t<div class=\"elementor-element elementor-element-5b80ad4 no-title sc_fly_static elementor-widget elementor-widget-image\" data-id=\"5b80ad4\" data-element_type=\"widget\" data-widget_type=\"image.default\">\n\t\t\t\t<div class=\"elementor-widget-container\">\n\t\t\t\t\t\t\t\t\t\t\t\t\t\t\t<img decoding=\"async\" width=\"1920\" height=\"2108\" src=\"https:\/\/www.alperkaya.com.tr\/wp-content\/uploads\/alperhoca2.jpg\" class=\"attachment-full size-full wp-image-18663\" alt=\"\" srcset=\"https:\/\/www.alperkaya.com.tr\/wp-content\/uploads\/alperhoca2.jpg 1920w, https:\/\/www.alperkaya.com.tr\/wp-content\/uploads\/alperhoca2-455x500.jpg 455w, https:\/\/www.alperkaya.com.tr\/wp-content\/uploads\/alperhoca2-933x1024.jpg 933w, https:\/\/www.alperkaya.com.tr\/wp-content\/uploads\/alperhoca2-768x843.jpg 768w, https:\/\/www.alperkaya.com.tr\/wp-content\/uploads\/alperhoca2-1399x1536.jpg 1399w, https:\/\/www.alperkaya.com.tr\/wp-content\/uploads\/alperhoca2-1865x2048.jpg 1865w, https:\/\/www.alperkaya.com.tr\/wp-content\/uploads\/alperhoca2-11x12.jpg 11w, https:\/\/www.alperkaya.com.tr\/wp-content\/uploads\/alperhoca2-370x406.jpg 370w, https:\/\/www.alperkaya.com.tr\/wp-content\/uploads\/alperhoca2-840x922.jpg 840w, https:\/\/www.alperkaya.com.tr\/wp-content\/uploads\/alperhoca2-410x450.jpg 410w\" sizes=\"(max-width: 1920px) 100vw, 1920px\" \/>\t\t\t\t\t\t\t\t\t\t\t\t\t\t\t<\/div>\n\t\t\t\t<\/div>\n\t\t\t\t\t<\/div>\n\t\t<\/div>\n\t\t\t\t\t<\/div>\n\t\t<\/section>\n\t\t\t\t\t<\/div>\n\t\t<\/div>\n\t\t\t\t\t<\/div>\n\t\t<\/section>\n\t\t\t\t<\/div>","protected":false},"excerpt":{"rendered":"<p>Akademik \u00d6zge\u00e7mi\u015f PROF. DR. ALPER KAYA Prof. Dr. Alper Kaya t\u0131p e\u011fitimini Dokuz Eyl\u00fcl \u00dcniversitesi T\u0131p Fak\u00fcltesi\u2019nde tamamlam\u0131\u015f; n\u00f6ro\u015fir\u00fcrji uzmanl\u0131k e\u011fitimini \u015ei\u015fli Etfal E\u011fitim ve Ara\u015ft\u0131rma Hastanesi N\u00f6ro\u015fir\u00fcrji Klini\u011fi\u2019nde alm\u0131\u015ft\u0131r&hellip;<\/p>","protected":false},"author":1,"featured_media":0,"parent":0,"menu_order":0,"comment_status":"closed","ping_status":"closed","template":"","meta":{"footnotes":""},"class_list":["post-3738","page","type-page","status-publish","hentry"],"_links":{"self":[{"href":"https:\/\/www.alperkaya.com.tr\/en\/wp-json\/wp\/v2\/pages\/3738","targetHints":{"allow":["GET"]}}],"collection":[{"href":"https:\/\/www.alperkaya.com.tr\/en\/wp-json\/wp\/v2\/pages"}],"about":[{"href":"https:\/\/www.alperkaya.com.tr\/en\/wp-json\/wp\/v2\/types\/page"}],"author":[{"embeddable":true,"href":"https:\/\/www.alperkaya.com.tr\/en\/wp-json\/wp\/v2\/users\/1"}],"replies":[{"embeddable":true,"href":"https:\/\/www.alperkaya.com.tr\/en\/wp-json\/wp\/v2\/comments?post=3738"}],"version-history":[{"count":28,"href":"https:\/\/www.alperkaya.com.tr\/en\/wp-json\/wp\/v2\/pages\/3738\/revisions"}],"predecessor-version":[{"id":18686,"href":"https:\/\/www.alperkaya.com.tr\/en\/wp-json\/wp\/v2\/pages\/3738\/revisions\/18686"}],"wp:attachment":[{"href":"https:\/\/www.alperkaya.com.tr\/en\/wp-json\/wp\/v2\/media?parent=3738"}],"curies":[{"name":"wp","href":"https:\/\/api.w.org\/{rel}","templated":true}]}}