{"id":4004,"date":"2020-05-27T11:42:58","date_gmt":"2020-05-27T11:42:58","guid":{"rendered":"https:\/\/www.alperkaya.com.tr\/?page_id=4004"},"modified":"2026-01-13T07:19:47","modified_gmt":"2026-01-13T04:19:47","slug":"uzmanliklar","status":"publish","type":"page","link":"https:\/\/www.alperkaya.com.tr\/en\/uzmanliklar\/","title":{"rendered":"uzmanl\u0131k alanlar\u0131"},"content":{"rendered":"<div data-elementor-type=\"wp-page\" data-elementor-id=\"4004\" class=\"elementor elementor-4004\">\n\t\t\t\t\t\t<section class=\"elementor-section elementor-top-section elementor-element elementor-element-4d115bf elementor-section-stretched scheme_default elementor-section-boxed elementor-section-height-default elementor-section-height-default sc_fly_static\" data-id=\"4d115bf\" data-element_type=\"section\" data-settings=\"{&quot;stretch_section&quot;:&quot;section-stretched&quot;,&quot;background_background&quot;:&quot;classic&quot;}\">\n\t\t\t\t\t\t<div class=\"elementor-container elementor-column-gap-extended\">\n\t\t\t\t\t<div class=\"elementor-column elementor-col-100 elementor-top-column elementor-element elementor-element-b6470b0 sc_content_align_inherit sc_layouts_column_icons_position_left sc_fly_static\" data-id=\"b6470b0\" data-element_type=\"column\">\n\t\t\t<div class=\"elementor-widget-wrap elementor-element-populated\">\n\t\t\t\t\t\t<div class=\"elementor-element elementor-element-9da3f04 sc_height_huge sc_fly_static elementor-widget elementor-widget-spacer\" data-id=\"9da3f04\" data-element_type=\"widget\" data-widget_type=\"spacer.default\">\n\t\t\t\t<div class=\"elementor-widget-container\">\n\t\t\t\t\t\t\t<div class=\"elementor-spacer\">\n\t\t\t<div class=\"elementor-spacer-inner\"><\/div>\n\t\t<\/div>\n\t\t\t\t\t\t<\/div>\n\t\t\t\t<\/div>\n\t\t\t\t<div class=\"elementor-element elementor-element-31cc176 sc_fly_static elementor-widget elementor-widget-uzmanliklar_widget\" data-id=\"31cc176\" data-element_type=\"widget\" data-widget_type=\"uzmanliklar_widget.default\">\n\t\t\t\t<div class=\"elementor-widget-container\">\n\t\t\t\t\t        <div class=\"uzmanliklar-container\">\n            <div class=\"uzmanliklar-header\">\n                <h2>SPECIALTIES<\/h2>\n                <p>Information and healthcare services regarding diagnostic and treatment methods for brain, nerve, and spinal cord surgery are provided.<\/p>\n            <\/div>\n            <div class=\"uzmanliklar-grid\">\n                                    <div class=\"uzmanlik-card\">\n                        <div class=\"uzmanlik-image\">\n                                                            <img decoding=\"async\" src=\"https:\/\/www.alperkaya.com.tr\/wp-content\/uploads\/alper-kaya-01.jpg\" alt=\"Genel N\u00f6ro\u015fir\u00fcrji\">\n                                                    <\/div>\n                        <div class=\"uzmanlik-content\">\n                            <h3>General Neurosurgery<\/h3>\n                            <div class=\"uzmanlik-description\">\n                                encompasses a broad process ranging from the diagnosis\nof diseases involving the brain, spinal cord, and peripheral                            <\/div>\n                            <div class=\"uzmanlik-button-wrapper\">\n                                                                    <a href=\"https:\/\/www.alperkaya.com.tr\/en\/genel-norosirurji\/\" class=\"uzmanlik-button\">\n                                        More                                    <\/a>\n                                                            <\/div>\n                        <\/div>\n                    <\/div>\n                                    <div class=\"uzmanlik-card\">\n                        <div class=\"uzmanlik-image\">\n                                                            <img decoding=\"async\" src=\"https:\/\/www.alperkaya.com.tr\/wp-content\/uploads\/mobil_header.jpg\" alt=\"Beyin Ve Omurilik T\u00fcm\u00f6rleri\">\n                                                    <\/div>\n                        <div class=\"uzmanlik-content\">\n                            <h3>Brain And Spinal Cord Tumors<\/h3>\n                            <div class=\"uzmanlik-description\">\n                                represent one of the most demanding fields of neurosurgery, requiring a high level of precision, experience, and a multidisciplinary approach.                            <\/div>\n                            <div class=\"uzmanlik-button-wrapper\">\n                                                                    <a href=\"https:\/\/www.alperkaya.com.tr\/en\/beyin-ve-omurilik-tumorleri\/\" class=\"uzmanlik-button\">\n                                        More                                    <\/a>\n                                                            <\/div>\n                        <\/div>\n                    <\/div>\n                                    <div class=\"uzmanlik-card\">\n                        <div class=\"uzmanlik-image\">\n                                                            <img decoding=\"async\" src=\"https:\/\/www.alperkaya.com.tr\/wp-content\/uploads\/3.jpg\" alt=\"Omurga T\u00fcm\u00f6rleri\">\n                                                    <\/div>\n                        <div class=\"uzmanlik-content\">\n                            <h3>Spinal Tumors<\/h3>\n                            <div class=\"uzmanlik-description\">\n                                Due to their close relationship with spinal cord and vertebral structures, these are neurosurgical conditions requiring high precision\nand experience.                            <\/div>\n                            <div class=\"uzmanlik-button-wrapper\">\n                                                                    <a href=\"https:\/\/www.alperkaya.com.tr\/en\/omurga-tumorleri\/\" class=\"uzmanlik-button\">\n                                        More                                    <\/a>\n                                                            <\/div>\n                        <\/div>\n                    <\/div>\n                                    <div class=\"uzmanlik-card\">\n                        <div class=\"uzmanlik-image\">\n                                                            <img decoding=\"async\" src=\"https:\/\/www.alperkaya.com.tr\/wp-content\/uploads\/bel-fitik.jpg\" alt=\"Bel F\u0131t\u0131\u011f\u0131\">\n                                                    <\/div>\n                        <div class=\"uzmanlik-content\">\n                            <h3>Lumbar Disc Herniation<\/h3>\n                            <div class=\"uzmanlik-description\">\n                                one of the frequently encountered conditions within the field of\nexpertise of Prof. Dr. Alper Kaya, occurs when the intervertebral discs in the lower spine lose\ntheir structural integrity and compress neural structures.                            <\/div>\n                            <div class=\"uzmanlik-button-wrapper\">\n                                                                    <a href=\"https:\/\/www.alperkaya.com.tr\/en\/bel-fitigi\/\" class=\"uzmanlik-button\">\n                                        More                                    <\/a>\n                                                            <\/div>\n                        <\/div>\n                    <\/div>\n                                    <div class=\"uzmanlik-card\">\n                        <div class=\"uzmanlik-image\">\n                                                            <img decoding=\"async\" src=\"https:\/\/www.alperkaya.com.tr\/wp-content\/uploads\/boyun.jpg\" alt=\"Boyun F\u0131t\u0131\u011f\u0131\">\n                                                    <\/div>\n                        <div class=\"uzmanlik-content\">\n                            <h3>Cervical Disc Herniation<\/h3>\n                            <div class=\"uzmanlik-description\">\n                                It occurs when the discs in the cervical spine lose their structural integrity,\nresulting in pressure on the spinal cord or nerve roots                            <\/div>\n                            <div class=\"uzmanlik-button-wrapper\">\n                                                                    <a href=\"https:\/\/www.alperkaya.com.tr\/en\/boyun-fitigi\/\" class=\"uzmanlik-button\">\n                                        More                                    <\/a>\n                                                            <\/div>\n                        <\/div>\n                    <\/div>\n                                    <div class=\"uzmanlik-card\">\n                        <div class=\"uzmanlik-image\">\n                                                            <img decoding=\"async\" src=\"https:\/\/www.alperkaya.com.tr\/wp-content\/uploads\/mobil_header.jpg\" alt=\"Omurgan\u0131n Dejeneratif Hastal\u0131klar\u0131\">\n                                                    <\/div>\n                        <div class=\"uzmanlik-content\">\n                            <h3>Degenerative Diseases Of The Spine<\/h3>\n                            <div class=\"uzmanlik-description\">\n                                an important focus within the clinical and academic\npractice of Prof. Dr. Alper Kaya, represent a group of conditions resulting from the gradual\nwear and functional deterioration of the discs, joints,                            <\/div>\n                            <div class=\"uzmanlik-button-wrapper\">\n                                                                    <a href=\"https:\/\/www.alperkaya.com.tr\/en\/omurganin-dejeneratif-hastaliklari\/\" class=\"uzmanlik-button\">\n                                        More                                    <\/a>\n                                                            <\/div>\n                        <\/div>\n                    <\/div>\n                                    <div class=\"uzmanlik-card\">\n                        <div class=\"uzmanlik-image\">\n                                                            <img decoding=\"async\" src=\"https:\/\/www.alperkaya.com.tr\/wp-content\/uploads\/1.jpg\" alt=\"Omurilik Kanal Darl\u0131\u011f\u0131\">\n                                                    <\/div>\n                        <div class=\"uzmanlik-content\">\n                            <h3>Spinal Canal Stenosis<\/h3>\n                            <div class=\"uzmanlik-description\">\n                                are neurosurgical conditions in which the spinal canal narrows and compresses the spinal cord or nerve roots. These disorders are typically progressive and can significantly impair quality of life if left untreated                            <\/div>\n                            <div class=\"uzmanlik-button-wrapper\">\n                                                                    <a href=\"https:\/\/www.alperkaya.com.tr\/en\/omurilik-kanal-darligi\/\" class=\"uzmanlik-button\">\n                                        More                                    <\/a>\n                                                            <\/div>\n                        <\/div>\n                    <\/div>\n                                    <div class=\"uzmanlik-card\">\n                        <div class=\"uzmanlik-image\">\n                                                            <img decoding=\"async\" src=\"https:\/\/www.alperkaya.com.tr\/wp-content\/uploads\/9.jpg\" alt=\"Beyincik Sarkmas\u0131\">\n                                                    <\/div>\n                        <div class=\"uzmanlik-content\">\n                            <h3>Cerebellar Tonsillar Herniation<\/h3>\n                            <div class=\"uzmanlik-description\">\n                                Arnold\u2013Chiari malformation is characterised by the downward displacement of the lower parts of the cerebellum (tonsils) from the base of the skull\ninto the spinal canal. It can be congenital or acquired.                            <\/div>\n                            <div class=\"uzmanlik-button-wrapper\">\n                                                                    <a href=\"https:\/\/www.alperkaya.com.tr\/en\/beyincik-sarkmasi\/\" class=\"uzmanlik-button\">\n                                        More                                    <\/a>\n                                                            <\/div>\n                        <\/div>\n                    <\/div>\n                                    <div class=\"uzmanlik-card\">\n                        <div class=\"uzmanlik-image\">\n                                                            <img decoding=\"async\" src=\"https:\/\/www.alperkaya.com.tr\/wp-content\/uploads\/mobil_header.jpg\" alt=\"Hidrosefali \">\n                                                    <\/div>\n                        <div class=\"uzmanlik-content\">\n                            <h3>Hydrocephalus <\/h3>\n                            <div class=\"uzmanlik-description\">\n                                a key area within the clinical practice of Prof. Dr. Alper Kaya, is a dynamic\nneurological condition characterized by the accumulation of cerebrospinal fluid (CSF) within\nthe brain ventricles due to impaired circulation,                            <\/div>\n                            <div class=\"uzmanlik-button-wrapper\">\n                                                                    <a href=\"https:\/\/www.alperkaya.com.tr\/en\/hidrosefali\/\" class=\"uzmanlik-button\">\n                                        More                                    <\/a>\n                                                            <\/div>\n                        <\/div>\n                    <\/div>\n                                    <div class=\"uzmanlik-card\">\n                        <div class=\"uzmanlik-image\">\n                                                            <img decoding=\"async\" src=\"https:\/\/www.alperkaya.com.tr\/wp-content\/uploads\/alper-kaya-01.jpg\" alt=\"Beyin Anevrizmalar\u0131 Ve Damar Yumaklar\u0131\">\n                                                    <\/div>\n                        <div class=\"uzmanlik-content\">\n                            <h3>Brain Aneurysms And Vascular Malformations<\/h3>\n                            <div class=\"uzmanlik-description\">\n                                among the areas of expertise of Prof. Dr. Alper\nKaya, constitute a group of high-risk neurovascular disorders involving abnormalities of\ncerebral blood vessels.                            <\/div>\n                            <div class=\"uzmanlik-button-wrapper\">\n                                                                    <a href=\"https:\/\/www.alperkaya.com.tr\/en\/beyin-anevrizmalari-ve-damar-yumaklari\/\" class=\"uzmanlik-button\">\n                                        More                                    <\/a>\n                                                            <\/div>\n                        <\/div>\n                    <\/div>\n                                    <div class=\"uzmanlik-card\">\n                        <div class=\"uzmanlik-image\">\n                                                            <img decoding=\"async\" src=\"https:\/\/www.alperkaya.com.tr\/wp-content\/uploads\/9.jpg\" alt=\"Karpal T\u00fcnel Sendromu\">\n                                                    <\/div>\n                        <div class=\"uzmanlik-content\">\n                            <h3>Carpal Tunnel Syndrome<\/h3>\n                            <div class=\"uzmanlik-description\">\n                                frequently encountered in the clinical practice of Prof. Dr. Alper\nKaya, is a peripheral nerve disorder caused by compression of the median nerve at the level of\nthe wrist.                            <\/div>\n                            <div class=\"uzmanlik-button-wrapper\">\n                                                                    <a href=\"https:\/\/www.alperkaya.com.tr\/en\/karpal-tunel-sendromu\/\" class=\"uzmanlik-button\">\n                                        More                                    <\/a>\n                                                            <\/div>\n                        <\/div>\n                    <\/div>\n                                    <div class=\"uzmanlik-card\">\n                        <div class=\"uzmanlik-image\">\n                                                            <img decoding=\"async\" src=\"https:\/\/www.alperkaya.com.tr\/wp-content\/uploads\/1.jpg\" alt=\"Komplike Omurga Vida Stabilizasyon Ameliyatlar\u0131\">\n                                                    <\/div>\n                        <div class=\"uzmanlik-content\">\n                            <h3>Complex Spinal Pedicle Screw Stabilization Surgeries<\/h3>\n                            <div class=\"uzmanlik-description\">\n                                one of the advanced surgical areas in the\npractice of Prof. Dr. Alper Kaya, are high-precision procedures performed in cases where the\nstructural integrity of the spine is compromised and conventional surgical methods are\ninsufficient.                            <\/div>\n                            <div class=\"uzmanlik-button-wrapper\">\n                                                                    <a href=\"https:\/\/www.alperkaya.com.tr\/en\/komplike-omurga-vida-stabilizasyon-ameliyatlari\/\" class=\"uzmanlik-button\">\n                                        More                                    <\/a>\n                                                            <\/div>\n                        <\/div>\n                    <\/div>\n                            <\/div>\n        <\/div>\n        \t\t\t\t<\/div>\n\t\t\t\t<\/div>\n\t\t\t\t\t<\/div>\n\t\t<\/div>\n\t\t\t\t\t<\/div>\n\t\t<\/section>\n\t\t\t\t<\/div>","protected":false},"excerpt":{"rendered":"<p>UZMANLIKLAR Beyin, sinir ve omurilik cerrahisine y\u00f6nelik tan\u0131 ve tedavi y\u00f6ntemleri hakk\u0131nda bilgilendirme ve sa\u011fl\u0131k hizmetleri sunulmaktad\u0131r. Genel N\u00f6ro\u015fir\u00fcrji beyin, omurilik ve periferik sinir sistemini ilgilendiren hastal\u0131klar\u0131n tan\u0131s\u0131ndan cerrahi karar&hellip;<\/p>","protected":false},"author":1,"featured_media":0,"parent":0,"menu_order":0,"comment_status":"closed","ping_status":"closed","template":"","meta":{"footnotes":""},"class_list":["post-4004","page","type-page","status-publish","hentry"],"_links":{"self":[{"href":"https:\/\/www.alperkaya.com.tr\/en\/wp-json\/wp\/v2\/pages\/4004","targetHints":{"allow":["GET"]}}],"collection":[{"href":"https:\/\/www.alperkaya.com.tr\/en\/wp-json\/wp\/v2\/pages"}],"about":[{"href":"https:\/\/www.alperkaya.com.tr\/en\/wp-json\/wp\/v2\/types\/page"}],"author":[{"embeddable":true,"href":"https:\/\/www.alperkaya.com.tr\/en\/wp-json\/wp\/v2\/users\/1"}],"replies":[{"embeddable":true,"href":"https:\/\/www.alperkaya.com.tr\/en\/wp-json\/wp\/v2\/comments?post=4004"}],"version-history":[{"count":10,"href":"https:\/\/www.alperkaya.com.tr\/en\/wp-json\/wp\/v2\/pages\/4004\/revisions"}],"predecessor-version":[{"id":18622,"href":"https:\/\/www.alperkaya.com.tr\/en\/wp-json\/wp\/v2\/pages\/4004\/revisions\/18622"}],"wp:attachment":[{"href":"https:\/\/www.alperkaya.com.tr\/en\/wp-json\/wp\/v2\/media?parent=4004"}],"curies":[{"name":"wp","href":"https:\/\/api.w.org\/{rel}","templated":true}]}}